{"id":31457,"date":"2020-09-23T15:55:15","date_gmt":"2020-09-23T18:55:15","guid":{"rendered":"https:\/\/mcaconcursos.com\/?page_id=31457"},"modified":"2020-09-23T15:56:20","modified_gmt":"2020-09-23T18:56:20","slug":"semana-da-marinha-use-o-cupom-marinha20","status":"publish","type":"page","link":"https:\/\/mcaconcursos.com\/v1\/semana-da-marinha-use-o-cupom-marinha20\/","title":{"rendered":"Semana da Marinha &#8211; Use o cupom MARINHA20"},"content":{"rendered":"<p>Todos os cursos Online do MCA concursos est\u00e3o com 20% de desconto.\u00a0 Pague \u00e0 vista e ganhe 30%, atrav\u00e9s do n\u00famero 21-97260-0817.<\/p>\n","protected":false},"excerpt":{"rendered":"<p>Todos os cursos Online do MCA concursos est\u00e3o com 20% de desconto.\u00a0 Pague \u00e0 vista e ganhe 30%, atrav\u00e9s do n\u00famero 21-97260-0817.<\/p>\n","protected":false},"author":9,"featured_media":0,"parent":0,"menu_order":0,"comment_status":"closed","ping_status":"closed","template":"","meta":{"_monsterinsights_skip_tracking":false,"_monsterinsights_sitenote_active":false,"_monsterinsights_sitenote_note":"","_monsterinsights_sitenote_category":0,"footnotes":""},"acf":[],"jetpack_sharing_enabled":true,"_links":{"self":[{"href":"https:\/\/mcaconcursos.com\/v1\/wp-json\/wp\/v2\/pages\/31457"}],"collection":[{"href":"https:\/\/mcaconcursos.com\/v1\/wp-json\/wp\/v2\/pages"}],"about":[{"href":"https:\/\/mcaconcursos.com\/v1\/wp-json\/wp\/v2\/types\/page"}],"author":[{"embeddable":true,"href":"https:\/\/mcaconcursos.com\/v1\/wp-json\/wp\/v2\/users\/9"}],"replies":[{"embeddable":true,"href":"https:\/\/mcaconcursos.com\/v1\/wp-json\/wp\/v2\/comments?post=31457"}],"version-history":[{"count":0,"href":"https:\/\/mcaconcursos.com\/v1\/wp-json\/wp\/v2\/pages\/31457\/revisions"}],"wp:attachment":[{"href":"https:\/\/mcaconcursos.com\/v1\/wp-json\/wp\/v2\/media?parent=31457"}],"curies":[{"name":"wp","href":"https:\/\/api.w.org\/{rel}","templated":true}]}}