{"id":34,"date":"2017-06-15T02:43:11","date_gmt":"2017-06-14T19:43:11","guid":{"rendered":"http:\/\/wordpresslms.wpengine.com\/demo-3\/?page_id=34"},"modified":"2025-03-17T16:50:56","modified_gmt":"2025-03-17T19:50:56","slug":"contato","status":"publish","type":"page","link":"https:\/\/mcaconcursos.com\/v1\/contato\/","title":{"rendered":"Contato"},"content":{"rendered":"<p>[vc_row el_class=&#8221;contato&#8221;][vc_column width=&#8221;1\/2&#8243;][vc_row_inner css=&#8221;.vc_custom_1541772225780{padding-top: 30px !important;padding-right: 30px !important;padding-bottom: 30px !important;padding-left: 30px !important;}&#8221;][vc_column_inner][vc_custom_heading text=&#8221;Saiba como chegar&#8221; font_container=&#8221;tag:h2|font_size:22px|text_align:left|color:%23333333|line_height:22px&#8221; use_theme_fonts=&#8221;yes&#8221;][vc_empty_space height=&#8221;15px&#8221;][vc_column_text]<iframe style=\"border: 0;\" src=\"https:\/\/www.google.com\/maps\/embed?pb=!1m18!1m12!1m3!1d866.6000442806804!2d-43.31805405245006!3d-23.004561374242627!2m3!1f0!2f0!3f0!3m2!1i1024!2i768!4f13.1!3m3!1m2!1s0x997f5fbe02a1e5%3A0x16fc90c85bfc9c47!2sMCA%20Concursos!5e0!3m2!1spt-BR!2sbr!4v1742240965444!5m2!1spt-BR!2sbr\" width=\"96%\" height=\"450\" frameborder=\"0\" allowfullscreen=\"allowfullscreen\"><\/iframe>[\/vc_column_text][\/vc_column_inner][\/vc_row_inner][\/vc_column][vc_column width=&#8221;1\/2&#8243;][vc_row_inner css=&#8221;.vc_custom_1541772218101{padding-top: 30px !important;padding-right: 30px !important;padding-bottom: 30px !important;padding-left: 30px !important;}&#8221;][vc_column_inner][vc_custom_heading text=&#8221;Envie-nos uma mensagem&#8221; font_container=&#8221;tag:h2|font_size:22px|text_align:left|color:%23333333|line_height:22px&#8221; use_theme_fonts=&#8221;yes&#8221;][vc_empty_space height=&#8221;15px&#8221;][vc_column_text]\n<div class=\"wpcf7 no-js\" id=\"wpcf7-f5528-o1\" lang=\"pt-BR\" dir=\"ltr\">\n<div class=\"screen-reader-response\"><p role=\"status\" aria-live=\"polite\" aria-atomic=\"true\"><\/p> <ul><\/ul><\/div>\n<form action=\"\/v1\/wp-json\/wp\/v2\/pages\/34#wpcf7-f5528-o1\" method=\"post\" class=\"wpcf7-form init\" aria-label=\"Formul\u00e1rios de contato\" novalidate=\"novalidate\" data-status=\"init\">\n<div style=\"display: none;\">\n<input type=\"hidden\" name=\"_wpcf7\" value=\"5528\" \/>\n<input type=\"hidden\" name=\"_wpcf7_version\" value=\"5.9.8\" \/>\n<input type=\"hidden\" name=\"_wpcf7_locale\" value=\"pt_BR\" \/>\n<input type=\"hidden\" name=\"_wpcf7_unit_tag\" value=\"wpcf7-f5528-o1\" \/>\n<input type=\"hidden\" name=\"_wpcf7_container_post\" value=\"0\" \/>\n<input type=\"hidden\" name=\"_wpcf7_posted_data_hash\" value=\"\" \/>\n<\/div>\n<div class=\"form\">\n\t<div class=\"row\">\n\t\t<div class=\"col-lg-12 col-md-12 col-sm-12 col-xs-12\">\n\t\t\t<p><label> <span class=\"wpcf7-form-control-wrap\" data-name=\"your-name\"><input size=\"40\" maxlength=\"400\" class=\"wpcf7-form-control wpcf7-text wpcf7-validates-as-required\" aria-required=\"true\" aria-invalid=\"false\" placeholder=\"Nome\" value=\"\" type=\"text\" name=\"your-name\" \/><\/span> <\/label>\n\t\t\t<\/p>\n\t\t<\/div>\n\t<\/div>\n\t<div class=\"row\">\n\t\t<div class=\"col-lg-6 col-md-6 col-sm-6 col-xs-12\">\n\t\t\t<p><label> <span class=\"wpcf7-form-control-wrap\" data-name=\"your-email\"><input size=\"40\" maxlength=\"400\" class=\"wpcf7-form-control wpcf7-email wpcf7-validates-as-required wpcf7-text wpcf7-validates-as-email\" aria-required=\"true\" aria-invalid=\"false\" placeholder=\"Email\" value=\"\" type=\"email\" name=\"your-email\" \/><\/span> <\/label>\n\t\t\t<\/p>\n\t\t<\/div>\n\t\t<div class=\"col-lg-6 col-md-6 col-sm-6 col-xs-12\">\n\t\t\t<p><label> <span class=\"wpcf7-form-control-wrap\" data-name=\"tel-210\"><input size=\"40\" maxlength=\"400\" class=\"wpcf7-form-control wpcf7-tel wpcf7-text wpcf7-validates-as-tel\" aria-invalid=\"false\" placeholder=\"Telefone\" value=\"\" type=\"tel\" name=\"tel-210\" \/><\/span> <\/label>\n\t\t\t<\/p>\n\t\t<\/div>\n\t<\/div>\n\t<div class=\"row\">\n\t\t<div class=\"col-lg-12 col-md-12 col-sm-12 col-xs-12\">\n\t\t\t<p><label> <span class=\"wpcf7-form-control-wrap\" data-name=\"your-subject\"><input size=\"40\" maxlength=\"400\" class=\"wpcf7-form-control wpcf7-text\" aria-invalid=\"false\" placeholder=\"Assunto\" value=\"\" type=\"text\" name=\"your-subject\" \/><\/span> <\/label>\n\t\t\t<\/p>\n\t\t<\/div>\n\t<\/div>\n\t<div class=\"row\">\n\t\t<div class=\"col-lg-12 col-md-12 col-sm-12 col-xs-12\">\n\t\t\t<p><label> <span class=\"wpcf7-form-control-wrap\" data-name=\"your-message\"><textarea cols=\"40\" rows=\"10\" maxlength=\"2000\" class=\"wpcf7-form-control wpcf7-textarea\" aria-invalid=\"false\" placeholder=\"Mensagem\" name=\"your-message\"><\/textarea><\/span> <\/label>\n\t\t\t<\/p>\n\t\t<\/div>\n\t<\/div>\n\t<div class=\"row\">\n\t\t<div class=\"col-lg-6 col-md-6 col-sm-6 col-xs-6\">\n\t\t\t<div id=\"cf7sr-69d5031621de2\" class=\"cf7sr-g-recaptcha\" data-theme=\"light\" data-type=\"image\" data-size=\"normal\" data-sitekey=\"6LeP8bwUAAAAANLbsebikIwylHOgaDRw0BXuJ8-x\"><\/div><span class=\"wpcf7-form-control-wrap cf7sr-recaptcha\" data-name=\"cf7sr-recaptcha\"><input type=\"hidden\" name=\"cf7sr-recaptcha\" value=\"\" class=\"wpcf7-form-control\"><\/span>\n\t\t\t<\/p>\n\t\t<\/div>\n\t\t<div class=\"col-lg-6 col-md-6 col-sm-6 col-xs-6 text-right\">\n\t\t\t<p><input class=\"wpcf7-form-control wpcf7-submit has-spinner\" type=\"submit\" value=\"Enviar\" \/>\n\t\t\t<\/p>\n\t\t<\/div>\n\t<\/div>\n<\/div><input type='hidden' class='wpcf7-pum' value='{\"closepopup\":false,\"closedelay\":0,\"openpopup\":false,\"openpopup_id\":0}' \/><div class=\"wpcf7-response-output\" aria-hidden=\"true\"><\/div>\n<\/form>\n<\/div>\n[\/vc_column_text][\/vc_column_inner][\/vc_row_inner][\/vc_column][\/vc_row][vc_row el_class=&#8221;informacoes&#8221;][vc_column][vc_row_inner][vc_column_inner width=&#8221;1\/3&#8243;][vc_column_text]<\/p>\n<div class=\"row\">\n<div class=\"col-lg-3 col-md-3 col-sm-3 col-xs-3\"><img decoding=\"async\" src=\"https:\/\/mcaconcursos.com\/v1\/wp-content\/uploads\/2018\/05\/icon-localizacao.png\" width=\"45\" \/><\/div>\n<div class=\"col-lg-8 col-md-8 col-sm-8 col-xs-8\">\n<h3>Endere\u00e7o<\/h3>\n<p>Rua dos Andradas, 96 &#8211; 3\u00ba andar &#8211; Centro, Rio de Janeiro &#8211; RJ, 20051-002<\/p>\n<\/div>\n<\/div>\n<p>[\/vc_column_text][\/vc_column_inner][vc_column_inner width=&#8221;1\/3&#8243;][vc_column_text]<\/p>\n<div class=\"row\">\n<div class=\"col-lg-3 col-md-3 col-sm-3 col-xs-3\"><img decoding=\"async\" src=\"https:\/\/mcaconcursos.com\/v1\/wp-content\/uploads\/2018\/05\/icon-telefone.png\" width=\"45\" \/><\/div>\n<div class=\"col-lg-8 col-md-8 col-sm-8 col-xs-8\">\n<h3>Telefones do curso<\/h3>\n<p><a href=\"tel:2143205422\">(21) 3420-4522 <\/a>\/ <a href=\"https:\/\/api.whatsapp.com\/send?phone=21999294522\">(21) 99929-4522<\/a>\u00a0 \u00a0<a href=\"https:\/\/api.whatsapp.com\/send?phone=5521972600817&amp;text=Ol\u00e1!%20Este%20\u00e9%20o%20meu%20primeiro%20contato,%20atrav\u00e9s%20do%20site.\">Chame no Whatsapp<\/a><\/p>\n<p>&nbsp;<\/p>\n<\/div>\n<\/div>\n<div class=\"row\">\n<div class=\"col-lg-3 col-md-3 col-sm-3 col-xs-3\"><img decoding=\"async\" src=\"https:\/\/mcaconcursos.com\/v1\/wp-content\/uploads\/2018\/05\/icon-telefone.png\" width=\"45\" \/><\/div>\n<div class=\"col-lg-8 col-md-8 col-sm-8 col-xs-8\">\n<h3>Telefone do Marco Aur\u00e9lio (MCA)<\/h3>\n<p><a href=\"tel:21964164522\">(21) 99992-4522 <\/a><\/p>\n<\/div>\n<\/div>\n<p>[\/vc_column_text][\/vc_column_inner][vc_column_inner width=&#8221;1\/3&#8243;][vc_column_text]<\/p>\n<div class=\"row\">\n<div class=\"col-lg-3 col-md-3 col-sm-3 col-xs-3\">\n<p><img decoding=\"async\" style=\"font-size: 1rem;\" src=\"https:\/\/mcaconcursos.com\/v1\/wp-content\/uploads\/2018\/05\/icon-telefone.png\" width=\"45\" \/><\/p>\n<\/div>\n<div class=\"col-lg-8 col-md-8 col-sm-8 col-xs-8\">\n<h3>Vendas<\/h3>\n<p><a href=\"https:\/\/api.whatsapp.com\/send?phone=5521971099405\">(21) 97109-9405<\/a><br \/>\n<a href=\"https:\/\/api.whatsapp.com\/send?phone=5521997541947\">(21) 99754-1947<\/a><\/p>\n<\/div>\n<\/div>\n<p>[\/vc_column_text][vc_column_text]<\/p>\n<div class=\"row\">\n<div class=\"col-lg-3 col-md-3 col-sm-3 col-xs-3\"><img decoding=\"async\" src=\"https:\/\/mcaconcursos.com\/v1\/wp-content\/uploads\/2018\/05\/icon-mensagem.png\" width=\"45\" \/><\/div>\n<div class=\"col-lg-8 col-md-8 col-sm-8 col-xs-8\">\n<h3>Email<\/h3>\n<p><a href=\"mca@mcaconcursos.com\">mca@mcaconcursos.com<\/a><\/p>\n<\/div>\n<\/div>\n<p>[\/vc_column_text][\/vc_column_inner][\/vc_row_inner][\/vc_column][\/vc_row]<\/p>\n","protected":false},"excerpt":{"rendered":"<p>[vc_row el_class=&#8221;contato&#8221;][vc_column width=&#8221;1\/2&#8243;][vc_row_inner css=&#8221;.vc_custom_1541772225780{padding-top: 30px !important;padding-right: 30px !important;padding-bottom: 30px !important;padding-left: 30px !important;}&#8221;][vc_column_inner][vc_custom_heading text=&#8221;Saiba como chegar&#8221; font_container=&#8221;tag:h2|font_size:22px|text_align:left|color:%23333333|line_height:22px&#8221; use_theme_fonts=&#8221;yes&#8221;][vc_empty_space height=&#8221;15px&#8221;][vc_column_text][\/vc_column_text][\/vc_column_inner][\/vc_row_inner][\/vc_column][vc_column width=&#8221;1\/2&#8243;][vc_row_inner css=&#8221;.vc_custom_1541772218101{padding-top: 30px !important;padding-right: 30px !important;padding-bottom: 30px !important;padding-left: 30px !important;}&#8221;][vc_column_inner][vc_custom_heading text=&#8221;Envie-nos uma&#8230;<\/p>\n","protected":false},"author":3927,"featured_media":0,"parent":0,"menu_order":0,"comment_status":"closed","ping_status":"closed","template":"","meta":{"_monsterinsights_skip_tracking":false,"_monsterinsights_sitenote_active":false,"_monsterinsights_sitenote_note":"","_monsterinsights_sitenote_category":0,"footnotes":""},"acf":[],"jetpack_sharing_enabled":true,"_links":{"self":[{"href":"https:\/\/mcaconcursos.com\/v1\/wp-json\/wp\/v2\/pages\/34"}],"collection":[{"href":"https:\/\/mcaconcursos.com\/v1\/wp-json\/wp\/v2\/pages"}],"about":[{"href":"https:\/\/mcaconcursos.com\/v1\/wp-json\/wp\/v2\/types\/page"}],"author":[{"embeddable":true,"href":"https:\/\/mcaconcursos.com\/v1\/wp-json\/wp\/v2\/users\/3927"}],"replies":[{"embeddable":true,"href":"https:\/\/mcaconcursos.com\/v1\/wp-json\/wp\/v2\/comments?post=34"}],"version-history":[{"count":1,"href":"https:\/\/mcaconcursos.com\/v1\/wp-json\/wp\/v2\/pages\/34\/revisions"}],"predecessor-version":[{"id":88750,"href":"https:\/\/mcaconcursos.com\/v1\/wp-json\/wp\/v2\/pages\/34\/revisions\/88750"}],"wp:attachment":[{"href":"https:\/\/mcaconcursos.com\/v1\/wp-json\/wp\/v2\/media?parent=34"}],"curies":[{"name":"wp","href":"https:\/\/api.w.org\/{rel}","templated":true}]}}