{"id":35353,"date":"2018-05-08T13:55:00","date_gmt":"2018-05-08T13:55:00","guid":{"rendered":"http:\/\/reptro.xoothemes.com\/?page_id=5723"},"modified":"2022-11-05T12:21:39","modified_gmt":"2022-11-05T15:21:39","slug":"faq","status":"publish","type":"page","link":"https:\/\/mcaconcursos.com\/v1\/faq\/","title":{"rendered":"FAQ"},"content":{"rendered":"\t\t<div data-elementor-type=\"wp-post\" data-elementor-id=\"35353\" class=\"elementor elementor-35353\" data-elementor-post-type=\"page\">\n\t\t\t\t\t\t<section class=\"elementor-section elementor-top-section elementor-element elementor-element-63db265d elementor-section-content-middle elementor-section-boxed elementor-section-height-default elementor-section-height-default reptro-section-padding-large reptro_section_top_bottom_padding_no\" data-id=\"63db265d\" data-element_type=\"section\">\n\t\t\t\t\t\t<div class=\"elementor-container elementor-column-gap-extended\">\n\t\t\t\t\t<div class=\"elementor-column elementor-col-100 elementor-top-column elementor-element elementor-element-8466524\" data-id=\"8466524\" data-element_type=\"column\">\n\t\t\t<div class=\"elementor-widget-wrap elementor-element-populated\">\n\t\t\t\t\t\t<div class=\"elementor-element elementor-element-63a83fa9 elementor-widget elementor-widget-reptro_section_title\" data-id=\"63a83fa9\" data-element_type=\"widget\" data-widget_type=\"reptro_section_title.default\">\n\t\t\t\t<div class=\"elementor-widget-container\">\n\t\t\t<h2 class=\"reptro-section-title text-center margin-bottom-xsmall section-title-type-default margin-top-none section-title-font-size-default section-title-color-default\"><span>FAQ<\/span><\/h2>\t\t<\/div>\n\t\t\t\t<\/div>\n\t\t\t\t<div class=\"elementor-element elementor-element-14067848 elementor-widget elementor-widget-reptro_section_sub_title\" data-id=\"14067848\" data-element_type=\"widget\" data-widget_type=\"reptro_section_sub_title.default\">\n\t\t\t\t<div class=\"elementor-widget-container\">\n\t\t\t<p class=\"section-title-small text-center margin-bottom-medium margin-top-none section-title-small-font-default section-title-small-border-yes section-title-small-color-default\"><span>Perguntas frequentes MCA<\/span><\/p>\t\t<\/div>\n\t\t\t\t<\/div>\n\t\t\t\t<section class=\"elementor-section elementor-inner-section elementor-element elementor-element-47c76757 elementor-section-content-middle elementor-section-boxed elementor-section-height-default elementor-section-height-default reptro-section-padding-large\" data-id=\"47c76757\" data-element_type=\"section\">\n\t\t\t\t\t\t<div class=\"elementor-container elementor-column-gap-no\">\n\t\t\t\t\t<div class=\"elementor-column elementor-col-50 elementor-inner-column elementor-element elementor-element-77858fdf\" data-id=\"77858fdf\" data-element_type=\"column\">\n\t\t\t<div class=\"elementor-widget-wrap elementor-element-populated\">\n\t\t\t\t\t\t<div class=\"elementor-element elementor-element-8934bb4 elementor-widget elementor-widget-reptro_section_title\" data-id=\"8934bb4\" data-element_type=\"widget\" data-widget_type=\"reptro_section_title.default\">\n\t\t\t\t<div class=\"elementor-widget-container\">\n\t\t\t<h4 class=\"reptro-section-title text-default margin-bottom-small section-title-type-border margin-top-small section-title-font-size-default section-title-color-default\"><span>Aonde fa\u00e7o minha inscri\u00e7\u00e3o?<\/span><\/h4>\t\t<\/div>\n\t\t\t\t<\/div>\n\t\t\t\t<div class=\"elementor-element elementor-element-1d9d295d elementor-widget elementor-widget-text-editor\" data-id=\"1d9d295d\" data-element_type=\"widget\" data-widget_type=\"text-editor.default\">\n\t\t\t\t<div class=\"elementor-widget-container\">\n\t\t\t\t\t\t\t<p><span style=\"font-weight: 400;\">Ap\u00f3s o edital ser publicado, dever\u00e1 acessar a p\u00e1gina da for\u00e7a que deseja se inscrever e buscar por inscri\u00e7\u00f5es, ou pode acessar o nosso site e dentro do curso ter\u00e1 uma aba escrito no edital.<\/span><\/p>\t\t\t\t\t\t<\/div>\n\t\t\t\t<\/div>\n\t\t\t\t\t<\/div>\n\t\t<\/div>\n\t\t\t\t<div class=\"elementor-column elementor-col-50 elementor-inner-column elementor-element elementor-element-3648bc1\" data-id=\"3648bc1\" data-element_type=\"column\">\n\t\t\t<div class=\"elementor-widget-wrap elementor-element-populated\">\n\t\t\t\t\t\t<div class=\"elementor-element elementor-element-606e27b elementor-widget elementor-widget-reptro_section_title\" data-id=\"606e27b\" data-element_type=\"widget\" data-widget_type=\"reptro_section_title.default\">\n\t\t\t\t<div class=\"elementor-widget-container\">\n\t\t\t<h4 class=\"reptro-section-title text-default margin-bottom-small section-title-type-border margin-top-small section-title-font-size-default section-title-color-default\"><span>J\u00e1 saiu o edital?<\/span><\/h4>\t\t<\/div>\n\t\t\t\t<\/div>\n\t\t\t\t<div class=\"elementor-element elementor-element-202d9484 elementor-widget elementor-widget-text-editor\" data-id=\"202d9484\" data-element_type=\"widget\" data-widget_type=\"text-editor.default\">\n\t\t\t\t<div class=\"elementor-widget-container\">\n\t\t\t\t\t\t\t<p><span style=\"font-weight: 400;\">Varia da acordo com a data da pergunta.<\/span><\/p><p><span style=\"font-weight: 400;\">Tempor\u00e1rio Marinha, normalmente \u00e9 publicado entre outubro e novembro<\/span><\/p><p><span style=\"font-weight: 400;\">Marinha Carreira &#8211; agosto\/setembro<\/span><\/p><p><span style=\"font-weight: 400;\">Ex\u00e9rcito -julho\/agosto <\/span><span style=\"font-weight: 400;\"><br \/><\/span><span style=\"font-weight: 400;\">Aeron\u00e1utica -Mar\u00e7o<\/span><\/p>\t\t\t\t\t\t<\/div>\n\t\t\t\t<\/div>\n\t\t\t\t\t<\/div>\n\t\t<\/div>\n\t\t\t\t\t<\/div>\n\t\t<\/section>\n\t\t\t\t<section class=\"elementor-section elementor-inner-section elementor-element elementor-element-31af25ba elementor-section-content-middle elementor-section-boxed elementor-section-height-default elementor-section-height-default reptro-section-padding-large\" data-id=\"31af25ba\" data-element_type=\"section\">\n\t\t\t\t\t\t<div class=\"elementor-container elementor-column-gap-no\">\n\t\t\t\t\t<div class=\"elementor-column elementor-col-50 elementor-inner-column elementor-element elementor-element-531e567a\" data-id=\"531e567a\" data-element_type=\"column\">\n\t\t\t<div class=\"elementor-widget-wrap elementor-element-populated\">\n\t\t\t\t\t\t<div class=\"elementor-element elementor-element-67888b2 elementor-widget elementor-widget-reptro_section_title\" data-id=\"67888b2\" data-element_type=\"widget\" data-widget_type=\"reptro_section_title.default\">\n\t\t\t\t<div class=\"elementor-widget-container\">\n\t\t\t<h4 class=\"reptro-section-title text-default margin-bottom-small section-title-type-border margin-top-small section-title-font-size-default section-title-color-default\"><span>O que cai na prova?<\/span><\/h4>\t\t<\/div>\n\t\t\t\t<\/div>\n\t\t\t\t<div class=\"elementor-element elementor-element-7be54bb9 elementor-widget elementor-widget-text-editor\" data-id=\"7be54bb9\" data-element_type=\"widget\" data-widget_type=\"text-editor.default\">\n\t\t\t\t<div class=\"elementor-widget-container\">\n\t\t\t\t\t\t\t<p><span style=\"font-weight: 400;\">Marinha:<\/span><span style=\"font-weight: 400;\"><br \/><\/span><span style=\"font-weight: 400;\">A prova \u00e9 composta por 25 quest\u00f5es de cl\u00ednico geral, 25 de especialidade e reda\u00e7\u00e3o.\u00a0<\/span><\/p><p><span style=\"font-weight: 400;\">Ex\u00e9rcito:<br \/><\/span><span style=\"font-weight: 400;\">40 quest\u00f5es da especialidade, 20 cl\u00ednico geral<\/span><\/p><p><span style=\"font-weight: 400;\">Aeron\u00e1utica:<\/span><span style=\"font-weight: 400;\"><br \/><\/span><span style=\"font-weight: 400;\">Portugu\u00eas, reda\u00e7\u00e3o e especialidade.<\/span><\/p>\t\t\t\t\t\t<\/div>\n\t\t\t\t<\/div>\n\t\t\t\t\t<\/div>\n\t\t<\/div>\n\t\t\t\t<div class=\"elementor-column elementor-col-50 elementor-inner-column elementor-element elementor-element-3cc2b296\" data-id=\"3cc2b296\" data-element_type=\"column\">\n\t\t\t<div class=\"elementor-widget-wrap elementor-element-populated\">\n\t\t\t\t\t\t<div class=\"elementor-element elementor-element-f3f38d3 elementor-widget elementor-widget-reptro_section_title\" data-id=\"f3f38d3\" data-element_type=\"widget\" data-widget_type=\"reptro_section_title.default\">\n\t\t\t\t<div class=\"elementor-widget-container\">\n\t\t\t<h4 class=\"reptro-section-title text-default margin-bottom-small section-title-type-border margin-top-small section-title-font-size-default section-title-color-default\"><span>Por quanto tempo terei acesso?<\/span><\/h4>\t\t<\/div>\n\t\t\t\t<\/div>\n\t\t\t\t<div class=\"elementor-element elementor-element-1bc97abd elementor-widget elementor-widget-text-editor\" data-id=\"1bc97abd\" data-element_type=\"widget\" data-widget_type=\"text-editor.default\">\n\t\t\t\t<div class=\"elementor-widget-container\">\n\t\t\t\t\t\t\t<p><span style=\"font-weight: 400;\">Cursos com mais de 30 horas, ter\u00e1 acesso por 1 ano.<\/span><\/p>\t\t\t\t\t\t<\/div>\n\t\t\t\t<\/div>\n\t\t\t\t\t<\/div>\n\t\t<\/div>\n\t\t\t\t\t<\/div>\n\t\t<\/section>\n\t\t\t\t<section class=\"elementor-section elementor-inner-section elementor-element elementor-element-54d9f386 elementor-section-content-middle elementor-section-boxed elementor-section-height-default elementor-section-height-default reptro-section-padding-large\" data-id=\"54d9f386\" data-element_type=\"section\">\n\t\t\t\t\t\t<div class=\"elementor-container elementor-column-gap-no\">\n\t\t\t\t\t<div class=\"elementor-column elementor-col-50 elementor-inner-column elementor-element elementor-element-9425a1b\" data-id=\"9425a1b\" data-element_type=\"column\">\n\t\t\t<div class=\"elementor-widget-wrap elementor-element-populated\">\n\t\t\t\t\t\t<div class=\"elementor-element elementor-element-37b75aa elementor-widget elementor-widget-reptro_section_title\" data-id=\"37b75aa\" data-element_type=\"widget\" data-widget_type=\"reptro_section_title.default\">\n\t\t\t\t<div class=\"elementor-widget-container\">\n\t\t\t<h4 class=\"reptro-section-title text-default margin-bottom-small section-title-type-border margin-top-small section-title-font-size-default section-title-color-default\"><span>Fazendo esse curso posso fazer para todas as for\u00e7as?<\/span><\/h4>\t\t<\/div>\n\t\t\t\t<\/div>\n\t\t\t\t<div class=\"elementor-element elementor-element-4d0ea181 elementor-widget elementor-widget-text-editor\" data-id=\"4d0ea181\" data-element_type=\"widget\" data-widget_type=\"text-editor.default\">\n\t\t\t\t<div class=\"elementor-widget-container\">\n\t\t\t\t\t\t\t<p><span style=\"font-weight: 400;\">N\u00e3o, cada for\u00e7a tem um edital diferente, algumas quest\u00f5es podem sim ser aproveitadas, mas o ideal \u00e9 se preparar de acordo com o que \u00e9 pedido em cada edital.<\/span><\/p>\t\t\t\t\t\t<\/div>\n\t\t\t\t<\/div>\n\t\t\t\t\t<\/div>\n\t\t<\/div>\n\t\t\t\t<div class=\"elementor-column elementor-col-50 elementor-inner-column elementor-element elementor-element-761f433a\" data-id=\"761f433a\" data-element_type=\"column\">\n\t\t\t<div class=\"elementor-widget-wrap elementor-element-populated\">\n\t\t\t\t\t\t<div class=\"elementor-element elementor-element-93ae6cb elementor-widget elementor-widget-reptro_section_title\" data-id=\"93ae6cb\" data-element_type=\"widget\" data-widget_type=\"reptro_section_title.default\">\n\t\t\t\t<div class=\"elementor-widget-container\">\n\t\t\t<h4 class=\"reptro-section-title text-default margin-bottom-small section-title-type-border margin-top-small section-title-font-size-default section-title-color-default\"><span>A aula \u00e9 ao vivo ou gravada?<\/span><\/h4>\t\t<\/div>\n\t\t\t\t<\/div>\n\t\t\t\t<div class=\"elementor-element elementor-element-52ab1533 elementor-widget elementor-widget-text-editor\" data-id=\"52ab1533\" data-element_type=\"widget\" data-widget_type=\"text-editor.default\">\n\t\t\t\t<div class=\"elementor-widget-container\">\n\t\t\t\t\t\t\t<p><span style=\"font-weight: 400;\">As aulas s\u00e3o gravadas e disponibilizadas na plataforma.<\/span><\/p>\t\t\t\t\t\t<\/div>\n\t\t\t\t<\/div>\n\t\t\t\t\t<\/div>\n\t\t<\/div>\n\t\t\t\t\t<\/div>\n\t\t<\/section>\n\t\t\t\t<section class=\"elementor-section elementor-inner-section elementor-element elementor-element-20d270d elementor-section-content-middle elementor-section-boxed elementor-section-height-default elementor-section-height-default reptro-section-padding-large\" data-id=\"20d270d\" data-element_type=\"section\">\n\t\t\t\t\t\t<div class=\"elementor-container elementor-column-gap-no\">\n\t\t\t\t\t<div class=\"elementor-column elementor-col-50 elementor-inner-column elementor-element elementor-element-69835ee\" data-id=\"69835ee\" data-element_type=\"column\">\n\t\t\t<div class=\"elementor-widget-wrap elementor-element-populated\">\n\t\t\t\t\t\t<div class=\"elementor-element elementor-element-118ebcb elementor-widget elementor-widget-reptro_section_title\" data-id=\"118ebcb\" data-element_type=\"widget\" data-widget_type=\"reptro_section_title.default\">\n\t\t\t\t<div class=\"elementor-widget-container\">\n\t\t\t<h4 class=\"reptro-section-title text-default margin-bottom-small section-title-type-border margin-top-small section-title-font-size-default section-title-color-default\"><span>Quando sair o edital, v\u00e3o atualizar as aulas?<\/span><\/h4>\t\t<\/div>\n\t\t\t\t<\/div>\n\t\t\t\t<div class=\"elementor-element elementor-element-2c098ca elementor-widget elementor-widget-text-editor\" data-id=\"2c098ca\" data-element_type=\"widget\" data-widget_type=\"text-editor.default\">\n\t\t\t\t<div class=\"elementor-widget-container\">\n\t\t\t\t\t\t\t<p><span style=\"font-weight: 400;\">Se o curso estiver em andamento ainda sim, atualizaremos caso necess\u00e1rio de acordo com o edital.<\/span><span style=\"font-weight: 400;\"><br \/><\/span><span style=\"font-weight: 400;\">Para cursos que j\u00e1 est\u00e3o gravados, n\u00e3o atualizaremos.<\/span><\/p>\t\t\t\t\t\t<\/div>\n\t\t\t\t<\/div>\n\t\t\t\t\t<\/div>\n\t\t<\/div>\n\t\t\t\t<div class=\"elementor-column elementor-col-50 elementor-inner-column elementor-element elementor-element-dcbc0fc\" data-id=\"dcbc0fc\" data-element_type=\"column\">\n\t\t\t<div class=\"elementor-widget-wrap elementor-element-populated\">\n\t\t\t\t\t\t\t<\/div>\n\t\t<\/div>\n\t\t\t\t\t<\/div>\n\t\t<\/section>\n\t\t\t\t\t<\/div>\n\t\t<\/div>\n\t\t\t\t\t<\/div>\n\t\t<\/section>\n\t\t\t\t<\/div>\n\t\t","protected":false},"excerpt":{"rendered":"<p>FAQ Perguntas frequentes MCA Aonde fa\u00e7o minha inscri\u00e7\u00e3o? Ap\u00f3s o edital ser publicado, dever\u00e1 acessar a p\u00e1gina da for\u00e7a que deseja se inscrever e buscar por inscri\u00e7\u00f5es, ou pode acessar&#8230;<\/p>\n","protected":false},"author":3225,"featured_media":0,"parent":0,"menu_order":0,"comment_status":"closed","ping_status":"closed","template":"","meta":{"_monsterinsights_skip_tracking":false,"_monsterinsights_sitenote_active":false,"_monsterinsights_sitenote_note":"","_monsterinsights_sitenote_category":0,"footnotes":""},"acf":[],"jetpack_sharing_enabled":true,"_links":{"self":[{"href":"https:\/\/mcaconcursos.com\/v1\/wp-json\/wp\/v2\/pages\/35353"}],"collection":[{"href":"https:\/\/mcaconcursos.com\/v1\/wp-json\/wp\/v2\/pages"}],"about":[{"href":"https:\/\/mcaconcursos.com\/v1\/wp-json\/wp\/v2\/types\/page"}],"author":[{"embeddable":true,"href":"https:\/\/mcaconcursos.com\/v1\/wp-json\/wp\/v2\/users\/3225"}],"replies":[{"embeddable":true,"href":"https:\/\/mcaconcursos.com\/v1\/wp-json\/wp\/v2\/comments?post=35353"}],"version-history":[{"count":0,"href":"https:\/\/mcaconcursos.com\/v1\/wp-json\/wp\/v2\/pages\/35353\/revisions"}],"wp:attachment":[{"href":"https:\/\/mcaconcursos.com\/v1\/wp-json\/wp\/v2\/media?parent=35353"}],"curies":[{"name":"wp","href":"https:\/\/api.w.org\/{rel}","templated":true}]}}