{"id":4119,"date":"2018-02-09T13:51:17","date_gmt":"2018-02-09T15:51:17","guid":{"rendered":"http:\/\/novo.mcaconcursos.com\/?page_id=4119"},"modified":"2020-01-02T14:31:32","modified_gmt":"2020-01-02T16:31:32","slug":"concursos","status":"publish","type":"page","link":"https:\/\/mcaconcursos.com\/v1\/concursos\/","title":{"rendered":"Concursos"},"content":{"rendered":"<p>[vc_row][vc_column][thim-heading primary_heading=&#8221;Concursos em destaque&#8221; secondary_heading=&#8221;Separamos aqui os principais concursos para voc\u00eas escolher o seu objetivo. V\u00e1 em frente e ven\u00e7a!&#8221; heading_style=&#8221;layout-2&#8243;][vc_empty_space height=&#8221;30px&#8221;][\/vc_column][\/vc_row]<\/p>\n","protected":false},"excerpt":{"rendered":"<p>[vc_row][vc_column][thim-heading primary_heading=&#8221;Concursos em destaque&#8221; secondary_heading=&#8221;Separamos aqui os principais concursos para voc\u00eas escolher o seu objetivo. V\u00e1 em frente e ven\u00e7a!&#8221; heading_style=&#8221;layout-2&#8243;][vc_empty_space height=&#8221;30px&#8221;][\/vc_column][\/vc_row]<\/p>\n","protected":false},"author":1,"featured_media":14934,"parent":0,"menu_order":0,"comment_status":"closed","ping_status":"closed","template":"","meta":{"_monsterinsights_skip_tracking":false,"_monsterinsights_sitenote_active":false,"_monsterinsights_sitenote_note":"","_monsterinsights_sitenote_category":0,"footnotes":""},"acf":[],"jetpack_sharing_enabled":true,"_links":{"self":[{"href":"https:\/\/mcaconcursos.com\/v1\/wp-json\/wp\/v2\/pages\/4119"}],"collection":[{"href":"https:\/\/mcaconcursos.com\/v1\/wp-json\/wp\/v2\/pages"}],"about":[{"href":"https:\/\/mcaconcursos.com\/v1\/wp-json\/wp\/v2\/types\/page"}],"author":[{"embeddable":true,"href":"https:\/\/mcaconcursos.com\/v1\/wp-json\/wp\/v2\/users\/1"}],"replies":[{"embeddable":true,"href":"https:\/\/mcaconcursos.com\/v1\/wp-json\/wp\/v2\/comments?post=4119"}],"version-history":[{"count":0,"href":"https:\/\/mcaconcursos.com\/v1\/wp-json\/wp\/v2\/pages\/4119\/revisions"}],"wp:featuredmedia":[{"embeddable":true,"href":"https:\/\/mcaconcursos.com\/v1\/wp-json\/wp\/v2\/media\/14934"}],"wp:attachment":[{"href":"https:\/\/mcaconcursos.com\/v1\/wp-json\/wp\/v2\/media?parent=4119"}],"curies":[{"name":"wp","href":"https:\/\/api.w.org\/{rel}","templated":true}]}}