{"id":4203,"date":"2018-02-20T12:33:19","date_gmt":"2018-02-20T15:33:19","guid":{"rendered":"http:\/\/novo.mcaconcursos.com\/?page_id=4203"},"modified":"2023-11-22T17:05:34","modified_gmt":"2023-11-22T20:05:34","slug":"galeria-dos-campeoes-2","status":"publish","type":"page","link":"https:\/\/mcaconcursos.com\/v1\/galeria-dos-campeoes-2\/","title":{"rendered":"Galeria dos campe\u00f5es"},"content":{"rendered":"<p>[vc_row el_class=&#8221;destaques&#8221;][vc_column][vc_row_inner][vc_column_inner][vc_custom_heading text=&#8221;Destaques&#8221; font_container=&#8221;tag:h3|text_align:center&#8221; google_fonts=&#8221;font_family:Roboto%3A100%2C100italic%2C300%2C300italic%2Cregular%2Citalic%2C500%2C500italic%2C700%2C700italic%2C900%2C900italic|font_style:400%20regular%3A400%3Anormal&#8221;][\/vc_column_inner][\/vc_row_inner][vc_empty_space height=&#8221;30px&#8221;][vc_row_inner][vc_column_inner width=&#8221;1\/4&#8243;][vc_single_image image=&#8221;21494&#8243; img_size=&#8221;medium&#8221; alignment=&#8221;center&#8221; el_class=&#8221;image&#8221;][vc_custom_heading text=&#8221;CSM-CD 2016 &#8211; Estomatologia&#8221; font_container=&#8221;tag:h4|text_align:center&#8221; google_fonts=&#8221;font_family:Roboto%3A100%2C100italic%2C300%2C300italic%2Cregular%2Citalic%2C500%2C500italic%2C700%2C700italic%2C900%2C900italic|font_style:400%20regular%3A400%3Anormal&#8221;][vc_custom_heading text=&#8221;Cassia Reginato&#8221; font_container=&#8221;tag:h5|text_align:center&#8221; google_fonts=&#8221;font_family:Roboto%3A100%2C100italic%2C300%2C300italic%2Cregular%2Citalic%2C500%2C500italic%2C700%2C700italic%2C900%2C900italic|font_style:400%20regular%3A400%3Anormal&#8221;][vc_custom_heading text=&#8221;1o. lugar no CSM-CD 2016, de Santa Maria para o mundo! Essa ga\u00facha conquistou a vaga de Estomatologia da Marinha em primeiro lugar do concurso e, como tradi\u00e7\u00e3o no curso Odonto Marinha do MCA, levou tamb\u00e9m a Espada de Oficial.&#8221; font_container=&#8221;tag:h6|text_align:center&#8221; google_fonts=&#8221;font_family:Roboto%3A100%2C100italic%2C300%2C300italic%2Cregular%2Citalic%2C500%2C500italic%2C700%2C700italic%2C900%2C900italic|font_style:400%20regular%3A400%3Anormal&#8221;][\/vc_column_inner][vc_column_inner width=&#8221;1\/4&#8243;][vc_single_image image=&#8221;21424&#8243; img_size=&#8221;medium&#8221; alignment=&#8221;center&#8221; el_class=&#8221;image&#8221;][vc_custom_heading text=&#8221;EsSEx 2017 &#8211; Pr\u00f3tese&#8221; font_container=&#8221;tag:h4|text_align:center&#8221; google_fonts=&#8221;font_family:Roboto%3A100%2C100italic%2C300%2C300italic%2Cregular%2Citalic%2C500%2C500italic%2C700%2C700italic%2C900%2C900italic|font_style:400%20regular%3A400%3Anormal&#8221;][vc_custom_heading text=&#8221;Victor Villa\u00e7a&#8221; font_container=&#8221;tag:h5|text_align:center&#8221; google_fonts=&#8221;font_family:Roboto%3A100%2C100italic%2C300%2C300italic%2Cregular%2Citalic%2C500%2C500italic%2C700%2C700italic%2C900%2C900italic|font_style:400%20regular%3A400%3Anormal&#8221;][vc_custom_heading text=&#8221;1\u00ba lugar no concurso da EsSEx em 2017, foi o ganhador da Espada de Oficial dada pelo MCA, que prometeu que se todos os 4 classificados no concurso fossem alunos do curso, ele daria uma Espada. Dito e feito!&#8221; font_container=&#8221;tag:h6|text_align:center&#8221; google_fonts=&#8221;font_family:Roboto%3A100%2C100italic%2C300%2C300italic%2Cregular%2Citalic%2C500%2C500italic%2C700%2C700italic%2C900%2C900italic|font_style:400%20regular%3A400%3Anormal&#8221;][\/vc_column_inner][vc_column_inner width=&#8221;1\/4&#8243;][vc_single_image image=&#8221;21489&#8243; img_size=&#8221;medium&#8221; alignment=&#8221;center&#8221; el_class=&#8221;image&#8221;][vc_custom_heading text=&#8221;CSM-CD 2017 &#8211; Endodontia&#8221; font_container=&#8221;tag:h4|text_align:center&#8221; google_fonts=&#8221;font_family:Roboto%3A100%2C100italic%2C300%2C300italic%2Cregular%2Citalic%2C500%2C500italic%2C700%2C700italic%2C900%2C900italic|font_style:400%20regular%3A400%3Anormal&#8221;][vc_custom_heading text=&#8221;Mirella Barreto&#8221; font_container=&#8221;tag:h5|text_align:center&#8221; google_fonts=&#8221;font_family:Roboto%3A100%2C100italic%2C300%2C300italic%2Cregular%2Citalic%2C500%2C500italic%2C700%2C700italic%2C900%2C900italic|font_style:400%20regular%3A400%3Anormal&#8221;][vc_custom_heading text=&#8221;1\u00ba lugar na entrada do concurso CSM-CD 2017 &#8211; Ganhadora da Espada de Oficial dada pelo MCA pela maior nota entre os alunos aprovados nesse concurso.&#8221; font_container=&#8221;tag:h6|text_align:center&#8221; google_fonts=&#8221;font_family:Roboto%3A100%2C100italic%2C300%2C300italic%2Cregular%2Citalic%2C500%2C500italic%2C700%2C700italic%2C900%2C900italic|font_style:400%20regular%3A400%3Anormal&#8221;][\/vc_column_inner][vc_column_inner width=&#8221;1\/4&#8243;][vc_single_image image=&#8221;21427&#8243; img_size=&#8221;medium&#8221; alignment=&#8221;center&#8221; el_class=&#8221;image&#8221;][vc_custom_heading text=&#8221;EsSEx 2017 &#8211; Dent\u00edstica&#8221; font_container=&#8221;tag:h4|text_align:center&#8221; google_fonts=&#8221;font_family:Roboto%3A100%2C100italic%2C300%2C300italic%2Cregular%2Citalic%2C500%2C500italic%2C700%2C700italic%2C900%2C900italic|font_style:400%20regular%3A400%3Anormal&#8221;][vc_custom_heading text=&#8221;Evelyn Piovesan&#8221; font_container=&#8221;tag:h5|text_align:center&#8221; google_fonts=&#8221;font_family:Roboto%3A100%2C100italic%2C300%2C300italic%2Cregular%2Citalic%2C500%2C500italic%2C700%2C700italic%2C900%2C900italic|font_style:400%20regular%3A400%3Anormal&#8221;][vc_custom_heading text=&#8221;Evelyn foi aprovada em 2017 no concurso da EsSEx ap\u00f3s muito esfor\u00e7o e dedica\u00e7\u00e3o. Com sua compet\u00eancia e for\u00e7a de vontade, hoje participa do Corpo de Sa\u00fade do Ex\u00e9rcito.&#8221; font_container=&#8221;tag:h6|text_align:center&#8221; google_fonts=&#8221;font_family:Roboto%3A100%2C100italic%2C300%2C300italic%2Cregular%2Citalic%2C500%2C500italic%2C700%2C700italic%2C900%2C900italic|font_style:400%20regular%3A400%3Anormal&#8221;][\/vc_column_inner][\/vc_row_inner][vc_row_inner][vc_column_inner width=&#8221;1\/4&#8243;][vc_single_image image=&#8221;21654&#8243; img_size=&#8221;medium&#8221; alignment=&#8221;center&#8221; el_class=&#8221;image&#8221;][vc_custom_heading text=&#8221;RM2 &#8211; 2019 &#8211; Odontologia&#8221; font_container=&#8221;tag:h4|text_align:center&#8221; google_fonts=&#8221;font_family:Roboto%3A100%2C100italic%2C300%2C300italic%2Cregular%2Citalic%2C500%2C500italic%2C700%2C700italic%2C900%2C900italic|font_style:400%20regular%3A400%3Anormal&#8221;][vc_custom_heading text=&#8221;Andressa Incerte Filizzola&#8221; font_container=&#8221;tag:h5|text_align:center&#8221; google_fonts=&#8221;font_family:Roboto%3A100%2C100italic%2C300%2C300italic%2Cregular%2Citalic%2C500%2C500italic%2C700%2C700italic%2C900%2C900italic|font_style:400%20regular%3A400%3Anormal&#8221;][vc_custom_heading text=&#8221;Conquistou a vaga para Tempor\u00e1rio Marinha &#8211; Odontologia e agora est\u00e1 empenhada em ser aprovada para Odonto Marinha &#8211; Carreira.<br \/>\nVai com tudo Andressa!!!&#8221; font_container=&#8221;tag:h6|text_align:center&#8221; google_fonts=&#8221;font_family:Roboto%3A100%2C100italic%2C300%2C300italic%2Cregular%2Citalic%2C500%2C500italic%2C700%2C700italic%2C900%2C900italic|font_style:400%20regular%3A400%3Anormal&#8221;][\/vc_column_inner][vc_column_inner width=&#8221;1\/4&#8243;][vc_single_image image=&#8221;21655&#8243; img_size=&#8221;medium&#8221; alignment=&#8221;center&#8221; el_class=&#8221;image&#8221;][vc_custom_heading text=&#8221;Aprovada no concurso da Marinha 2018&#8243; font_container=&#8221;tag:h4|text_align:center&#8221; google_fonts=&#8221;font_family:Roboto%3A100%2C100italic%2C300%2C300italic%2Cregular%2Citalic%2C500%2C500italic%2C700%2C700italic%2C900%2C900italic|font_style:400%20regular%3A400%3Anormal&#8221;][vc_custom_heading text=&#8221;Ten Julie Bastos &#8211; Estomatologia&#8221; font_container=&#8221;tag:h5|text_align:center&#8221; google_fonts=&#8221;font_family:Roboto%3A100%2C100italic%2C300%2C300italic%2Cregular%2Citalic%2C500%2C500italic%2C700%2C700italic%2C900%2C900italic|font_style:400%20regular%3A400%3Anormal&#8221;][vc_custom_heading text=&#8221;A Ten Julie \u00e9 a prova que a persist\u00eancia raramente decepciona. Dentre outros, fez o curso Odonto Marinha 2018&#8243; font_container=&#8221;tag:h6|text_align:center&#8221; google_fonts=&#8221;font_family:Roboto%3A100%2C100italic%2C300%2C300italic%2Cregular%2Citalic%2C500%2C500italic%2C700%2C700italic%2C900%2C900italic|font_style:400%20regular%3A400%3Anormal&#8221;][\/vc_column_inner][vc_column_inner width=&#8221;1\/4&#8243;][vc_single_image image=&#8221;21656&#8243; img_size=&#8221;medium&#8221; alignment=&#8221;center&#8221; el_class=&#8221;image&#8221;][vc_custom_heading text=&#8221;Aprovado no concurso da Marinha de 2018&#8243; font_container=&#8221;tag:h4|text_align:center&#8221; google_fonts=&#8221;font_family:Roboto%3A100%2C100italic%2C300%2C300italic%2Cregular%2Citalic%2C500%2C500italic%2C700%2C700italic%2C900%2C900italic|font_style:400%20regular%3A400%3Anormal&#8221;][vc_custom_heading text=&#8221;Ten Pedro Jannuzzi &#8211; Ortodontia&#8221; font_container=&#8221;tag:h5|text_align:center&#8221; google_fonts=&#8221;font_family:Roboto%3A100%2C100italic%2C300%2C300italic%2Cregular%2Citalic%2C500%2C500italic%2C700%2C700italic%2C900%2C900italic|font_style:400%20regular%3A400%3Anormal&#8221;][vc_custom_heading text=&#8221;Dentre outros cursos, o Ten Pedro Januzzi foi aluno do Odonto Marinha 2018. Ele foi um dos 11 aprovados dentre as 12 vagas em 2018.<br \/>\nEm 2019 a Marinha convocou outros 6 Dentistas aprovados em 2018. Todos os seis foram alunos do MCA concursos &#8221; font_container=&#8221;tag:h6|text_align:center&#8221; google_fonts=&#8221;font_family:Roboto%3A100%2C100italic%2C300%2C300italic%2Cregular%2Citalic%2C500%2C500italic%2C700%2C700italic%2C900%2C900italic|font_style:400%20regular%3A400%3Anormal&#8221;][\/vc_column_inner][vc_column_inner width=&#8221;1\/4&#8243;][vc_single_image image=&#8221;21657&#8243; img_size=&#8221;medium&#8221; alignment=&#8221;center&#8221; el_class=&#8221;image&#8221;][vc_custom_heading text=&#8221;Aprovado no concurso da Marinha em 2018&#8243; font_container=&#8221;tag:h4|text_align:center&#8221; google_fonts=&#8221;font_family:Roboto%3A100%2C100italic%2C300%2C300italic%2Cregular%2Citalic%2C500%2C500italic%2C700%2C700italic%2C900%2C900italic|font_style:400%20regular%3A400%3Anormal&#8221;][vc_custom_heading text=&#8221;Tenente Felipe Alencar &#8211; Estomatologia&#8221; font_container=&#8221;tag:h5|text_align:center&#8221; google_fonts=&#8221;font_family:Roboto%3A100%2C100italic%2C300%2C300italic%2Cregular%2Citalic%2C500%2C500italic%2C700%2C700italic%2C900%2C900italic|font_style:400%20regular%3A400%3Anormal&#8221;][vc_custom_heading text=&#8221;O Ten Felipe \u00e9 um exemplo de sucesso devido a muita dedica\u00e7\u00e3o. Seus passos est\u00e3o sendo seguidos por v\u00e1rios colegas que conhecem sua hist\u00f3ria.&#8221; font_container=&#8221;tag:h6|text_align:center&#8221; google_fonts=&#8221;font_family:Roboto%3A100%2C100italic%2C300%2C300italic%2Cregular%2Citalic%2C500%2C500italic%2C700%2C700italic%2C900%2C900italic|font_style:400%20regular%3A400%3Anormal&#8221;][\/vc_column_inner][\/vc_row_inner][\/vc_column][\/vc_row][vc_row][vc_column][vc_empty_space][\/vc_column][\/vc_row][vc_row][vc_column][vc_empty_space][\/vc_column][\/vc_row][vc_row][vc_column][vc_empty_space][\/vc_column][\/vc_row][vc_row el_class=&#8221;mca-videos&#8221;][vc_column][vc_row_inner][vc_column_inner][vc_custom_heading text=&#8221;V\u00eddeos&#8221; font_container=&#8221;tag:h3|text_align:center&#8221; google_fonts=&#8221;font_family:Roboto%3A100%2C100italic%2C300%2C300italic%2Cregular%2Citalic%2C500%2C500italic%2C700%2C700italic%2C900%2C900italic|font_style:400%20regular%3A400%3Anormal&#8221;][\/vc_column_inner][\/vc_row_inner][vc_empty_space height=&#8221;30px&#8221;][vc_row_inner][vc_column_inner width=&#8221;1\/4&#8243;][vc_video link=&#8221;https:\/\/www.youtube.com\/watch?v=y7249QQY03k&amp;t=5s&#8221; align=&#8221;center&#8221; el_class=&#8221;player&#8221;][vc_custom_heading text=&#8221;Cap Dent EB Gabriela Bandeira&#8221; font_container=&#8221;tag:h4|text_align:center&#8221; google_fonts=&#8221;font_family:Roboto%3A100%2C100italic%2C300%2C300italic%2Cregular%2Citalic%2C500%2C500italic%2C700%2C700italic%2C900%2C900italic|font_style:400%20regular%3A400%3Anormal&#8221;][vc_custom_heading text=&#8221;Aprovada em 2010 para Pr\u00f3tese no EB&#8221; font_container=&#8221;tag:h5|text_align:center&#8221; google_fonts=&#8221;font_family:Roboto%3A100%2C100italic%2C300%2C300italic%2Cregular%2Citalic%2C500%2C500italic%2C700%2C700italic%2C900%2C900italic|font_style:400%20regular%3A400%3Anormal&#8221;][\/vc_column_inner][vc_column_inner width=&#8221;1\/4&#8243;][vc_video link=&#8221;https:\/\/www.youtube.com\/watch?v=Iljj59fkffQ&#8221; el_class=&#8221;player&#8221;][vc_custom_heading text=&#8221;Helo\u00edsa Regina &#8211; Oficial Dentista RM2 da Marinha do Brasil&#8221; font_container=&#8221;tag:h4|text_align:center&#8221; google_fonts=&#8221;font_family:Roboto%3A100%2C100italic%2C300%2C300italic%2Cregular%2Citalic%2C500%2C500italic%2C700%2C700italic%2C900%2C900italic|font_style:400%20regular%3A400%3Anormal&#8221;][vc_custom_heading text=&#8221;Tempor\u00e1rio Marinha 2018&#8243; font_container=&#8221;tag:h5|text_align:center&#8221; google_fonts=&#8221;font_family:Roboto%3A100%2C100italic%2C300%2C300italic%2Cregular%2Citalic%2C500%2C500italic%2C700%2C700italic%2C900%2C900italic|font_style:400%20regular%3A400%3Anormal&#8221;][\/vc_column_inner][vc_column_inner width=&#8221;1\/4&#8243;][vc_video link=&#8221;https:\/\/www.youtube.com\/watch?v=GC5Xxpkh_0E&#8221; el_class=&#8221;player&#8221;][vc_custom_heading text=&#8221;Ten V\u00e2nia Blei &#8211; Endodontista&#8221; font_container=&#8221;tag:h4|text_align:center&#8221; google_fonts=&#8221;font_family:Roboto%3A100%2C100italic%2C300%2C300italic%2Cregular%2Citalic%2C500%2C500italic%2C700%2C700italic%2C900%2C900italic|font_style:400%20regular%3A400%3Anormal&#8221;][vc_custom_heading text=&#8221;Cadar 2018&#8243; font_container=&#8221;tag:h5|text_align:center&#8221; google_fonts=&#8221;font_family:Roboto%3A100%2C100italic%2C300%2C300italic%2Cregular%2Citalic%2C500%2C500italic%2C700%2C700italic%2C900%2C900italic|font_style:400%20regular%3A400%3Anormal&#8221;][\/vc_column_inner][vc_column_inner width=&#8221;1\/4&#8243;][vc_video link=&#8221;https:\/\/www.youtube.com\/watch?v=gjEoaer95n4&amp;t=4s&#8221; el_class=&#8221;player&#8221;][vc_custom_heading text=&#8221;Nat\u00e1lia Baier &#8211; Oficial Dentista da FAB e Profa. de Dent\u00edstica do MCA concursos&#8221; font_container=&#8221;tag:h4|text_align:center&#8221; google_fonts=&#8221;font_family:Roboto%3A100%2C100italic%2C300%2C300italic%2Cregular%2Citalic%2C500%2C500italic%2C700%2C700italic%2C900%2C900italic|font_style:400%20regular%3A400%3Anormal&#8221;][vc_custom_heading text=&#8221;Profa. de Dent\u00edstica CADAR do MCA&#8221; font_container=&#8221;tag:h5|text_align:center&#8221; google_fonts=&#8221;font_family:Roboto%3A100%2C100italic%2C300%2C300italic%2Cregular%2Citalic%2C500%2C500italic%2C700%2C700italic%2C900%2C900italic|font_style:400%20regular%3A400%3Anormal&#8221;][\/vc_column_inner][\/vc_row_inner][\/vc_column][\/vc_row]<\/p>\n","protected":false},"excerpt":{"rendered":"<p>[vc_row el_class=&#8221;destaques&#8221;][vc_column][vc_row_inner][vc_column_inner][vc_custom_heading text=&#8221;Destaques&#8221; font_container=&#8221;tag:h3|text_align:center&#8221; google_fonts=&#8221;font_family:Roboto%3A100%2C100italic%2C300%2C300italic%2Cregular%2Citalic%2C500%2C500italic%2C700%2C700italic%2C900%2C900italic|font_style:400%20regular%3A400%3Anormal&#8221;][\/vc_column_inner][\/vc_row_inner][vc_empty_space height=&#8221;30px&#8221;][vc_row_inner][vc_column_inner width=&#8221;1\/4&#8243;][vc_single_image image=&#8221;21494&#8243; img_size=&#8221;medium&#8221; alignment=&#8221;center&#8221; el_class=&#8221;image&#8221;][vc_custom_heading text=&#8221;CSM-CD 2016 &#8211; Estomatologia&#8221; font_container=&#8221;tag:h4|text_align:center&#8221; google_fonts=&#8221;font_family:Roboto%3A100%2C100italic%2C300%2C300italic%2Cregular%2Citalic%2C500%2C500italic%2C700%2C700italic%2C900%2C900italic|font_style:400%20regular%3A400%3Anormal&#8221;][vc_custom_heading text=&#8221;Cassia Reginato&#8221; font_container=&#8221;tag:h5|text_align:center&#8221; google_fonts=&#8221;font_family:Roboto%3A100%2C100italic%2C300%2C300italic%2Cregular%2Citalic%2C500%2C500italic%2C700%2C700italic%2C900%2C900italic|font_style:400%20regular%3A400%3Anormal&#8221;][vc_custom_heading text=&#8221;1o. lugar no CSM-CD 2016, de Santa Maria para&#8230;<\/p>\n","protected":false},"author":53,"featured_media":0,"parent":0,"menu_order":0,"comment_status":"closed","ping_status":"closed","template":"","meta":{"_monsterinsights_skip_tracking":false,"_monsterinsights_sitenote_active":false,"_monsterinsights_sitenote_note":"","_monsterinsights_sitenote_category":0,"footnotes":""},"acf":[],"jetpack_sharing_enabled":true,"_links":{"self":[{"href":"https:\/\/mcaconcursos.com\/v1\/wp-json\/wp\/v2\/pages\/4203"}],"collection":[{"href":"https:\/\/mcaconcursos.com\/v1\/wp-json\/wp\/v2\/pages"}],"about":[{"href":"https:\/\/mcaconcursos.com\/v1\/wp-json\/wp\/v2\/types\/page"}],"author":[{"embeddable":true,"href":"https:\/\/mcaconcursos.com\/v1\/wp-json\/wp\/v2\/users\/53"}],"replies":[{"embeddable":true,"href":"https:\/\/mcaconcursos.com\/v1\/wp-json\/wp\/v2\/comments?post=4203"}],"version-history":[{"count":1,"href":"https:\/\/mcaconcursos.com\/v1\/wp-json\/wp\/v2\/pages\/4203\/revisions"}],"predecessor-version":[{"id":74342,"href":"https:\/\/mcaconcursos.com\/v1\/wp-json\/wp\/v2\/pages\/4203\/revisions\/74342"}],"wp:attachment":[{"href":"https:\/\/mcaconcursos.com\/v1\/wp-json\/wp\/v2\/media?parent=4203"}],"curies":[{"name":"wp","href":"https:\/\/api.w.org\/{rel}","templated":true}]}}