{"id":509,"date":"2017-06-15T02:37:28","date_gmt":"2017-06-15T02:37:28","guid":{"rendered":"http:\/\/wordpresslms.wpengine.com\/demo-3\/?page_id=6"},"modified":"2020-02-27T10:28:10","modified_gmt":"2020-02-27T13:28:10","slug":"sobre-o-mca","status":"publish","type":"page","link":"https:\/\/mcaconcursos.com\/v1\/sobre-o-mca\/","title":{"rendered":"Sobre o MCA"},"content":{"rendered":"<p>[vc_row full_height=&#8221;yes&#8221; el_class=&#8221;sobre-mca&#8221;][vc_column][vc_row_inner][vc_column_inner width=&#8221;1\/2&#8243; css=&#8221;.vc_custom_1542904483001{padding-right: 30px !important;padding-left: 15px !important;}&#8221;][vc_custom_heading text=&#8221;Conhe\u00e7a o MCA Concursos&#8221; font_container=&#8221;tag:div|font_size:30px|text_align:left|color:%23000000|line_height:36px&#8221; google_fonts=&#8221;font_family:Roboto%3A100%2C100italic%2C300%2C300italic%2Cregular%2Citalic%2C500%2C500italic%2C700%2C700italic%2C900%2C900italic|font_style:400%20regular%3A400%3Anormal&#8221;][vc_empty_space height=&#8221;30px&#8221;][vc_column_text]MCA s\u00e3o 3 letras que representam a experi\u00eancia de 30 anos de Marco Aur\u00e9lio, na carreira militar e na \u00e1rea educacional.<\/p>\n<p>Desde 2011, Marco se dedica a forma\u00e7\u00e3o e aprova\u00e7\u00e3o de seus alunos em concursos civis e militares. Todos professores do MCA Concursos s\u00e3o concursados, e t\u00eam em mente que somente dar a mat\u00e9ria n\u00e3o basta, eles est\u00e3o preparados para direcionar os alunos para o acerto de quest\u00f5es nas provas. A orienta\u00e7\u00e3o de estudos \u00e9 constante, e a insist\u00eancia na evolu\u00e7\u00e3o pessoal \u00e9 um tema frequente em sala de aula.<\/p>\n<p>Nosso foco \u00e9 aumentar as chances de aprova\u00e7\u00f5es de seus alunos, come\u00e7ando por tornar o conte\u00fado acess\u00edvel a todos, expandido o ensino para os meios digitais, possibilitando que os alunos possam assistir a aula, al\u00e9m de presencial, tamb\u00e9m ao vivo de qualquer lugar do Brasil ou online (aula gravada disponibilizado no ambiente do aluno).<\/p>\n<p>O ensino para concursos nunca esteve t\u00e3o perto de quem est\u00e1 t\u00e3o longe.<br \/>\nVoc\u00ea pode encontrar uma amostra de nosso curso em nossas aulas demonstrativas no canal do YouTube e tamb\u00e9m em nosso site. Venha estudar com a gente!<\/p>\n<p>MCA concursos, paix\u00e3o pelo seu futuro![\/vc_column_text][vc_btn title=&#8221;Visite nossa Galeria de campe\u00f5es&#8221; shape=&#8221;round&#8221; i_align=&#8221;right&#8221; i_icon_fontawesome=&#8221;fa fa-angle-right&#8221; add_icon=&#8221;true&#8221; link=&#8221;url:http%3A%2F%2Fnovo.mcaconcursos.com%2Fgaleria-dos-campeoes%2F|||&#8221;][\/vc_column_inner][vc_column_inner width=&#8221;1\/4&#8243; css=&#8221;.vc_custom_1542904429082{padding-right: 15px !important;padding-left: 15px !important;}&#8221;][vc_empty_space height=&#8221;30px&#8221;][vc_single_image image=&#8221;5592&#8243; img_size=&#8221;500px&#8221; alignment=&#8221;center&#8221;][\/vc_column_inner][vc_column_inner width=&#8221;1\/4&#8243; css=&#8221;.vc_custom_1542904493784{padding-right: 15px !important;padding-left: 30px !important;}&#8221;][vc_empty_space height=&#8221;60px&#8221;][vc_custom_heading text=&#8221;Nossas premissas&#8221; font_container=&#8221;tag:h3|font_size:26px|text_align:left|line_height:26px&#8221; google_fonts=&#8221;font_family:Roboto%3A100%2C100italic%2C300%2C300italic%2Cregular%2Citalic%2C500%2C500italic%2C700%2C700italic%2C900%2C900italic|font_style:400%20regular%3A400%3Anormal&#8221;][vc_empty_space height=&#8221;30px&#8221;][vc_custom_heading text=&#8221;Miss\u00e3o&#8221; font_container=&#8221;tag:h3|font_size:20px|text_align:left|color:%23022889|line_height:20px&#8221; google_fonts=&#8221;font_family:Roboto%3A100%2C100italic%2C300%2C300italic%2Cregular%2Citalic%2C500%2C500italic%2C700%2C700italic%2C900%2C900italic|font_style:400%20regular%3A400%3Anormal&#8221;][vc_column_text]Caminhar ao lado de nossos alunos da prepara\u00e7\u00e3o \u00e0 formatura de oficial.[\/vc_column_text][vc_custom_heading text=&#8221;Vis\u00e3o&#8221; font_container=&#8221;tag:h3|font_size:20px|text_align:left|color:%23022889|line_height:20px&#8221; google_fonts=&#8221;font_family:Roboto%3A100%2C100italic%2C300%2C300italic%2Cregular%2Citalic%2C500%2C500italic%2C700%2C700italic%2C900%2C900italic|font_style:400%20regular%3A400%3Anormal&#8221;][vc_column_text]Estar entre os principais preparat\u00f3rios para concursos militares e civis do Brasil.[\/vc_column_text][vc_custom_heading text=&#8221;Valores&#8221; font_container=&#8221;tag:h3|font_size:20px|text_align:left|color:%23022889|line_height:20px&#8221; google_fonts=&#8221;font_family:Roboto%3A100%2C100italic%2C300%2C300italic%2Cregular%2Citalic%2C500%2C500italic%2C700%2C700italic%2C900%2C900italic|font_style:400%20regular%3A400%3Anormal&#8221;][vc_column_text]Somos guiados pela honestidade, idoneidade e \u00e9tica. [\/vc_column_text][\/vc_column_inner][\/vc_row_inner][\/vc_column][\/vc_row][vc_row][vc_column][vc_empty_space height=&#8221;70px&#8221;][\/vc_column][\/vc_row][vc_row parallax=&#8221;content-moving&#8221; parallax_image=&#8221;5477&#8243; el_class=&#8221;trabalhe-home&#8221;][vc_column][vc_row_inner][vc_column_inner width=&#8221;1\/2&#8243;][vc_custom_heading text=&#8221;O que est\u00e1 esperando?&#8221; font_container=&#8221;tag:h3|text_align:center&#8221; google_fonts=&#8221;font_family:Roboto%3A100%2C100italic%2C300%2C300italic%2Cregular%2Citalic%2C500%2C500italic%2C700%2C700italic%2C900%2C900italic|font_style:400%20regular%3A400%3Anormal&#8221;][vc_column_text]Junte-se a dezenas de professores<br \/>\nfazendo a diferen\u00e7a todos os dias[\/vc_column_text][vc_btn title=&#8221;Trabalhe conosco&#8221; shape=&#8221;round&#8221; align=&#8221;center&#8221; i_align=&#8221;right&#8221; i_icon_fontawesome=&#8221;fa fa-angle-right&#8221; add_icon=&#8221;true&#8221; link=&#8221;url:http%3A%2F%2Fnovo.mcaconcursos.com%2Ftrabalhe-conosco%2F|||&#8221;][\/vc_column_inner][vc_column_inner width=&#8221;1\/2&#8243;][vc_single_image image=&#8221;5473&#8243; img_size=&#8221;full&#8221;][\/vc_column_inner][\/vc_row_inner][\/vc_column][\/vc_row]<\/p>\n","protected":false},"excerpt":{"rendered":"<p>[vc_row full_height=&#8221;yes&#8221; el_class=&#8221;sobre-mca&#8221;][vc_column][vc_row_inner][vc_column_inner width=&#8221;1\/2&#8243; css=&#8221;.vc_custom_1542904483001{padding-right: 30px !important;padding-left: 15px !important;}&#8221;][vc_custom_heading text=&#8221;Conhe\u00e7a o MCA Concursos&#8221; font_container=&#8221;tag:div|font_size:30px|text_align:left|color:%23000000|line_height:36px&#8221; google_fonts=&#8221;font_family:Roboto%3A100%2C100italic%2C300%2C300italic%2Cregular%2Citalic%2C500%2C500italic%2C700%2C700italic%2C900%2C900italic|font_style:400%20regular%3A400%3Anormal&#8221;][vc_empty_space height=&#8221;30px&#8221;][vc_column_text]MCA s\u00e3o 3 letras que representam a experi\u00eancia de 30 anos de Marco Aur\u00e9lio, na&#8230;<\/p>\n","protected":false},"author":3927,"featured_media":0,"parent":0,"menu_order":0,"comment_status":"closed","ping_status":"closed","template":"","meta":{"_monsterinsights_skip_tracking":false,"_monsterinsights_sitenote_active":false,"_monsterinsights_sitenote_note":"","_monsterinsights_sitenote_category":0,"footnotes":""},"acf":[],"jetpack_sharing_enabled":true,"_links":{"self":[{"href":"https:\/\/mcaconcursos.com\/v1\/wp-json\/wp\/v2\/pages\/509"}],"collection":[{"href":"https:\/\/mcaconcursos.com\/v1\/wp-json\/wp\/v2\/pages"}],"about":[{"href":"https:\/\/mcaconcursos.com\/v1\/wp-json\/wp\/v2\/types\/page"}],"author":[{"embeddable":true,"href":"https:\/\/mcaconcursos.com\/v1\/wp-json\/wp\/v2\/users\/3927"}],"replies":[{"embeddable":true,"href":"https:\/\/mcaconcursos.com\/v1\/wp-json\/wp\/v2\/comments?post=509"}],"version-history":[{"count":0,"href":"https:\/\/mcaconcursos.com\/v1\/wp-json\/wp\/v2\/pages\/509\/revisions"}],"wp:attachment":[{"href":"https:\/\/mcaconcursos.com\/v1\/wp-json\/wp\/v2\/media?parent=509"}],"curies":[{"name":"wp","href":"https:\/\/api.w.org\/{rel}","templated":true}]}}