{"id":54746,"date":"2022-05-06T12:20:00","date_gmt":"2022-05-06T15:20:00","guid":{"rendered":"https:\/\/mcaconcursos.com\/v1\/?page_id=54746"},"modified":"2022-05-17T12:33:25","modified_gmt":"2022-05-17T15:33:25","slug":"mca-7-anos","status":"publish","type":"page","link":"https:\/\/mcaconcursos.com\/v1\/mca-7-anos\/","title":{"rendered":"PROMO\u00c7\u00c3O DE MAIO"},"content":{"rendered":"<p>[vc_row el_class=&#8221;indique&#8221; css=&#8221;.vc_custom_1652216354936{padding-top: 0px !important;padding-bottom: 0px !important;}&#8221;][vc_column][vc_column_text]<\/p>\n<h3 style=\"text-align: center;\">MAIO \u00c9 O M\u00caS DE ANIVERS\u00c1RIO DO MCA, MAS QUEM GANHA O PRESENTE \u00c9 VOC\u00ca!<\/h3>\n<p>[\/vc_column_text][vc_single_image image=&#8221;54905&#8243; img_size=&#8221;350&#215;350&#8243; alignment=&#8221;center&#8221; css_animation=&#8221;zoomIn&#8221;][vc_custom_heading text=&#8221;Utilizando o cupom MCA7, o aluno ganhar\u00e1 7% de desconto na compra de qualquer curso.&#8221; font_container=&#8221;tag:h3|font_size:30px|text_align:center|line_height:36px&#8221; google_fonts=&#8221;font_family:Roboto%3A100%2C100italic%2C300%2C300italic%2Cregular%2Citalic%2C500%2C500italic%2C700%2C700italic%2C900%2C900italic|font_style:400%20regular%3A400%3Anormal&#8221;][vc_column_text]<\/p>\n<p style=\"text-align: center;\">Os 7% de desconto N\u00c3O s\u00e3o acumulativos com outros cupons, exceto para os pagamentos \u00e0 vista (5% + 7% de desconto no m\u00eas de maio).<\/p>\n<p>[\/vc_column_text][vc_empty_space height=&#8221;20px&#8221;][\/vc_column][\/vc_row][vc_row css=&#8221;.vc_custom_1652216425422{padding-top: 10px !important;padding-bottom: 0px !important;}&#8221;][vc_column width=&#8221;1\/2&#8243; css=&#8221;.vc_custom_1542895294227{padding-right: 60px !important;padding-left: 30px !important;}&#8221;][vc_custom_heading text=&#8221;Como funciona:&#8221; font_container=&#8221;tag:h3|font_size:26px|text_align:center|line_height:28px&#8221; google_fonts=&#8221;font_family:Roboto%3A100%2C100italic%2C300%2C300italic%2Cregular%2Citalic%2C500%2C500italic%2C700%2C700italic%2C900%2C900italic|font_style:400%20regular%3A400%3Anormal&#8221;][vc_row_inner][vc_column_inner][vc_custom_heading text=&#8221;1\u00ba &#8211; Voc\u00ea entrar\u00e1 na p\u00e1gina referente ao curso que deseja adquirir.<br \/>\n2\u00ba &#8211; Colocar\u00e1 o curso no seu carrinho.<br \/>\n3\u00ba &#8211; J\u00e1 na p\u00e1gina do seu carrinho, constar\u00e1 o espa\u00e7o C\u00d3DIGO DO CUPOM, nele voc\u00ea escrever\u00e1: MCA7, clicar\u00e1 em APLICAR CUPOM e continuar\u00e1 com o preenchimento dos dados solicitados at\u00e9 a conclus\u00e3o da sua compra.&#8221; font_container=&#8221;tag:div|font_size:18px|text_align:left|line_height:22px&#8221; use_theme_fonts=&#8221;yes&#8221;][\/vc_column_inner][\/vc_row_inner][vc_empty_space height=&#8221;40&#8243;][vc_custom_heading text=&#8221;Tem alguma d\u00favida?<br \/>\nNossa equipe est\u00e1 dispon\u00edvel para tirar d\u00favidas pelo Whatsapp de segunda \u00e0 sexta de 9h \u00e0s 18h e s\u00e1bados de 9h \u00e0s 16h, pelo n\u00famero (21) 99929-4522.&#8221; font_container=&#8221;tag:div|font_size:18px|text_align:left|line_height:22px&#8221; use_theme_fonts=&#8221;yes&#8221;][\/vc_column][vc_column width=&#8221;1\/2&#8243; css=&#8221;.vc_custom_1542896146846{padding-right: 30px !important;padding-left: 30px !important;}&#8221;][vc_empty_space height=&#8221;15px&#8221;][vc_custom_heading text=&#8221;Regras do cupom MCA7&#8243; font_container=&#8221;tag:h3|font_size:26px|text_align:center|line_height:28px&#8221; google_fonts=&#8221;font_family:Roboto%3A100%2C100italic%2C300%2C300italic%2Cregular%2Citalic%2C500%2C500italic%2C700%2C700italic%2C900%2C900italic|font_style:400%20regular%3A400%3Anormal&#8221;][vc_row_inner][vc_column_inner][vc_empty_space height=&#8221;15px&#8221;][vc_column_text el_class=&#8221;indicacao-regras&#8221;]<\/p>\n<ul>\n<li><span style=\"color: #ff0000;\">Este cupom \u00e9 acumulativo APENAS para compradores que pagar\u00e3o seus cursos \u00e1 vista.<\/span><\/li>\n<li>Est\u00e1 liberada a divulga\u00e7\u00e3o do cupom MCA7.<\/li>\n<li>O cupom \u00e9 v\u00e1lido at\u00e9 o dia 31 de Maio de 2022.<\/li>\n<li>O desconto s\u00f3 ser\u00e1 aplicado se o cupom for usado no momento da compra do curso.<\/li>\n<\/ul>\n<p>[\/vc_column_text][\/vc_column_inner][\/vc_row_inner][\/vc_column][\/vc_row][vc_row css=&#8221;.vc_custom_1652216459903{padding-top: 20px !important;padding-bottom: 10px !important;}&#8221;][vc_column][vc_empty_space height=&#8221;30px&#8221;][vc_column_text]<\/p>\n<h2 style=\"text-align: center;\"><strong>Divulgue o cupom MCA7 e ajude mais pessoas a realizarem seus sonhos!<\/strong><\/h2>\n<p>[\/vc_column_text][vc_empty_space height=&#8221;35px&#8221;][vc_column_text]<\/p>\n<h4 style=\"text-align: center;\"><a href=\"https:\/\/mcaconcursos.com\/v1\/cursos\/outlet\/\">CLIQUE AQUI PARA ACESSAR OUTRAS PROMO\u00c7\u00d5ES.<\/a><\/h4>\n<p>[\/vc_column_text][\/vc_column][\/vc_row]<\/p>\n","protected":false},"excerpt":{"rendered":"<p>[vc_row el_class=&#8221;indique&#8221; css=&#8221;.vc_custom_1652216354936{padding-top: 0px !important;padding-bottom: 0px !important;}&#8221;][vc_column][vc_column_text] MAIO \u00c9 O M\u00caS DE ANIVERS\u00c1RIO DO MCA, MAS QUEM GANHA O PRESENTE \u00c9 VOC\u00ca! [\/vc_column_text][vc_single_image image=&#8221;54905&#8243; img_size=&#8221;350&#215;350&#8243; alignment=&#8221;center&#8221; css_animation=&#8221;zoomIn&#8221;][vc_custom_heading text=&#8221;Utilizando o cupom&#8230;<\/p>\n","protected":false},"author":12844,"featured_media":0,"parent":0,"menu_order":0,"comment_status":"closed","ping_status":"closed","template":"","meta":{"_monsterinsights_skip_tracking":false,"_monsterinsights_sitenote_active":false,"_monsterinsights_sitenote_note":"","_monsterinsights_sitenote_category":0,"footnotes":""},"acf":[],"jetpack_sharing_enabled":true,"_links":{"self":[{"href":"https:\/\/mcaconcursos.com\/v1\/wp-json\/wp\/v2\/pages\/54746"}],"collection":[{"href":"https:\/\/mcaconcursos.com\/v1\/wp-json\/wp\/v2\/pages"}],"about":[{"href":"https:\/\/mcaconcursos.com\/v1\/wp-json\/wp\/v2\/types\/page"}],"author":[{"embeddable":true,"href":"https:\/\/mcaconcursos.com\/v1\/wp-json\/wp\/v2\/users\/12844"}],"replies":[{"embeddable":true,"href":"https:\/\/mcaconcursos.com\/v1\/wp-json\/wp\/v2\/comments?post=54746"}],"version-history":[{"count":0,"href":"https:\/\/mcaconcursos.com\/v1\/wp-json\/wp\/v2\/pages\/54746\/revisions"}],"wp:attachment":[{"href":"https:\/\/mcaconcursos.com\/v1\/wp-json\/wp\/v2\/media?parent=54746"}],"curies":[{"name":"wp","href":"https:\/\/api.w.org\/{rel}","templated":true}]}}