{"id":5768,"date":"2018-05-09T14:56:24","date_gmt":"2018-05-09T14:56:24","guid":{"rendered":"http:\/\/reptro.xoothemes.com\/?page_id=5768"},"modified":"2018-05-09T14:56:24","modified_gmt":"2018-05-09T14:56:24","slug":"test-el-addons","status":"publish","type":"page","link":"https:\/\/mcaconcursos.com\/v1\/test-el-addons\/","title":{"rendered":"Test El Addons"},"content":{"rendered":"\t\t\t<div class=\"reptro-course-items-area reptro-course-items-area-grid\">\r\n\r\n\t\t\t\t\r\n\t\t\t\t<div class=\"reptro-category-items-filter\"><ul class=\"reptro-category-items\"><li class=\"reptro-category-item active\" data-filter=\"*\"><span>All<\/span><\/li>\t<li class=\"reptro-category-item reptro-category-item-81\" data-filter=.reptro_cat_81><span>Aeron\u00e1utica<\/span>\n<\/li>\n\t<li class=\"reptro-category-item reptro-category-item-474\" data-filter=.reptro_cat_474><span>AERON\u00c1UTICA 2022<\/span>\n<\/li>\n\t<li class=\"reptro-category-item reptro-category-item-478\" data-filter=.reptro_cat_478><span>Amostra Gr\u00e1tis<\/span>\n<\/li>\n\t<li class=\"reptro-category-item reptro-category-item-200\" data-filter=.reptro_cat_200><span>ANVISA<\/span>\n<\/li>\n\t<li class=\"reptro-category-item reptro-category-item-494\" data-filter=.reptro_cat_494><span>AUL\u00d5ES CADAR 22<\/span>\n<\/li>\n\t<li class=\"reptro-category-item reptro-category-item-516\" data-filter=.reptro_cat_516><span>AUL\u00d5ES EsFCEx 2021<\/span>\n<\/li>\n\t<li class=\"reptro-category-item reptro-category-item-394\" data-filter=.reptro_cat_394><span>AUL\u00d5ES GR\u00c1TIS<\/span>\n<\/li>\n\t<li class=\"reptro-category-item reptro-category-item-129\" data-filter=.reptro_cat_129><span>bf10<\/span>\n<\/li>\n\t<li class=\"reptro-category-item reptro-category-item-218\" data-filter=.reptro_cat_218><span>Biologia<\/span>\n<\/li>\n\t<li class=\"reptro-category-item reptro-category-item-199\" data-filter=.reptro_cat_199><span>bucomaxilofacial<\/span>\n<\/li>\n\t<li class=\"reptro-category-item reptro-category-item-83 cat-item-have-child\" data-filter=.reptro_cat_83><span>Cadar<i class=\"fa fa-plus\"><\/i><\/span>\n<ul class='reptro-course-category-dropdown dropdown-menu'>\n\t<li class=\"reptro-category-item reptro-category-item-761\" data-filter=.reptro_cat_761><span>CADAR 2027<\/span>\n<\/li>\n<\/ul>\n<\/li>\n\t<li class=\"reptro-category-item reptro-category-item-682\" data-filter=.reptro_cat_682><span>CADAR 2025<\/span>\n<\/li>\n\t<li class=\"reptro-category-item reptro-category-item-726\" data-filter=.reptro_cat_726><span>CADAR 2026<\/span>\n<\/li>\n\t<li class=\"reptro-category-item reptro-category-item-96\" data-filter=.reptro_cat_96><span>CAFAR<\/span>\n<\/li>\n\t<li class=\"reptro-category-item reptro-category-item-97\" data-filter=.reptro_cat_97><span>CAMAR<\/span>\n<\/li>\n\t<li class=\"reptro-category-item reptro-category-item-95\" data-filter=.reptro_cat_95><span>Corpo de Sa\u00fade da Marinha (CSM)<\/span>\n<\/li>\n\t<li class=\"reptro-category-item reptro-category-item-88\" data-filter=.reptro_cat_88><span>Direito<\/span>\n<\/li>\n\t<li class=\"reptro-category-item reptro-category-item-91\" data-filter=.reptro_cat_91><span>EAOF<\/span>\n<\/li>\n\t<li class=\"reptro-category-item reptro-category-item-98\" data-filter=.reptro_cat_98><span>EAOP<\/span>\n<\/li>\n\t<li class=\"reptro-category-item reptro-category-item-716\" data-filter=.reptro_cat_716><span>EBSERH25<\/span>\n<\/li>\n\t<li class=\"reptro-category-item reptro-category-item-93\" data-filter=.reptro_cat_93><span>EEAR<\/span>\n<\/li>\n\t<li class=\"reptro-category-item reptro-category-item-167\" data-filter=.reptro_cat_167><span>Endo Cadar 2020<\/span>\n<\/li>\n\t<li class=\"reptro-category-item reptro-category-item-75\" data-filter=.reptro_cat_75><span>Enfermagem<\/span>\n<\/li>\n\t<li class=\"reptro-category-item reptro-category-item-491\" data-filter=.reptro_cat_491><span>EsFCEx ( EsSEx) 2021<\/span>\n<\/li>\n\t<li class=\"reptro-category-item reptro-category-item-544\" data-filter=.reptro_cat_544><span>EsFCex 2022<\/span>\n<\/li>\n\t<li class=\"reptro-category-item reptro-category-item-641\" data-filter=.reptro_cat_641><span>ESFCEx 2023<\/span>\n<\/li>\n\t<li class=\"reptro-category-item reptro-category-item-683\" data-filter=.reptro_cat_683><span>ESFCEx 2024<\/span>\n<\/li>\n\t<li class=\"reptro-category-item reptro-category-item-708\" data-filter=.reptro_cat_708><span>ESFCEx 2025<\/span>\n<\/li>\n\t<li class=\"reptro-category-item reptro-category-item-750\" data-filter=.reptro_cat_750><span>ESFCEx 2026<\/span>\n<\/li>\n\t<li class=\"reptro-category-item reptro-category-item-688\" data-filter=.reptro_cat_688><span>ESFCEx2024<\/span>\n<\/li>\n\t<li class=\"reptro-category-item reptro-category-item-90\" data-filter=.reptro_cat_90><span>EsSEx<\/span>\n<\/li>\n\t<li class=\"reptro-category-item reptro-category-item-78\" data-filter=.reptro_cat_78><span>Ex\u00e9rcito<\/span>\n<\/li>\n\t<li class=\"reptro-category-item reptro-category-item-132 cat-item-have-child\" data-filter=.reptro_cat_132><span>Farm\u00e1cia<i class=\"fa fa-plus\"><\/i><\/span>\n<ul class='reptro-course-category-dropdown dropdown-menu'>\n\t<li class=\"reptro-category-item reptro-category-item-396\" data-filter=.reptro_cat_396><span>Farm\u00e1cia Regular (Marinha)<\/span>\n<\/li>\n<\/ul>\n<\/li>\n\t<li class=\"reptro-category-item reptro-category-item-171\" data-filter=.reptro_cat_171><span>Farm\u00e1cia Marinha<\/span>\n<\/li>\n\t<li class=\"reptro-category-item reptro-category-item-675\" data-filter=.reptro_cat_675><span>Farm\u00e1cia Prefeituras<\/span>\n<\/li>\n\t<li class=\"reptro-category-item reptro-category-item-480\" data-filter=.reptro_cat_480><span>ITEP\/RN<\/span>\n<\/li>\n\t<li class=\"reptro-category-item reptro-category-item-79\" data-filter=.reptro_cat_79><span>Marinha<\/span>\n<\/li>\n\t<li class=\"reptro-category-item reptro-category-item-689\" data-filter=.reptro_cat_689><span>MARINHA 2024<\/span>\n<\/li>\n\t<li class=\"reptro-category-item reptro-category-item-702\" data-filter=.reptro_cat_702><span>MARINHA 2025<\/span>\n<\/li>\n\t<li class=\"reptro-category-item reptro-category-item-757\" data-filter=.reptro_cat_757><span>MARINHA 2026<\/span>\n<\/li>\n\t<li class=\"reptro-category-item reptro-category-item-216\" data-filter=.reptro_cat_216><span>Medicina<\/span>\n<\/li>\n\t<li class=\"reptro-category-item reptro-category-item-219\" data-filter=.reptro_cat_219><span>Medicina Legal<\/span>\n<\/li>\n\t<li class=\"reptro-category-item reptro-category-item-220\" data-filter=.reptro_cat_220><span>M\u00e9dico<\/span>\n<\/li>\n\t<li class=\"reptro-category-item reptro-category-item-263\" data-filter=.reptro_cat_263><span>Novas Turmas<\/span>\n<\/li>\n\t<li class=\"reptro-category-item reptro-category-item-703\" data-filter=.reptro_cat_703><span>ODONTO ESFCEx 2025<\/span>\n<\/li>\n\t<li class=\"reptro-category-item reptro-category-item-493\" data-filter=.reptro_cat_493><span>ODONTO MARINHA 2021<\/span>\n<\/li>\n\t<li class=\"reptro-category-item reptro-category-item-647\" data-filter=.reptro_cat_647><span>ODONTO MARINHA 2023<\/span>\n<\/li>\n\t<li class=\"reptro-category-item reptro-category-item-751\" data-filter=.reptro_cat_751><span>ODONTO MARINHA 2026<\/span>\n<\/li>\n\t<li class=\"reptro-category-item reptro-category-item-656\" data-filter=.reptro_cat_656><span>ODONTO MARINHA 24<\/span>\n<\/li>\n\t<li class=\"reptro-category-item reptro-category-item-536\" data-filter=.reptro_cat_536><span>ODONTO MARINHA E PMERJ<\/span>\n<\/li>\n\t<li class=\"reptro-category-item reptro-category-item-541\" data-filter=.reptro_cat_541><span>ODONTO PERITO LEGISTA<\/span>\n<\/li>\n\t<li class=\"reptro-category-item reptro-category-item-760\" data-filter=.reptro_cat_760><span>ODONTO PETROBRAS<\/span>\n<\/li>\n\t<li class=\"reptro-category-item reptro-category-item-690\" data-filter=.reptro_cat_690><span>Odonto Prefeitura<\/span>\n<\/li>\n\t<li class=\"reptro-category-item reptro-category-item-755\" data-filter=.reptro_cat_755><span>ODONTO PREFEITURAS 2026<\/span>\n<\/li>\n\t<li class=\"reptro-category-item reptro-category-item-211\" data-filter=.reptro_cat_211><span>Odontolegista<\/span>\n<\/li>\n\t<li class=\"reptro-category-item reptro-category-item-66 cat-item-have-child\" data-filter=.reptro_cat_66><span>Odontologia<i class=\"fa fa-plus\"><\/i><\/span>\n<ul class='reptro-course-category-dropdown dropdown-menu'>\n\t<li class=\"reptro-category-item reptro-category-item-357\" data-filter=.reptro_cat_357><span>SEMANA DA PATRIA<\/span>\n<\/li>\n<\/ul>\n<\/li>\n\t<li class=\"reptro-category-item reptro-category-item-399\" data-filter=.reptro_cat_399><span>ODONTOLOGIA LEGAL<\/span>\n<\/li>\n\t<li class=\"reptro-category-item reptro-category-item-225\" data-filter=.reptro_cat_225><span>Ortodontia<\/span>\n<\/li>\n\t<li class=\"reptro-category-item reptro-category-item-467\" data-filter=.reptro_cat_467><span>OUTLET<\/span>\n<\/li>\n\t<li class=\"reptro-category-item reptro-category-item-243\" data-filter=.reptro_cat_243><span>PCERJ<\/span>\n<\/li>\n\t<li class=\"reptro-category-item reptro-category-item-741\" data-filter=.reptro_cat_741><span>PCERJ 2025<\/span>\n<\/li>\n\t<li class=\"reptro-category-item reptro-category-item-742\" data-filter=.reptro_cat_742><span>PCERJ 2025 CURSO COMPLETO<\/span>\n<\/li>\n\t<li class=\"reptro-category-item reptro-category-item-743\" data-filter=.reptro_cat_743><span>PCERJ 2025 M\u00d3DULOS<\/span>\n<\/li>\n\t<li class=\"reptro-category-item reptro-category-item-744\" data-filter=.reptro_cat_744><span>PCERJ M\u00d3DULOS TOXICOLOGIA<\/span>\n<\/li>\n\t<li class=\"reptro-category-item reptro-category-item-497\" data-filter=.reptro_cat_497><span>PERICIA JUDICIAL<\/span>\n<\/li>\n\t<li class=\"reptro-category-item reptro-category-item-479\" data-filter=.reptro_cat_479><span>Per\u00edcia Judicial<\/span>\n<\/li>\n\t<li class=\"reptro-category-item reptro-category-item-400\" data-filter=.reptro_cat_400><span>PERITO DESTAQUE<\/span>\n<\/li>\n\t<li class=\"reptro-category-item reptro-category-item-210\" data-filter=.reptro_cat_210><span>Perito Legista<\/span>\n<\/li>\n\t<li class=\"reptro-category-item reptro-category-item-209\" data-filter=.reptro_cat_209><span>Perito Legista Odontologia<\/span>\n<\/li>\n\t<li class=\"reptro-category-item reptro-category-item-754\" data-filter=.reptro_cat_754><span>PERITO ODONTOLEGISTA 2026<\/span>\n<\/li>\n\t<li class=\"reptro-category-item reptro-category-item-226\" data-filter=.reptro_cat_226><span>PMERJ<\/span>\n<\/li>\n\t<li class=\"reptro-category-item reptro-category-item-514\" data-filter=.reptro_cat_514><span>PMERJ REGULAR<\/span>\n<\/li>\n\t<li class=\"reptro-category-item reptro-category-item-203 cat-item-have-child\" data-filter=.reptro_cat_203><span>Pol\u00edcia Civil<i class=\"fa fa-plus\"><\/i><\/span>\n<ul class='reptro-course-category-dropdown dropdown-menu'>\n\t<li class=\"reptro-category-item reptro-category-item-244\" data-filter=.reptro_cat_244><span>Inspetor<\/span>\n<\/li>\n<\/ul>\n<\/li>\n\t<li class=\"reptro-category-item reptro-category-item-100 cat-item-have-child\" data-filter=.reptro_cat_100><span>Portugu\u00eas<i class=\"fa fa-plus\"><\/i><\/span>\n<\/li>\n\t<li class=\"reptro-category-item reptro-category-item-101\" data-filter=.reptro_cat_101><span>Pr\u00e9-militar<\/span>\n<\/li>\n\t<li class=\"reptro-category-item reptro-category-item-674\" data-filter=.reptro_cat_674><span>Prefeitura de Maric\u00e1<\/span>\n<\/li>\n\t<li class=\"reptro-category-item reptro-category-item-701\" data-filter=.reptro_cat_701><span>PROVAS PARA BOLSAS<\/span>\n<\/li>\n\t<li class=\"reptro-category-item reptro-category-item-99\" data-filter=.reptro_cat_99><span>RM2 \u2013 Oficial Tempor\u00e1rio da Marinha<\/span>\n<\/li>\n\t<li class=\"reptro-category-item reptro-category-item-700\" data-filter=.reptro_cat_700><span>RM2 2025<\/span>\n<\/li>\n\t<li class=\"reptro-category-item reptro-category-item-385\" data-filter=.reptro_cat_385><span>SEMANA DA MARINHA<\/span>\n<\/li>\n\t<li class=\"reptro-category-item reptro-category-item-356\" data-filter=.reptro_cat_356><span>SEMANA DA P\u00c1TRIA<\/span>\n<\/li>\n\t<li class=\"reptro-category-item reptro-category-item-515\" data-filter=.reptro_cat_515><span>SEMSA<\/span>\n<\/li>\n\t<li class=\"reptro-category-item reptro-category-item-520\" data-filter=.reptro_cat_520><span>SEMSA ODONTO 2022<\/span>\n<\/li>\n\t<li class=\"reptro-category-item reptro-category-item-649\" data-filter=.reptro_cat_649><span>SIMULADOS<\/span>\n<\/li>\n\t<li class=\"reptro-category-item reptro-category-item-175\" data-filter=.reptro_cat_175><span>Toxicologia<\/span>\n<\/li>\n\t<li class=\"reptro-category-item reptro-category-item-698\" data-filter=.reptro_cat_698><span>TRIBUNAL SUPERIOR ELEITORAL<\/span>\n<\/li>\n\t<li class=\"reptro-category-item reptro-category-item-694\" data-filter=.reptro_cat_694><span>TSE<\/span>\n<\/li>\n\t<li class=\"reptro-category-item reptro-category-item-635\" data-filter=.reptro_cat_635><span>UFRJ<\/span>\n<\/li>\n\t<li class=\"reptro-category-item reptro-category-item-82\" data-filter=.reptro_cat_82><span>Unirio<\/span>\n<\/li>\n<\/ul><\/div>\r\n\t\t\t\t<ul class=\"reptro-course-items reptro-course-grid row reptro-course-isotope\" >\r\n\t\t\t\t\t\r\n\t\t\t\t\t\t\n<li id=\"post-44580\" class=\"col-lg-4 col-md-6 reptro_cat_516 reptro_cat_491 reptro_cat_90 reptro_cat_78 reptro_cat_66 post-44580 lp_course type-lp_course status-publish has-post-thumbnail hentry course_category-auloes-esfcex-2021 course_category-esfcex-essex-2021 course_category-essex course_category-exercito course_category-odontologia course_tag-concurso-de-odontologia course_tag-concurso-escola-de-saude-do-exercito course_tag-esfcex course_tag-odonto-esfcex course\">\n\n\t<div class=\"reptro-course-loop-thumbnail-area\">\t\t\t<div class=\"reptro-course-details-btn\">\n\t\t\t\t<a class=\"btn btn-fill btn-lg\" href=\"https:\/\/mcaconcursos.com\/v1\/curso\/aulao-odonto-esfcex-2021\/\">Saiba mais<\/a>\t\t\t<\/div>\n\t\t\n<div class=\"course-thumbnail\">\n\n\t<img fetchpriority=\"high\" decoding=\"async\" width=\"365\" height=\"365\" src=\"https:\/\/mcaconcursos.com\/v1\/wp-content\/uploads\/2021\/08\/WhatsApp-Image-2021-08-16-at-17.12.37-365x365.jpeg\" class=\"attachment-course_thumbnail size-course_thumbnail wp-post-image\" alt=\"AUL\u00c3O ODONTO EsFCEx 2021\" \/>\n<\/div>\n<div class=\"reptro-course-loop-price-and-rating\">\r\n<div class=\"course-price\">\r\n\r\n\t\t\r\n\t    <span class=\"price\">1x R$150,00<\/span>\r\n\t\r\n\t\r\n<\/div>\r\n<\/div><\/div><div class=\"reptro-course-item-inner\">\n    <a href=\"https:\/\/mcaconcursos.com\/v1\/curso\/aulao-odonto-esfcex-2021\/\" class=\"course-permalink\">\n\n\t\t<div class=\"curso_labels\"><span>Previsto<\/span><span>Online<\/span><\/div>\r\n<h3 class=\"course-title\">AUL\u00c3O ODONTO EsFCEx 2021<\/h3>\r\n<h4 class=\"course-subtitle\">Black November: 40% OFF<\/h4>\r\n\n    <\/a>\n\n\t\r\n<div class=\"course-info\">\r\n\r\n<\/div><\/div>\n<\/li>\r\n\t\t\t\t\t\r\n\t\t\t\t\t\t\n<li id=\"post-45348\" class=\"col-lg-4 col-md-6 reptro_cat_95 reptro_cat_79 reptro_cat_493 reptro_cat_66 reptro_cat_101 post-45348 lp_course type-lp_course status-publish has-post-thumbnail hentry course_category-corpo-de-saude-da-marinha-csm course_category-marinha course_category-odonto-marinha-2021 course_category-odontologia course_category-pre-militar course_tag-como-estudar-para-a-marinha course_tag-como-ser-dentista-da course_tag-concursos-odontologia course_tag-curso-de-odontologia-online course_tag-curso-online-de-odontologia course_tag-curso-para-dentista-da-marinha course_tag-marinha course_tag-marinha-do-brasil course_tag-odonto course_tag-odontologia course_tag-oficial-da-marinha course_tag-oficial-dentista course_tag-preparatorio-odontologia course_tag-preparatorio-para-concursos-da-marinha course_tag-preparatorio-para-dentista-da-marinha course_tag-prova-da-marinha course_tag-qual-o-limite-de-idade-da-marinha course_tag-quanto-ganha-um-dentista-da-marinha course\">\n\n\t<span class=\"reptro-course-loop-sale\">OFF!<\/span><div class=\"reptro-course-loop-thumbnail-area\">\t\t\t<div class=\"reptro-course-details-btn\">\n\t\t\t\t<a class=\"btn btn-fill btn-lg\" href=\"https:\/\/mcaconcursos.com\/v1\/curso\/odonto-marinha-2021-4-aprovados-das-4-vagas-no-ultimo-concursocopiar\/\">Saiba mais<\/a>\t\t\t<\/div>\n\t\t\n<div class=\"course-thumbnail\">\n\n\t<img decoding=\"async\" width=\"365\" height=\"365\" src=\"https:\/\/mcaconcursos.com\/v1\/wp-content\/uploads\/2020\/12\/WhatsApp-Image-2021-06-18-at-19.11.05-365x365.jpeg\" class=\"attachment-course_thumbnail size-course_thumbnail wp-post-image\" alt=\"Odonto Marinha 2021 &#8211; 4 aprovados das 4 vagas no \u00faltimo concurso!Copiar\" \/>\n<\/div>\n<div class=\"reptro-course-loop-price-and-rating\">\r\n<div class=\"course-price\">\r\n\r\n\t\t\r\n\t    <span class=\"price\">10 x  R$ 129,00<\/span>\r\n\t\r\n\t\r\n<\/div>\r\n<\/div><\/div><div class=\"reptro-course-item-inner\">\n    <a href=\"https:\/\/mcaconcursos.com\/v1\/curso\/odonto-marinha-2021-4-aprovados-das-4-vagas-no-ultimo-concursocopiar\/\" class=\"course-permalink\">\n\n\t\t<div class=\"curso_labels\"><span>Online<\/span><\/div>\r\n<h3 class=\"course-title\">Odonto Marinha 2021 &#8211; 4 aprovados das 4 vagas no \u00faltimo concurso!Copiar<\/h3>\r\n<h4 class=\"course-subtitle\">5 Vagas: 3 de Ortodontia, uma de Pr\u00f3tese e uma de Endodontia<\/h4>\r\n\n    <\/a>\n\n\t\r\n<div class=\"course-info\">\r\n\r\n<\/div><\/div>\n<\/li>\r\n\t\t\t\t\t\r\n\t\t\t\t\t\t\n<li id=\"post-88403\" class=\"col-lg-4 col-md-6 reptro_cat_708 reptro_cat_750 reptro_cat_703 post-88403 lp_course type-lp_course status-publish has-post-thumbnail hentry course_category-esfcex-2025 course_category-esfcex-2026 course_category-odonto-esfcex-2025 course_tag-concurso-da-aeronautica course_tag-concurso-do-cadar course_tag-dentista-da-aeronautica course_tag-odontologia-cadar course_tag-oficial course_tag-oficial-de-carreira course_tag-oficial-dentista course\">\n\n\t<div class=\"reptro-course-loop-thumbnail-area\">\t\t\t<div class=\"reptro-course-details-btn\">\n\t\t\t\t<a class=\"btn btn-fill btn-lg\" href=\"https:\/\/mcaconcursos.com\/v1\/curso\/odonto-hospitlar-odonto-esfcex-2026\/\">Saiba mais<\/a>\t\t\t<\/div>\n\t\t\n<div class=\"course-thumbnail\">\n\n\t<img decoding=\"async\" width=\"365\" height=\"365\" src=\"https:\/\/mcaconcursos.com\/v1\/wp-content\/uploads\/2026\/04\/ChatGPT-Image-25-de-abr.-de-2026-18_18_23-365x365.png\" class=\"attachment-course_thumbnail size-course_thumbnail wp-post-image\" alt=\"ODONTOLOGIA HOSPITALAR &#8211; ODONTO ESFCEx 2026\" \/>\n<\/div>\n<div class=\"reptro-course-loop-price-and-rating\">\r\n<div class=\"course-price\">\r\n\r\n\t\t\r\n\t    <span class=\"price\">6x de R$ 115,00<\/span>\r\n\t\r\n\t\r\n<\/div>\r\n<\/div><\/div><div class=\"reptro-course-item-inner\">\n    <a href=\"https:\/\/mcaconcursos.com\/v1\/curso\/odonto-hospitlar-odonto-esfcex-2026\/\" class=\"course-permalink\">\n\n\t\t<div class=\"curso_labels\"><span>Online + Presencial<\/span><\/div>\r\n<h3 class=\"course-title\">ODONTOLOGIA HOSPITALAR &#8211; ODONTO ESFCEx 2026<\/h3>\r\n<h4 class=\"course-subtitle\">Seja Oficial Dentista do EX\u00c9RCITO.<\/h4>\r\n\n    <\/a>\n\n\t\r\n<div class=\"course-info\">\r\n\r\n<\/div><\/div>\n<\/li>\r\n\t\t\t\t\t\r\n\t\t\t\t\t\t\n<li id=\"post-51572\" class=\"col-lg-4 col-md-6 reptro_cat_81 reptro_cat_83 reptro_cat_66 post-51572 lp_course type-lp_course status-publish has-post-thumbnail hentry course_category-aeronautica course_category-cadar course_category-odontologia course_tag-aeronautica course_tag-cadar course_tag-concurso-de-dentista course_tag-concurso-do-cadar course_tag-dentista-da-aeronautica course_tag-odontologia-cadar course\">\n\n\t<div class=\"reptro-course-loop-thumbnail-area\">\t\t\t<div class=\"reptro-course-details-btn\">\n\t\t\t\t<a class=\"btn btn-fill btn-lg\" href=\"https:\/\/mcaconcursos.com\/v1\/curso\/estomatologia-cadar-2023-2\/\">Saiba mais<\/a>\t\t\t<\/div>\n\t\t\n<div class=\"course-thumbnail\">\n\n\t<img loading=\"lazy\" decoding=\"async\" width=\"365\" height=\"365\" src=\"https:\/\/mcaconcursos.com\/v1\/wp-content\/uploads\/2022\/02\/Patologia_arte_2-365x365.jpg\" class=\"attachment-course_thumbnail size-course_thumbnail wp-post-image\" alt=\"Patologia (Estomatologia) &#8211; CADAR 2023\" \/>\n<\/div>\n<div class=\"reptro-course-loop-price-and-rating\">\r\n<div class=\"course-price\">\r\n\r\n\t\t\r\n\t    <span class=\"price\">R$ 115 Mensais<\/span>\r\n\t\r\n\t\r\n<\/div>\r\n<\/div><\/div><div class=\"reptro-course-item-inner\">\n    <a href=\"https:\/\/mcaconcursos.com\/v1\/curso\/estomatologia-cadar-2023-2\/\" class=\"course-permalink\">\n\n\t\t<div class=\"curso_labels\"><span>Previsto<\/span><span>Online<\/span><\/div>\r\n<h3 class=\"course-title\">Patologia (Estomatologia) &#8211; CADAR 2023<\/h3>\r\n\n    <\/a>\n\n\t\r\n<div class=\"course-info\">\r\n\r\n<\/div><\/div>\n<\/li>\r\n\t\t\t\t\t\r\n\t\t\t\t\t\t\n<li id=\"post-44921\" class=\"col-lg-4 col-md-6 reptro_cat_493 post-44921 lp_course type-lp_course status-publish has-post-thumbnail hentry course_category-odonto-marinha-2021 course_tag-amostragratis course_tag-marinha course_tag-odonto course\">\n\n\t<div class=\"reptro-course-loop-thumbnail-area\">\t\t\t<div class=\"reptro-course-details-btn\">\n\t\t\t\t<a class=\"btn btn-fill btn-lg\" href=\"https:\/\/mcaconcursos.com\/v1\/curso\/questoes-odonto-marinha-2021-amostra-gratis\/\">Saiba mais<\/a>\t\t\t<\/div>\n\t\t\n<div class=\"course-thumbnail\">\n\n\t<img loading=\"lazy\" decoding=\"async\" width=\"365\" height=\"365\" src=\"https:\/\/mcaconcursos.com\/v1\/wp-content\/uploads\/2021\/08\/WhatsApp-Image-2021-08-26-at-21.10.44-365x365.jpeg\" class=\"attachment-course_thumbnail size-course_thumbnail wp-post-image\" alt=\"Quest\u00f5es Odonto Marinha 2021 &#8211; Aulas Experimentais Gr\u00e1tis\" \/>\n<\/div>\n<div class=\"reptro-course-loop-price-and-rating\">\r\n<div class=\"course-price\">\r\n\r\n\t\r\n\t\t\r\n        <span class=\"price\">Gratuito<\/span>\r\n\r\n\t\r\n<\/div>\r\n<\/div><\/div><div class=\"reptro-course-item-inner\">\n    <a href=\"https:\/\/mcaconcursos.com\/v1\/curso\/questoes-odonto-marinha-2021-amostra-gratis\/\" class=\"course-permalink\">\n\n\t\t<div class=\"curso_labels\"><span>Online<\/span><\/div>\r\n<h3 class=\"course-title\">Quest\u00f5es Odonto Marinha 2021 &#8211; Aulas Experimentais Gr\u00e1tis<\/h3>\r\n\n    <\/a>\n\n\t\r\n<div class=\"course-info\">\r\n\r\n<\/div><\/div>\n<\/li>\r\n\t\t\t\t\t\r\n\t\t\t\t\t\t\n<li id=\"post-46477\" class=\"col-lg-4 col-md-6 reptro_cat_79 reptro_cat_493 reptro_cat_66 post-46477 lp_course type-lp_course status-publish has-post-thumbnail hentry course_category-marinha course_category-odonto-marinha-2021 course_category-odontologia course_tag-aulao course_tag-aulao-odonto-marinha course_tag-concurso course_tag-concurso-da-marinha course_tag-odontologia course_tag-odontologia-da-marinha course_tag-oficial-da-marinha course_tag-prova-da-marinha course_tag-quanto-ganha-um-dentista-da-marinha course_tag-quanto-ganhua-um-dent course\">\n\n\t<div class=\"reptro-course-loop-thumbnail-area\">\t\t\t<div class=\"reptro-course-details-btn\">\n\t\t\t\t<a class=\"btn btn-fill btn-lg\" href=\"https:\/\/mcaconcursos.com\/v1\/curso\/aulao-odonto-marinha-2021\/\">Saiba mais<\/a>\t\t\t<\/div>\n\t\t\n<div class=\"course-thumbnail\">\n\n\t<img loading=\"lazy\" decoding=\"async\" width=\"365\" height=\"365\" src=\"https:\/\/mcaconcursos.com\/v1\/wp-content\/uploads\/2021\/09\/WhatsApp-Image-2021-09-14-at-16.52.37-365x365.jpeg\" class=\"attachment-course_thumbnail size-course_thumbnail wp-post-image\" alt=\"AUL\u00c3O ODONTO MARINHA 2021\" \/>\n<\/div>\n<div class=\"reptro-course-loop-price-and-rating\">\r\n<div class=\"course-price\">\r\n\r\n\t\t\r\n\t    <span class=\"price\">1x R$ 120,00<\/span>\r\n\t\r\n\t\r\n<\/div>\r\n<\/div><\/div><div class=\"reptro-course-item-inner\">\n    <a href=\"https:\/\/mcaconcursos.com\/v1\/curso\/aulao-odonto-marinha-2021\/\" class=\"course-permalink\">\n\n\t\t<div class=\"curso_labels\"><span>Online<\/span><\/div>\r\n<h3 class=\"course-title\">AUL\u00c3O ODONTO MARINHA 2021<\/h3>\r\n\n    <\/a>\n\n\t\r\n<div class=\"course-info\">\r\n\r\n<\/div><\/div>\n<\/li>\r\n\t\t\t\t\t\t\t\t\t<\/ul>\r\n\r\n\t\t\t\t\t\t\t\t\t<div class=\"text-center reptro-all-courses-btn\">\r\n\t\t\t\t\t\t<a class=\"btn btn-lg btn-fill\" href=\"https:\/\/mcaconcursos.com\/v1\/cursos\/\">Cursos<\/a>\r\n\t\t\t\t\t<\/div>\r\n\t\t\t\t\r\n\t\t\t<\/div>\r\n\t\t\n","protected":false},"excerpt":{"rendered":"[vc_row][vc_column][vc_tta_tabs][vc_tta_section title=\"Descri\u00e7\u00e3o do Curso\" tab_id=\"1631630179022-70328829-23da\"][vc_column_text] CONCURSO ODONTO MARINHA AUL\u00c3O DE V\u00c9SPERA PARA O CONCURSO DE OFICIAL DENTISTA DA MARINHA. Assista a esse Aul\u00e3o\u00a0 Online.\u00a0 N\u00e3o perca a chance de ingressar&#8230;","protected":false},"author":3225,"featured_media":0,"parent":0,"menu_order":0,"comment_status":"closed","ping_status":"closed","template":"","meta":{"_monsterinsights_skip_tracking":false,"_monsterinsights_sitenote_active":false,"_monsterinsights_sitenote_note":"","_monsterinsights_sitenote_category":0,"footnotes":""},"acf":[],"jetpack_sharing_enabled":true,"_links":{"self":[{"href":"https:\/\/mcaconcursos.com\/v1\/wp-json\/wp\/v2\/pages\/5768"}],"collection":[{"href":"https:\/\/mcaconcursos.com\/v1\/wp-json\/wp\/v2\/pages"}],"about":[{"href":"https:\/\/mcaconcursos.com\/v1\/wp-json\/wp\/v2\/types\/page"}],"author":[{"embeddable":true,"href":"https:\/\/mcaconcursos.com\/v1\/wp-json\/wp\/v2\/users\/3225"}],"replies":[{"embeddable":true,"href":"https:\/\/mcaconcursos.com\/v1\/wp-json\/wp\/v2\/comments?post=5768"}],"version-history":[{"count":0,"href":"https:\/\/mcaconcursos.com\/v1\/wp-json\/wp\/v2\/pages\/5768\/revisions"}],"wp:attachment":[{"href":"https:\/\/mcaconcursos.com\/v1\/wp-json\/wp\/v2\/media?parent=5768"}],"curies":[{"name":"wp","href":"https:\/\/api.w.org\/{rel}","templated":true}]}}