{"id":78162,"date":"2024-03-14T15:33:52","date_gmt":"2024-03-14T18:33:52","guid":{"rendered":"https:\/\/mcaconcursos.com\/v1\/?page_id=78162"},"modified":"2024-03-25T17:46:45","modified_gmt":"2024-03-25T20:46:45","slug":"mca-entrevista","status":"publish","type":"page","link":"https:\/\/mcaconcursos.com\/v1\/mca-entrevista\/","title":{"rendered":"MCA Entrevista"},"content":{"rendered":"\t\t<div data-elementor-type=\"wp-page\" data-elementor-id=\"78162\" class=\"elementor elementor-78162\" data-elementor-post-type=\"page\">\n\t\t\t\t\t\t<section class=\"elementor-section elementor-top-section elementor-element elementor-element-89bbed0 elementor-section-boxed elementor-section-height-default elementor-section-height-default reptro-section-padding-large\" data-id=\"89bbed0\" data-element_type=\"section\">\n\t\t\t\t\t\t<div class=\"elementor-container elementor-column-gap-default\">\n\t\t\t\t\t<div class=\"elementor-column elementor-col-100 elementor-top-column elementor-element elementor-element-b6c5b81\" data-id=\"b6c5b81\" data-element_type=\"column\">\n\t\t\t<div class=\"elementor-widget-wrap elementor-element-populated\">\n\t\t\t\t\t\t<div class=\"elementor-element elementor-element-174e05d elementor-widget elementor-widget-heading\" data-id=\"174e05d\" data-element_type=\"widget\" data-widget_type=\"heading.default\">\n\t\t\t\t<div class=\"elementor-widget-container\">\n\t\t\t<h2 class=\"elementor-heading-title elementor-size-default\">MCA ENTREVISTA<\/h2>\t\t<\/div>\n\t\t\t\t<\/div>\n\t\t\t\t<div class=\"elementor-element elementor-element-0d55832 elementor-widget elementor-widget-heading\" data-id=\"0d55832\" data-element_type=\"widget\" data-widget_type=\"heading.default\">\n\t\t\t\t<div class=\"elementor-widget-container\">\n\t\t\t<h3 class=\"elementor-heading-title elementor-size-default\">Hist\u00f3rias de Sucesso: Entrevistas com Alunos Aprovados nos principais concursos militares do Brasil em Odontologia e Farm\u00e1cia.<\/h3>\t\t<\/div>\n\t\t\t\t<\/div>\n\t\t\t\t<div class=\"elementor-element elementor-element-3406230 elementor-widget-divider--view-line elementor-widget elementor-widget-divider\" data-id=\"3406230\" data-element_type=\"widget\" data-widget_type=\"divider.default\">\n\t\t\t\t<div class=\"elementor-widget-container\">\n\t\t\t\t\t<div class=\"elementor-divider\">\n\t\t\t<span class=\"elementor-divider-separator\">\n\t\t\t\t\t\t<\/span>\n\t\t<\/div>\n\t\t\t\t<\/div>\n\t\t\t\t<\/div>\n\t\t\t\t<div class=\"elementor-element elementor-element-dbebda8 elementor-position-left elementor-vertical-align-top elementor-widget elementor-widget-image-box\" data-id=\"dbebda8\" data-element_type=\"widget\" data-widget_type=\"image-box.default\">\n\t\t\t\t<div class=\"elementor-widget-container\">\n\t\t\t<div class=\"elementor-image-box-wrapper\"><figure class=\"elementor-image-box-img\"><a href=\"https:\/\/mcaconcursos.com\/concursos\/\" tabindex=\"-1\"><img fetchpriority=\"high\" decoding=\"async\" width=\"245\" height=\"300\" src=\"https:\/\/mcaconcursos.com\/v1\/wp-content\/uploads\/2024\/03\/ANDRESSA-FILLIZOLA-245x300.png\" class=\"elementor-animation-hang attachment-medium size-medium wp-image-78188\" alt=\"\" srcset=\"https:\/\/mcaconcursos.com\/v1\/wp-content\/uploads\/2024\/03\/ANDRESSA-FILLIZOLA-245x300.png 245w, https:\/\/mcaconcursos.com\/v1\/wp-content\/uploads\/2024\/03\/ANDRESSA-FILLIZOLA-835x1024.png 835w, https:\/\/mcaconcursos.com\/v1\/wp-content\/uploads\/2024\/03\/ANDRESSA-FILLIZOLA-768x942.png 768w, https:\/\/mcaconcursos.com\/v1\/wp-content\/uploads\/2024\/03\/ANDRESSA-FILLIZOLA-1252x1536.png 1252w, https:\/\/mcaconcursos.com\/v1\/wp-content\/uploads\/2024\/03\/ANDRESSA-FILLIZOLA-600x736.png 600w, https:\/\/mcaconcursos.com\/v1\/wp-content\/uploads\/2024\/03\/ANDRESSA-FILLIZOLA.png 1300w\" sizes=\"(max-width: 245px) 100vw, 245px\" \/><\/a><\/figure><div class=\"elementor-image-box-content\"><h2 class=\"elementor-image-box-title\"><a href=\"https:\/\/mcaconcursos.com\/concursos\/\">Tenente Andressa Filizzola<\/a><\/h2><p class=\"elementor-image-box-description\">Conhe\u00e7a a hist\u00f3ria inspiradora de nossa aluna, aprovada como Oficial Dentista da Marinha em 2023! Em uma emocionante entrevista, ela compartilha sua jornada at\u00e9 a conquista desse sonho. N\u00e3o perca tempo e confira cada detalhe. A experi\u00eancia dela pode ser a motiva\u00e7\u00e3o que voc\u00ea precisa para alcan\u00e7ar seus objetivos!<\/p><\/div><\/div>\t\t<\/div>\n\t\t\t\t<\/div>\n\t\t\t\t<div class=\"elementor-element elementor-element-731d401 elementor-widget elementor-widget-button\" data-id=\"731d401\" data-element_type=\"widget\" data-widget_type=\"button.default\">\n\t\t\t\t<div class=\"elementor-widget-container\">\n\t\t\t\t\t<div class=\"elementor-button-wrapper\">\n\t\t\t<a class=\"elementor-button elementor-button-link elementor-size-sm\" href=\"https:\/\/mcaconcursos.com\/concursos\/entrevista-aluna-andressa-filizzola\/\">\n\t\t\t\t\t\t<span class=\"elementor-button-content-wrapper\">\n\t\t\t\t\t\t\t\t\t<span class=\"elementor-button-text\">Veja a entrevista da Andressa Filizzola na \u00edntegra  clicando aqui<\/span>\n\t\t\t\t\t<\/span>\n\t\t\t\t\t<\/a>\n\t\t<\/div>\n\t\t\t\t<\/div>\n\t\t\t\t<\/div>\n\t\t\t\t<div class=\"elementor-element elementor-element-cbd90db elementor-position-left elementor-vertical-align-top elementor-widget elementor-widget-image-box\" data-id=\"cbd90db\" data-element_type=\"widget\" data-widget_type=\"image-box.default\">\n\t\t\t\t<div class=\"elementor-widget-container\">\n\t\t\t<div class=\"elementor-image-box-wrapper\"><figure class=\"elementor-image-box-img\"><a href=\"https:\/\/mcaconcursos.com\/concursos\/\" tabindex=\"-1\"><img decoding=\"async\" width=\"246\" height=\"300\" src=\"https:\/\/mcaconcursos.com\/v1\/wp-content\/uploads\/2023\/11\/APROVADA-MARINHA-ANDRESSA-SANTIAGO-246x300.png\" class=\"attachment-medium size-medium wp-image-74162\" alt=\"\" srcset=\"https:\/\/mcaconcursos.com\/v1\/wp-content\/uploads\/2023\/11\/APROVADA-MARINHA-ANDRESSA-SANTIAGO-246x300.png 246w, https:\/\/mcaconcursos.com\/v1\/wp-content\/uploads\/2023\/11\/APROVADA-MARINHA-ANDRESSA-SANTIAGO-839x1024.png 839w, https:\/\/mcaconcursos.com\/v1\/wp-content\/uploads\/2023\/11\/APROVADA-MARINHA-ANDRESSA-SANTIAGO-768x937.png 768w, https:\/\/mcaconcursos.com\/v1\/wp-content\/uploads\/2023\/11\/APROVADA-MARINHA-ANDRESSA-SANTIAGO-1259x1536.png 1259w, https:\/\/mcaconcursos.com\/v1\/wp-content\/uploads\/2023\/11\/APROVADA-MARINHA-ANDRESSA-SANTIAGO-600x732.png 600w, https:\/\/mcaconcursos.com\/v1\/wp-content\/uploads\/2023\/11\/APROVADA-MARINHA-ANDRESSA-SANTIAGO.png 1304w\" sizes=\"(max-width: 246px) 100vw, 246px\" \/><\/a><\/figure><div class=\"elementor-image-box-content\"><h2 class=\"elementor-image-box-title\"><a href=\"https:\/\/mcaconcursos.com\/concursos\/\">Tenente Andressa Santiago<\/a><\/h2><p class=\"elementor-image-box-description\">Quer saber como \u00e9 poss\u00edvel alcan\u00e7ar o sucesso como Oficial Dentista da Marinha? Leia a entrevista exclusiva com nossa ex-aluna, aprovada em 2018. Ela compartilha insights valiosos sobre sua prepara\u00e7\u00e3o e os desafios enfrentados. N\u00e3o perca essa oportunidade de se inspirar e aprender com quem j\u00e1 trilhou esse caminho!<\/p><\/div><\/div>\t\t<\/div>\n\t\t\t\t<\/div>\n\t\t\t\t<div class=\"elementor-element elementor-element-b29f56a elementor-widget elementor-widget-button\" data-id=\"b29f56a\" data-element_type=\"widget\" data-widget_type=\"button.default\">\n\t\t\t\t<div class=\"elementor-widget-container\">\n\t\t\t\t\t<div class=\"elementor-button-wrapper\">\n\t\t\t<a class=\"elementor-button elementor-button-link elementor-size-sm\" href=\"https:\/\/mcaconcursos.com\/concursos\/entrevista-aluna-andressa-santiago\/\">\n\t\t\t\t\t\t<span class=\"elementor-button-content-wrapper\">\n\t\t\t\t\t\t\t\t\t<span class=\"elementor-button-text\">Veja a entrevista da Andressa Santiago na  \u00edntegra  clicando aqui<\/span>\n\t\t\t\t\t<\/span>\n\t\t\t\t\t<\/a>\n\t\t<\/div>\n\t\t\t\t<\/div>\n\t\t\t\t<\/div>\n\t\t\t\t<div class=\"elementor-element elementor-element-d805f80 elementor-position-left elementor-vertical-align-top elementor-widget elementor-widget-image-box\" data-id=\"d805f80\" data-element_type=\"widget\" data-widget_type=\"image-box.default\">\n\t\t\t\t<div class=\"elementor-widget-container\">\n\t\t\t<div class=\"elementor-image-box-wrapper\"><figure class=\"elementor-image-box-img\"><a href=\"https:\/\/mcaconcursos.com\/concursos\/\" tabindex=\"-1\"><img decoding=\"async\" width=\"246\" height=\"300\" src=\"https:\/\/mcaconcursos.com\/v1\/wp-content\/uploads\/2023\/11\/APROVADA-ESFCEx-EVELYN-PIOVESAN-246x300.png\" class=\"attachment-medium size-medium wp-image-74159\" alt=\"\" srcset=\"https:\/\/mcaconcursos.com\/v1\/wp-content\/uploads\/2023\/11\/APROVADA-ESFCEx-EVELYN-PIOVESAN-246x300.png 246w, https:\/\/mcaconcursos.com\/v1\/wp-content\/uploads\/2023\/11\/APROVADA-ESFCEx-EVELYN-PIOVESAN-839x1024.png 839w, https:\/\/mcaconcursos.com\/v1\/wp-content\/uploads\/2023\/11\/APROVADA-ESFCEx-EVELYN-PIOVESAN-768x937.png 768w, https:\/\/mcaconcursos.com\/v1\/wp-content\/uploads\/2023\/11\/APROVADA-ESFCEx-EVELYN-PIOVESAN-1259x1536.png 1259w, https:\/\/mcaconcursos.com\/v1\/wp-content\/uploads\/2023\/11\/APROVADA-ESFCEx-EVELYN-PIOVESAN-600x732.png 600w, https:\/\/mcaconcursos.com\/v1\/wp-content\/uploads\/2023\/11\/APROVADA-ESFCEx-EVELYN-PIOVESAN.png 1304w\" sizes=\"(max-width: 246px) 100vw, 246px\" \/><\/a><\/figure><div class=\"elementor-image-box-content\"><h2 class=\"elementor-image-box-title\"><a href=\"https:\/\/mcaconcursos.com\/concursos\/\">Tenente Evelyn Piovesan<\/a><\/h2><p class=\"elementor-image-box-description\">Uma hist\u00f3ria de determina\u00e7\u00e3o e supera\u00e7\u00e3o: nossa aluna foi aprovada como Oficial Dentista do Ex\u00e9rcito em 2018! Em uma entrevista reveladora, ela compartilha os bastidores de sua jornada rumo ao sucesso. Mergulhe nessa inspiradora narrativa. A experi\u00eancia dela pode ser o impulso que voc\u00ea precisa para alcan\u00e7ar seus objetivos!<\/p><\/div><\/div>\t\t<\/div>\n\t\t\t\t<\/div>\n\t\t\t\t<div class=\"elementor-element elementor-element-78c1482 elementor-widget elementor-widget-button\" data-id=\"78c1482\" data-element_type=\"widget\" data-widget_type=\"button.default\">\n\t\t\t\t<div class=\"elementor-widget-container\">\n\t\t\t\t\t<div class=\"elementor-button-wrapper\">\n\t\t\t<a class=\"elementor-button elementor-button-link elementor-size-sm\" href=\"https:\/\/mcaconcursos.com\/concursos\/entrevista-aluna-evelyn-piovesan\/\">\n\t\t\t\t\t\t<span class=\"elementor-button-content-wrapper\">\n\t\t\t\t\t\t\t\t\t<span class=\"elementor-button-text\">Veja a entrevista da Evelyn Piovesan na \u00edntegra  clicando aqui<\/span>\n\t\t\t\t\t<\/span>\n\t\t\t\t\t<\/a>\n\t\t<\/div>\n\t\t\t\t<\/div>\n\t\t\t\t<\/div>\n\t\t\t\t<div class=\"elementor-element elementor-element-d52656d elementor-position-left elementor-vertical-align-top elementor-widget elementor-widget-image-box\" data-id=\"d52656d\" data-element_type=\"widget\" data-widget_type=\"image-box.default\">\n\t\t\t\t<div class=\"elementor-widget-container\">\n\t\t\t<div class=\"elementor-image-box-wrapper\"><figure class=\"elementor-image-box-img\"><a href=\"https:\/\/mcaconcursos.com\/concursos\/\" tabindex=\"-1\"><img loading=\"lazy\" decoding=\"async\" width=\"246\" height=\"300\" src=\"https:\/\/mcaconcursos.com\/v1\/wp-content\/uploads\/2023\/11\/APROVADA-MARINHA-CAMILA-JANOTT-246x300.png\" class=\"attachment-medium size-medium wp-image-74163\" alt=\"\" srcset=\"https:\/\/mcaconcursos.com\/v1\/wp-content\/uploads\/2023\/11\/APROVADA-MARINHA-CAMILA-JANOTT-246x300.png 246w, https:\/\/mcaconcursos.com\/v1\/wp-content\/uploads\/2023\/11\/APROVADA-MARINHA-CAMILA-JANOTT-839x1024.png 839w, https:\/\/mcaconcursos.com\/v1\/wp-content\/uploads\/2023\/11\/APROVADA-MARINHA-CAMILA-JANOTT-768x937.png 768w, https:\/\/mcaconcursos.com\/v1\/wp-content\/uploads\/2023\/11\/APROVADA-MARINHA-CAMILA-JANOTT-1259x1536.png 1259w, https:\/\/mcaconcursos.com\/v1\/wp-content\/uploads\/2023\/11\/APROVADA-MARINHA-CAMILA-JANOTT-600x732.png 600w, https:\/\/mcaconcursos.com\/v1\/wp-content\/uploads\/2023\/11\/APROVADA-MARINHA-CAMILA-JANOTT.png 1304w\" sizes=\"(max-width: 246px) 100vw, 246px\" \/><\/a><\/figure><div class=\"elementor-image-box-content\"><h2 class=\"elementor-image-box-title\"><a href=\"https:\/\/mcaconcursos.com\/concursos\/\">Tenente Camila Janott<\/a><\/h2><p class=\"elementor-image-box-description\">A jornada de uma aluna aprovada no concurso para Oficiais Dentistas da Marinha \u00e9 repleta de obst\u00e1culos, conquistas e aprendizados. Em nossa entrevista com Camila Janott, desvende os bastidores desse caminho rumo ao sucesso.<\/p><\/div><\/div>\t\t<\/div>\n\t\t\t\t<\/div>\n\t\t\t\t<div class=\"elementor-element elementor-element-85276b3 elementor-widget elementor-widget-button\" data-id=\"85276b3\" data-element_type=\"widget\" data-widget_type=\"button.default\">\n\t\t\t\t<div class=\"elementor-widget-container\">\n\t\t\t\t\t<div class=\"elementor-button-wrapper\">\n\t\t\t<a class=\"elementor-button elementor-button-link elementor-size-sm\" href=\"https:\/\/mcaconcursos.com\/concursos\/entrevista-aluna-camila-janott\/\">\n\t\t\t\t\t\t<span class=\"elementor-button-content-wrapper\">\n\t\t\t\t\t\t\t\t\t<span class=\"elementor-button-text\">Veja a entrevista da Camila Janott na  \u00edntegra  clicando aqui<\/span>\n\t\t\t\t\t<\/span>\n\t\t\t\t\t<\/a>\n\t\t<\/div>\n\t\t\t\t<\/div>\n\t\t\t\t<\/div>\n\t\t\t\t\t<\/div>\n\t\t<\/div>\n\t\t\t\t\t<\/div>\n\t\t<\/section>\n\t\t\t\t<section class=\"elementor-section elementor-top-section elementor-element elementor-element-3ff8b81 elementor-section-boxed elementor-section-height-default elementor-section-height-default reptro-section-padding-large\" data-id=\"3ff8b81\" data-element_type=\"section\">\n\t\t\t\t\t\t<div class=\"elementor-container elementor-column-gap-default\">\n\t\t\t\t\t<div class=\"elementor-column elementor-col-100 elementor-top-column elementor-element elementor-element-0ee1dd8\" data-id=\"0ee1dd8\" data-element_type=\"column\">\n\t\t\t<div class=\"elementor-widget-wrap\">\n\t\t\t\t\t\t\t<\/div>\n\t\t<\/div>\n\t\t\t\t\t<\/div>\n\t\t<\/section>\n\t\t\t\t<\/div>\n\t\t","protected":false},"excerpt":{"rendered":"<p>MCA ENTREVISTA Hist\u00f3rias de Sucesso: Entrevistas com Alunos Aprovados nos principais concursos militares do Brasil em Odontologia e Farm\u00e1cia. Tenente Andressa Filizzola Conhe\u00e7a a hist\u00f3ria inspiradora de nossa aluna, aprovada&#8230;<\/p>\n","protected":false},"author":13327,"featured_media":0,"parent":0,"menu_order":0,"comment_status":"closed","ping_status":"closed","template":"","meta":{"_monsterinsights_skip_tracking":false,"_monsterinsights_sitenote_active":false,"_monsterinsights_sitenote_note":"","_monsterinsights_sitenote_category":0,"footnotes":""},"acf":[],"jetpack_sharing_enabled":true,"_links":{"self":[{"href":"https:\/\/mcaconcursos.com\/v1\/wp-json\/wp\/v2\/pages\/78162"}],"collection":[{"href":"https:\/\/mcaconcursos.com\/v1\/wp-json\/wp\/v2\/pages"}],"about":[{"href":"https:\/\/mcaconcursos.com\/v1\/wp-json\/wp\/v2\/types\/page"}],"author":[{"embeddable":true,"href":"https:\/\/mcaconcursos.com\/v1\/wp-json\/wp\/v2\/users\/13327"}],"replies":[{"embeddable":true,"href":"https:\/\/mcaconcursos.com\/v1\/wp-json\/wp\/v2\/comments?post=78162"}],"version-history":[{"count":15,"href":"https:\/\/mcaconcursos.com\/v1\/wp-json\/wp\/v2\/pages\/78162\/revisions"}],"predecessor-version":[{"id":78707,"href":"https:\/\/mcaconcursos.com\/v1\/wp-json\/wp\/v2\/pages\/78162\/revisions\/78707"}],"wp:attachment":[{"href":"https:\/\/mcaconcursos.com\/v1\/wp-json\/wp\/v2\/media?parent=78162"}],"curies":[{"name":"wp","href":"https:\/\/api.w.org\/{rel}","templated":true}]}}