{"id":78176,"date":"2024-03-14T16:24:07","date_gmt":"2024-03-14T19:24:07","guid":{"rendered":"https:\/\/mcaconcursos.com\/v1\/?page_id=78176"},"modified":"2024-03-18T13:39:17","modified_gmt":"2024-03-18T16:39:17","slug":"entrevista-aluna-andressa-filizzola","status":"publish","type":"page","link":"https:\/\/mcaconcursos.com\/v1\/entrevista-aluna-andressa-filizzola\/","title":{"rendered":"Entrevista aluna Andressa Filizzola"},"content":{"rendered":"\t\t<div data-elementor-type=\"wp-page\" data-elementor-id=\"78176\" class=\"elementor elementor-78176\" data-elementor-post-type=\"page\">\n\t\t\t\t\t\t<section class=\"elementor-section elementor-top-section elementor-element elementor-element-5b681f3 elementor-section-boxed elementor-section-height-default elementor-section-height-default reptro-section-padding-large\" data-id=\"5b681f3\" data-element_type=\"section\">\n\t\t\t\t\t\t<div class=\"elementor-container elementor-column-gap-default\">\n\t\t\t\t\t<div class=\"elementor-column elementor-col-100 elementor-top-column elementor-element elementor-element-8a2b590\" data-id=\"8a2b590\" data-element_type=\"column\">\n\t\t\t<div class=\"elementor-widget-wrap elementor-element-populated\">\n\t\t\t\t\t\t<div class=\"elementor-element elementor-element-99f1afe elementor-position-left elementor-vertical-align-middle elementor-invisible elementor-widget elementor-widget-image-box\" data-id=\"99f1afe\" data-element_type=\"widget\" data-settings=\"{&quot;_animation&quot;:&quot;fadeInLeft&quot;}\" data-widget_type=\"image-box.default\">\n\t\t\t\t<div class=\"elementor-widget-container\">\n\t\t\t<div class=\"elementor-image-box-wrapper\"><figure class=\"elementor-image-box-img\"><img fetchpriority=\"high\" decoding=\"async\" width=\"245\" height=\"300\" src=\"https:\/\/mcaconcursos.com\/v1\/wp-content\/uploads\/2024\/03\/ANDRESSA-FILLIZOLA-245x300.png\" class=\"attachment-medium size-medium wp-image-78188\" alt=\"\" srcset=\"https:\/\/mcaconcursos.com\/v1\/wp-content\/uploads\/2024\/03\/ANDRESSA-FILLIZOLA-245x300.png 245w, https:\/\/mcaconcursos.com\/v1\/wp-content\/uploads\/2024\/03\/ANDRESSA-FILLIZOLA-835x1024.png 835w, https:\/\/mcaconcursos.com\/v1\/wp-content\/uploads\/2024\/03\/ANDRESSA-FILLIZOLA-768x942.png 768w, https:\/\/mcaconcursos.com\/v1\/wp-content\/uploads\/2024\/03\/ANDRESSA-FILLIZOLA-1252x1536.png 1252w, https:\/\/mcaconcursos.com\/v1\/wp-content\/uploads\/2024\/03\/ANDRESSA-FILLIZOLA-600x736.png 600w, https:\/\/mcaconcursos.com\/v1\/wp-content\/uploads\/2024\/03\/ANDRESSA-FILLIZOLA.png 1300w\" sizes=\"(max-width: 245px) 100vw, 245px\" \/><\/figure><div class=\"elementor-image-box-content\"><h3 class=\"elementor-image-box-title\">Entrevista com aluna aprovada na MARINHA Andressa Filizzola<\/h3><\/div><\/div>\t\t<\/div>\n\t\t\t\t<\/div>\n\t\t\t\t<div class=\"elementor-element elementor-element-c3bac11 elementor-invisible elementor-widget elementor-widget-text-editor\" data-id=\"c3bac11\" data-element_type=\"widget\" data-settings=\"{&quot;_animation&quot;:&quot;zoomIn&quot;}\" data-widget_type=\"text-editor.default\">\n\t\t\t\t<div class=\"elementor-widget-container\">\n\t\t\t\t\t\t\t<p><strong>1. Qual foi a sensa\u00e7\u00e3o ao receber a not\u00edcia da sua aprova\u00e7\u00e3o nos concursos militares?<\/strong><br>Foi muito emocionante. Foi uma longa espera para ver meu nome al\u00ed.<\/p><p><br><\/p>\n<p><\/p>\n<p><strong>2. Quais foram os maiores desafios enfrentados durante a sua prepara\u00e7\u00e3o?<\/strong><br>Os desafios foram incont\u00e1veis ao longo dos anos de estudo. Citando os maiores: pouco tempo para estudar, porque trabalhava todos os dias e s\u00f3 voltava a noite; falta de organiza\u00e7\u00e3o nos estudos; casa barulhenta quando ainda morava com meus pais.<\/p><p><br><\/p>\n<p><\/p>\n<p><strong>3. Como voc\u00ea se organizou para conciliar os estudos com outras ativi<\/strong><strong style=\"color: var( --e-global-color-text );\">dades?<\/strong><\/p>\n<p>Lapidei meus estudos para que eu tivesse maior rendimento em menos horas de estudos. Nunca deixei de trabalhar, nem de fazer atividade f\u00edsica. N\u00e3o esperava a motiva\u00e7\u00e3o vir para estudar, encarei como um trabalho, algo obrigat\u00f3rio para se fazer diariamente.<\/p><p><br><\/p>\n<p><\/p>\n<p><strong>4. Qual foi o papel do MCA Concursos na sua jornada de prepara\u00e7\u00e3o?<\/strong><br>O MCA teve um papel muito importante ao longo dos anos. Fiz diversos cursos e o MCA sempre me ajudou a manter o objetivo de passar presente na minha cabe\u00e7a.<\/p><p><br><\/p>\n<p><\/p>\n<p><strong>5. Quais estrat\u00e9gias voc\u00ea utilizou para lidar com o estresse durante as provas?<\/strong><br>&nbsp;Fazendo muitas provas, mesmo que n\u00e3o fosse assumir se passasse, mesmo se n\u00e3o estivesse estudando para determinada prova especificamente. Valia estar ali no dia, sentir o clima do concurso, aprender a organizar o tempo da resolu\u00e7\u00e3o das quest\u00f5es e a driblar o nervosismo.<\/p><p><br><\/p>\n<p><\/p>\n<p><strong>6. Como foi a experi\u00eancia ao ver o seu nome na lista de aprovados?<\/strong><br>Foi m\u00e1gica. N\u00e3o consigo descrever em palavras. Derrubei muitas l\u00e1grimas e n\u00e3o conseguia parar de sorrir. Passou um filme na minha cabe\u00e7a de tudo que passei buscando atingir esse objetivo e no final tudo valeu a pena.<\/p><p><br><\/p>\n<p><\/p>\n<p><strong>7. Quais conselhos voc\u00ea daria para quem est\u00e1 come\u00e7ando a se preparar para os concursos militares?<\/strong><br>Muitos rs. N\u00e3o deixe que outras pessoas te desanimem; mantenha-se firme no prop\u00f3sito; n\u00e3o fique esperando estar motivado para estudar, aja com disciplina, crie o h\u00e1bito de estudar; um dia ruim de estudo \u00e9 normal, levante a cabe\u00e7a e continue; N\u00e3o desista!<\/p><p><br><\/p>\n<p><\/p>\n<p><strong>8. Quais foram os momentos mais marcantes da sua jornada de prepara\u00e7\u00e3o?<\/strong><br>Quando comecei a ver meu nome nas listas de aprovados (prefeituras, tribunal, RM2 Marinha); quando vi que estava nas primeiras coloca\u00e7\u00f5es dos concursos de carreira, entendi que estava perto de conseguir, n\u00e3o podia desistir, apesar de todo o cansa\u00e7o e desgaste.<\/p><p><br><\/p>\n<p><\/p>\n<p><strong>9. Como voc\u00ea se sente agora que alcan\u00e7ou esse objetivo t\u00e3o importante na sua vida?<\/strong><br>Extremamente REALIZADA! Super feliz!!!<\/p><p><br><\/p>\n<p><\/p>\n<p><strong>10. Quais s\u00e3o seus planos para o futuro ap\u00f3s essa conquista nos concursos militares?<\/strong><br>Agora posso fazer a lista de coisas que adiei&nbsp;estudando!<\/p>\t\t\t\t\t\t<\/div>\n\t\t\t\t<\/div>\n\t\t\t\t<div class=\"elementor-element elementor-element-85e27de elementor-widget elementor-widget-heading\" data-id=\"85e27de\" data-element_type=\"widget\" data-widget_type=\"heading.default\">\n\t\t\t\t<div class=\"elementor-widget-container\">\n\t\t\t<h2 class=\"elementor-heading-title elementor-size-default\">PERGUNTA FINAL:<\/h2>\t\t<\/div>\n\t\t\t\t<\/div>\n\t\t\t\t<div class=\"elementor-element elementor-element-dfad32c elementor-widget elementor-widget-text-editor\" data-id=\"dfad32c\" data-element_type=\"widget\" data-widget_type=\"text-editor.default\">\n\t\t\t\t<div class=\"elementor-widget-container\">\n\t\t\t\t\t\t\t<p><span style=\"font-weight: bold;\">O que representa para voc\u00ea fazer parte da Galeria dos Campe\u00f5es do MCA Concursos?<\/span><br \/>Um sonho! Sempre imaginei a minha foto estampada na galeria!\u00a0<\/p>\t\t\t\t\t\t<\/div>\n\t\t\t\t<\/div>\n\t\t\t\t<div class=\"elementor-element elementor-element-7f2b3cc elementor-invisible elementor-widget elementor-widget-text-editor\" data-id=\"7f2b3cc\" data-element_type=\"widget\" data-settings=\"{&quot;_animation&quot;:&quot;fadeIn&quot;}\" data-widget_type=\"text-editor.default\">\n\t\t\t\t<div class=\"elementor-widget-container\">\n\t\t\t\t\t\t\t<p>Andressa Filizzola \u00e9 um exemplo brilhante de determina\u00e7\u00e3o e perseveran\u00e7a. Em 2019, ap\u00f3s dedicar-se incansavelmente aos estudos, ela conquistou sua aprova\u00e7\u00e3o no concurso para RM2 da Marinha. Sua dedica\u00e7\u00e3o e esfor\u00e7o eram evidentes a cada aula em nosso curso, e sua determina\u00e7\u00e3o foi recompensada quando se tornou uma Oficial Dentista de Carreira da Marinha em 2023. A jornada de Andressa \u00e9 verdadeiramente inspiradora, mostrando-nos que com comprometimento e perseveran\u00e7a, \u00e9 poss\u00edvel alcan\u00e7ar nossos sonhos mais audaciosos. Parab\u00e9ns, Andressa, por sua trajet\u00f3ria extraordin\u00e1ria e por nos inspirar todos os dias.<\/p>\t\t\t\t\t\t<\/div>\n\t\t\t\t<\/div>\n\t\t\t\t\t<\/div>\n\t\t<\/div>\n\t\t\t\t\t<\/div>\n\t\t<\/section>\n\t\t\t\t<\/div>\n\t\t","protected":false},"excerpt":{"rendered":"<p>Entrevista com aluna aprovada na MARINHA Andressa Filizzola 1. Qual foi a sensa\u00e7\u00e3o ao receber a not\u00edcia da sua aprova\u00e7\u00e3o nos concursos militares?Foi muito emocionante. Foi uma longa espera para&#8230;<\/p>\n","protected":false},"author":13327,"featured_media":0,"parent":0,"menu_order":0,"comment_status":"closed","ping_status":"closed","template":"","meta":{"_monsterinsights_skip_tracking":false,"_monsterinsights_sitenote_active":false,"_monsterinsights_sitenote_note":"","_monsterinsights_sitenote_category":0,"footnotes":""},"acf":[],"jetpack_sharing_enabled":true,"_links":{"self":[{"href":"https:\/\/mcaconcursos.com\/v1\/wp-json\/wp\/v2\/pages\/78176"}],"collection":[{"href":"https:\/\/mcaconcursos.com\/v1\/wp-json\/wp\/v2\/pages"}],"about":[{"href":"https:\/\/mcaconcursos.com\/v1\/wp-json\/wp\/v2\/types\/page"}],"author":[{"embeddable":true,"href":"https:\/\/mcaconcursos.com\/v1\/wp-json\/wp\/v2\/users\/13327"}],"replies":[{"embeddable":true,"href":"https:\/\/mcaconcursos.com\/v1\/wp-json\/wp\/v2\/comments?post=78176"}],"version-history":[{"count":16,"href":"https:\/\/mcaconcursos.com\/v1\/wp-json\/wp\/v2\/pages\/78176\/revisions"}],"predecessor-version":[{"id":78287,"href":"https:\/\/mcaconcursos.com\/v1\/wp-json\/wp\/v2\/pages\/78176\/revisions\/78287"}],"wp:attachment":[{"href":"https:\/\/mcaconcursos.com\/v1\/wp-json\/wp\/v2\/media?parent=78176"}],"curies":[{"name":"wp","href":"https:\/\/api.w.org\/{rel}","templated":true}]}}