{"id":78299,"date":"2024-03-18T17:27:09","date_gmt":"2024-03-18T20:27:09","guid":{"rendered":"https:\/\/mcaconcursos.com\/v1\/?page_id=78299"},"modified":"2024-03-18T17:40:48","modified_gmt":"2024-03-18T20:40:48","slug":"entrevista-aluna-andressa-santiago","status":"publish","type":"page","link":"https:\/\/mcaconcursos.com\/v1\/entrevista-aluna-andressa-santiago\/","title":{"rendered":"Entrevista aluna Andressa Santiago"},"content":{"rendered":"\t\t<div data-elementor-type=\"wp-page\" data-elementor-id=\"78299\" class=\"elementor elementor-78299\" data-elementor-post-type=\"page\">\n\t\t\t\t\t\t<section class=\"elementor-section elementor-top-section elementor-element elementor-element-5b681f3 elementor-section-boxed elementor-section-height-default elementor-section-height-default reptro-section-padding-large\" data-id=\"5b681f3\" data-element_type=\"section\">\n\t\t\t\t\t\t<div class=\"elementor-container elementor-column-gap-default\">\n\t\t\t\t\t<div class=\"elementor-column elementor-col-100 elementor-top-column elementor-element elementor-element-8a2b590\" data-id=\"8a2b590\" data-element_type=\"column\">\n\t\t\t<div class=\"elementor-widget-wrap elementor-element-populated\">\n\t\t\t\t\t\t<div class=\"elementor-element elementor-element-99f1afe elementor-position-left elementor-vertical-align-middle elementor-invisible elementor-widget elementor-widget-image-box\" data-id=\"99f1afe\" data-element_type=\"widget\" data-settings=\"{&quot;_animation&quot;:&quot;fadeInLeft&quot;}\" data-widget_type=\"image-box.default\">\n\t\t\t\t<div class=\"elementor-widget-container\">\n\t\t\t<div class=\"elementor-image-box-wrapper\"><figure class=\"elementor-image-box-img\"><img fetchpriority=\"high\" decoding=\"async\" width=\"246\" height=\"300\" src=\"https:\/\/mcaconcursos.com\/v1\/wp-content\/uploads\/2023\/11\/APROVADA-MARINHA-ANDRESSA-SANTIAGO-246x300.png\" class=\"attachment-medium size-medium wp-image-74162\" alt=\"\" srcset=\"https:\/\/mcaconcursos.com\/v1\/wp-content\/uploads\/2023\/11\/APROVADA-MARINHA-ANDRESSA-SANTIAGO-246x300.png 246w, https:\/\/mcaconcursos.com\/v1\/wp-content\/uploads\/2023\/11\/APROVADA-MARINHA-ANDRESSA-SANTIAGO-839x1024.png 839w, https:\/\/mcaconcursos.com\/v1\/wp-content\/uploads\/2023\/11\/APROVADA-MARINHA-ANDRESSA-SANTIAGO-768x937.png 768w, https:\/\/mcaconcursos.com\/v1\/wp-content\/uploads\/2023\/11\/APROVADA-MARINHA-ANDRESSA-SANTIAGO-1259x1536.png 1259w, https:\/\/mcaconcursos.com\/v1\/wp-content\/uploads\/2023\/11\/APROVADA-MARINHA-ANDRESSA-SANTIAGO-600x732.png 600w, https:\/\/mcaconcursos.com\/v1\/wp-content\/uploads\/2023\/11\/APROVADA-MARINHA-ANDRESSA-SANTIAGO.png 1304w\" sizes=\"(max-width: 246px) 100vw, 246px\" \/><\/figure><div class=\"elementor-image-box-content\"><h3 class=\"elementor-image-box-title\">Entrevista com aluna aprovada na MARINHA Andressa Santiago<\/h3><\/div><\/div>\t\t<\/div>\n\t\t\t\t<\/div>\n\t\t\t\t<div class=\"elementor-element elementor-element-c3bac11 elementor-invisible elementor-widget elementor-widget-text-editor\" data-id=\"c3bac11\" data-element_type=\"widget\" data-settings=\"{&quot;_animation&quot;:&quot;zoomIn&quot;}\" data-widget_type=\"text-editor.default\">\n\t\t\t\t<div class=\"elementor-widget-container\">\n\t\t\t\t\t\t\t<p><strong>1. Como voc\u00ea descreveria sua jornada de prepara\u00e7\u00e3o para o concurso p\u00fablico?<\/strong><br \/>Minha jornada foi bastante intensa, me preparei durante 3 anos, 2015, 2016 e 2017. Muitos estudos abdica\u00e7\u00f5es de lazer, tempo com a fam\u00edlia e amigos.<\/p><p>\u00a0<\/p><p><strong>2. Quais foram os principais recursos que voc\u00ea utilizou durante seus estudos?<\/strong><br \/>Estudava na biblioteca do CRO, e cursinhos preparat\u00f3rios. Naquela \u00e9poca n\u00e3o tinha Instagram.<\/p><p>\u00a0<\/p><p><strong>3. Como voc\u00ea lidou com os momentos de desmotiva\u00e7\u00e3o durante a prepara\u00e7\u00e3o?<\/strong><br \/>Respeitei o meu momento de tristeza, mas n\u00e3o por muito tempo, pois n\u00e3o podia perder tempo algum, j\u00e1 que estava no limite de idade para passar.<\/p><p>\u00a0<\/p><p><strong>4. Qual foi o papel da sua fam\u00edlia e amigos nessa jornada de prepara\u00e7\u00e3o?<\/strong><br \/>Sempre respeitaram a minha aus\u00eancia, pois tinham certeza que seria por um tempo.<\/p><p>\u00a0<\/p><p><strong>5. Qual foi o papel do MCA Concursos na sua jornada de prepara\u00e7\u00e3o? Como voc\u00ea se preparou para a parte pr\u00e1tica e espec\u00edfica do concurso?<\/strong> <br \/>O MCA me ajudou muito, pois conhe\u00e7o o Marco h\u00e1 um tempo. Sempre motivando os alunos. Assistia dia e noite as aulas. Foi na \u00e9poca que come\u00e7ou o online (2015). Mas gostava muito tb de assistir o presencial, pois era um compromisso que eu tinha. Em rela\u00e7\u00e3o a pr\u00e1tica, eu treinava sempre que podia(nata\u00e7\u00e3o e corrida, no caso da Marinha). E a espec\u00edfica eu lia e sublinhava os livros referentes a parte da minha especialidade.<\/p><p>\u00a0<\/p><p><strong>6. Quais foram as maiores dificuldades que voc\u00ea encontrou durante as provas?<\/strong><br \/>Na prova pr\u00e1tica de nata\u00e7\u00e3o eu tive que fazer aula, pois tinha dificuldade em nadar.<\/p><p>\u00a0<\/p><p><strong>7. Quais estrat\u00e9gias voc\u00ea adotou para manter o foco e a concentra\u00e7\u00e3o durante os estudos?<\/strong><br \/>Colocava o meu celular em modo avi\u00e3o para n\u00e3o desviar a aten\u00e7\u00e3o , usava app para contabilizar as horas de estudo , fazia cronograma de estudos com o conte\u00fado at\u00e9 o dia da prova, colava cartazes pela parede com os conte\u00fados para memorizar.<\/p><p>\u00a0<\/p><p><strong>8. Como voc\u00ea se sentiu ao saber que foi aprovado no concurso?<\/strong><br \/>Foi a melhor not\u00edcia. Sensa\u00e7\u00e3o de dever cumprido!<\/p><p>\u00a0<\/p><p><strong>9. Quais foram os momentos mais marcantes para voc\u00ea durante todo o processo de prepara\u00e7\u00e3o?<\/strong><br \/>A cada etapa do processo do concurso, saber que estaria mais perto da aprova\u00e7\u00e3o.<\/p><p>\u00a0<\/p><p><strong>10. Que conselhos voc\u00ea daria para aqueles que est\u00e3o come\u00e7ando a se preparar para concursos p\u00fablicos?<\/strong><br \/>Estudar exige tempo, maturidade e muita, muita paci\u00eancia. Se eu tivesse desistido, com certeza n\u00e3o estaria aqui falando isso. Eu comecei minha prepara\u00e7\u00e3o com foco em 2015 e s\u00f3 entrei em 2017. Ent\u00e3o, n\u00e3o desistam!<\/p>\t\t\t\t\t\t<\/div>\n\t\t\t\t<\/div>\n\t\t\t\t<div class=\"elementor-element elementor-element-85e27de elementor-widget elementor-widget-heading\" data-id=\"85e27de\" data-element_type=\"widget\" data-widget_type=\"heading.default\">\n\t\t\t\t<div class=\"elementor-widget-container\">\n\t\t\t<h2 class=\"elementor-heading-title elementor-size-default\">PERGUNTA FINAL:<\/h2>\t\t<\/div>\n\t\t\t\t<\/div>\n\t\t\t\t<div class=\"elementor-element elementor-element-dfad32c elementor-widget elementor-widget-text-editor\" data-id=\"dfad32c\" data-element_type=\"widget\" data-widget_type=\"text-editor.default\">\n\t\t\t\t<div class=\"elementor-widget-container\">\n\t\t\t\t\t\t\t<p><span style=\"font-weight: bold;\">O que representa para voc\u00ea fazer parte da Galeria dos Campe\u00f5es do MCA Concursos?<\/span><br \/>Uma alegria imensur\u00e1vel.\u00a0<\/p>\t\t\t\t\t\t<\/div>\n\t\t\t\t<\/div>\n\t\t\t\t<div class=\"elementor-element elementor-element-7f2b3cc elementor-invisible elementor-widget elementor-widget-text-editor\" data-id=\"7f2b3cc\" data-element_type=\"widget\" data-settings=\"{&quot;_animation&quot;:&quot;fadeIn&quot;}\" data-widget_type=\"text-editor.default\">\n\t\t\t\t<div class=\"elementor-widget-container\">\n\t\t\t\t\t\t\t<p>Uma jornada marcada por determina\u00e7\u00e3o e vit\u00f3ria! Em 2017, nossa aluna, Andressa Santiago, alcan\u00e7ou seu objetivo ao ser aprovada no concurso para Oficiais Dentistas da Marinha. Sua dedica\u00e7\u00e3o e esfor\u00e7o incans\u00e1vel s\u00e3o inspiradores, mostrando-nos que com perseveran\u00e7a, qualquer sonho pode se tornar realidade. Parab\u00e9ns, Andressa, por sua conquista extraordin\u00e1ria!<\/p>\t\t\t\t\t\t<\/div>\n\t\t\t\t<\/div>\n\t\t\t\t\t<\/div>\n\t\t<\/div>\n\t\t\t\t\t<\/div>\n\t\t<\/section>\n\t\t\t\t<\/div>\n\t\t","protected":false},"excerpt":{"rendered":"<p>Entrevista com aluna aprovada na MARINHA Andressa Santiago 1. Como voc\u00ea descreveria sua jornada de prepara\u00e7\u00e3o para o concurso p\u00fablico?Minha jornada foi bastante intensa, me preparei durante 3 anos, 2015,&#8230;<\/p>\n","protected":false},"author":13327,"featured_media":0,"parent":0,"menu_order":0,"comment_status":"closed","ping_status":"closed","template":"","meta":{"_monsterinsights_skip_tracking":false,"_monsterinsights_sitenote_active":false,"_monsterinsights_sitenote_note":"","_monsterinsights_sitenote_category":0,"footnotes":""},"acf":[],"jetpack_sharing_enabled":true,"_links":{"self":[{"href":"https:\/\/mcaconcursos.com\/v1\/wp-json\/wp\/v2\/pages\/78299"}],"collection":[{"href":"https:\/\/mcaconcursos.com\/v1\/wp-json\/wp\/v2\/pages"}],"about":[{"href":"https:\/\/mcaconcursos.com\/v1\/wp-json\/wp\/v2\/types\/page"}],"author":[{"embeddable":true,"href":"https:\/\/mcaconcursos.com\/v1\/wp-json\/wp\/v2\/users\/13327"}],"replies":[{"embeddable":true,"href":"https:\/\/mcaconcursos.com\/v1\/wp-json\/wp\/v2\/comments?post=78299"}],"version-history":[{"count":9,"href":"https:\/\/mcaconcursos.com\/v1\/wp-json\/wp\/v2\/pages\/78299\/revisions"}],"predecessor-version":[{"id":78311,"href":"https:\/\/mcaconcursos.com\/v1\/wp-json\/wp\/v2\/pages\/78299\/revisions\/78311"}],"wp:attachment":[{"href":"https:\/\/mcaconcursos.com\/v1\/wp-json\/wp\/v2\/media?parent=78299"}],"curies":[{"name":"wp","href":"https:\/\/api.w.org\/{rel}","templated":true}]}}