{"id":78675,"date":"2024-03-25T17:15:51","date_gmt":"2024-03-25T20:15:51","guid":{"rendered":"https:\/\/mcaconcursos.com\/v1\/?page_id=78675"},"modified":"2024-03-25T17:25:19","modified_gmt":"2024-03-25T20:25:19","slug":"entrevista-aluna-evelyn-piovesan","status":"publish","type":"page","link":"https:\/\/mcaconcursos.com\/v1\/entrevista-aluna-evelyn-piovesan\/","title":{"rendered":"Entrevista aluna Evelyn Piovesan"},"content":{"rendered":"\t\t<div data-elementor-type=\"wp-page\" data-elementor-id=\"78675\" class=\"elementor elementor-78675\" data-elementor-post-type=\"page\">\n\t\t\t\t\t\t<section class=\"elementor-section elementor-top-section elementor-element elementor-element-5b681f3 elementor-section-boxed elementor-section-height-default elementor-section-height-default reptro-section-padding-large\" data-id=\"5b681f3\" data-element_type=\"section\">\n\t\t\t\t\t\t<div class=\"elementor-container elementor-column-gap-default\">\n\t\t\t\t\t<div class=\"elementor-column elementor-col-100 elementor-top-column elementor-element elementor-element-8a2b590\" data-id=\"8a2b590\" data-element_type=\"column\">\n\t\t\t<div class=\"elementor-widget-wrap elementor-element-populated\">\n\t\t\t\t\t\t<div class=\"elementor-element elementor-element-99f1afe elementor-position-left elementor-vertical-align-middle elementor-invisible elementor-widget elementor-widget-image-box\" data-id=\"99f1afe\" data-element_type=\"widget\" data-settings=\"{&quot;_animation&quot;:&quot;fadeInLeft&quot;}\" data-widget_type=\"image-box.default\">\n\t\t\t\t<div class=\"elementor-widget-container\">\n\t\t\t<div class=\"elementor-image-box-wrapper\"><figure class=\"elementor-image-box-img\"><img fetchpriority=\"high\" decoding=\"async\" width=\"246\" height=\"300\" src=\"https:\/\/mcaconcursos.com\/v1\/wp-content\/uploads\/2024\/03\/APROVADA-ESFCEx-EVELYN-PIOVESAN-246x300.png\" class=\"attachment-medium size-medium wp-image-78164\" alt=\"\" srcset=\"https:\/\/mcaconcursos.com\/v1\/wp-content\/uploads\/2024\/03\/APROVADA-ESFCEx-EVELYN-PIOVESAN-246x300.png 246w, https:\/\/mcaconcursos.com\/v1\/wp-content\/uploads\/2024\/03\/APROVADA-ESFCEx-EVELYN-PIOVESAN-839x1024.png 839w, https:\/\/mcaconcursos.com\/v1\/wp-content\/uploads\/2024\/03\/APROVADA-ESFCEx-EVELYN-PIOVESAN-768x937.png 768w, https:\/\/mcaconcursos.com\/v1\/wp-content\/uploads\/2024\/03\/APROVADA-ESFCEx-EVELYN-PIOVESAN-1259x1536.png 1259w, https:\/\/mcaconcursos.com\/v1\/wp-content\/uploads\/2024\/03\/APROVADA-ESFCEx-EVELYN-PIOVESAN-600x732.png 600w, https:\/\/mcaconcursos.com\/v1\/wp-content\/uploads\/2024\/03\/APROVADA-ESFCEx-EVELYN-PIOVESAN.png 1304w\" sizes=\"(max-width: 246px) 100vw, 246px\" \/><\/figure><div class=\"elementor-image-box-content\"><h3 class=\"elementor-image-box-title\">Entrevista com aluna aprovada no EXERC\u00cdTO Evelyn Piovesan<\/h3><\/div><\/div>\t\t<\/div>\n\t\t\t\t<\/div>\n\t\t\t\t<div class=\"elementor-element elementor-element-c3bac11 elementor-invisible elementor-widget elementor-widget-text-editor\" data-id=\"c3bac11\" data-element_type=\"widget\" data-settings=\"{&quot;_animation&quot;:&quot;zoomIn&quot;}\" data-widget_type=\"text-editor.default\">\n\t\t\t\t<div class=\"elementor-widget-container\">\n\t\t\t\t\t\t\t<p><strong>1. Como voc\u00ea descreveria sua jornada de prepara\u00e7\u00e3o para o concurso p\u00fablico?<\/strong><br>Minha jornada iniciou no \u00faltimo per\u00edodo da faculdade, quando tomei conhecimento de quais concursos poderia concorrer. Entretanto, meus estudos foram somente pautados no conte\u00fado visto durante a gradua\u00e7\u00e3o, sem leitura dos editais. Com os anos de tentativas fracassadas, compreendi que precisava de uma prepara\u00e7\u00e3o mais espec\u00edfica, focada na bibliografia de cada edital e selecionei quais concursos me atenderiam mais, que na \u00e9poca foram os da Aeron\u00e1utica e do Ex\u00e9rcito Brasileiro. Conversando com outros colegas que obtiveram \u00eaxito, surgiu a indica\u00e7\u00e3o do MCA Concursos, o qual prontamente me inscrevi nos m\u00f3dulos direcionados e obtive um conte\u00fado focado para as provas. Na \u00e9poca, n\u00e3o havia o m\u00f3dulo para a minha especialidade e a minha prepara\u00e7\u00e3o consistiu na leitura dos livros da bibliografia indo at\u00e9 a Biblioteca do CRO-RJ.<\/p><p><br><\/p>\n<p><strong>2. Quais foram os principais recursos que voc\u00ea utilizou durante seus estudos?<\/strong><br>Utilizei muito as apostilas do MCA Concursos para a parte de Odontologia Geral do Ex\u00e9rcito Brasileiro, pois n\u00e3o havia tempo h\u00e1bil para me aprofundar em cada livro em quest\u00e3o. E para a parte espec\u00edfica os meus resumos dos livros lidos na Biblioteca do CRO-RJ.<\/p><p><br><\/p>\n<p><strong>3. Como voc\u00ea lidou com os momentos de desmotiva\u00e7\u00e3o durante a prepara\u00e7\u00e3o?<\/strong><br>Como eu tentei o concurso por 6 anos, passei por muitos per\u00edodos de desmotiva\u00e7\u00e3o, inclusive quando n\u00e3o abria vaga para a minha especialidade e por, muitas vezes, ser uma \u00fanica vaga, mas \u00e9 necess\u00e1rio viver um dia de cada vez, aceitar que a desmotiva\u00e7\u00e3o faz parte do processo e buscar o est\u00edmulo necess\u00e1rio para continuar pesistindo. Cada pessoa possui um objetivo, um sonho e seu foco. Importante sempre lembrar do porqu\u00ea de tanta dedica\u00e7\u00e3o e abnega\u00e7\u00e3o, visando um objetivo maior.<\/p><p><br><\/p>\n<p><strong>4. Qual foi o papel da sua fam\u00edlia e amigos nessa jornada de prepara\u00e7\u00e3o?<\/strong><br>A minha m\u00e3e foi um pilar muito importante na minha jornada, enquanto eu usava todo meu tempo livre para estudar, ela ajudou cuidando de todas as tarefas dom\u00e9sticas necess\u00e1rias, incentivando meus estudos e compreendendo os meus dias dif\u00edceis.<\/p><p><br><\/p>\n<p><strong>5. Qual foi o papel do MCA Concursos na sua jornada de prepara\u00e7\u00e3o? Como voc\u00ea se preparou para a parte pr\u00e1tica ou espec\u00edfica do concurso?<\/strong><br>Utilizei muito as apostilas do MCA Concursos para a parte de Odontologia Geral do Ex\u00e9rcito Brasileiro, pois n\u00e3o havia tempo h\u00e1bil para me aprofundar em cada livro em quest\u00e3o. E para a parte espec\u00edfica os meus resumos dos livros lidos na Biblioteca do CRO-RJ. Para a parte pr\u00e1tica, no meu caso, foi somente o preparo f\u00edsico, ent\u00e3o eu fazia um treinamento focado nos objetivos de corrida, flex\u00e3o&nbsp;e&nbsp;abdominal.<\/p><p><br><\/p>\n<p><strong>6. Quais foram as maiores dificuldades que voc\u00ea encontrou durante as provas?<\/strong><br>Acredito que tenha sido a falta de preparo para executar as provas te\u00f3ricas. Para as etapas e prazos do concurso \u00e9 fundamental estar sempre consultando o edital.<\/p><p><br><\/p>\n<p><strong>7. Quais estrat\u00e9gias voc\u00ea adotou para manter o foco e a concentra\u00e7\u00e3o durante os estudos?<\/strong><br>Eu tinha um cronograma de estudos com base nos meus tempos livres, pois n\u00e3o deixei de trabalhar enquanto me preparava para o concurso. Depois, quando tirei 15 dias de f\u00e9rias antes da prova, eu usei todo meu tempo para estudar os conte\u00fados, dividindo sempre em geral e espec\u00edfica durante o dia. Durante o per\u00edodo de estudo priorizei n\u00e3o usar o celular e a cada hora eu fazia pausas de 10 minutos onde verificava se havia algo urgente a ser respondido. Sempre preferi estudar falando ou escrevendo, o que ajuda a manter o foco no conte\u00fado.<\/p><p><br><\/p>\n<p><strong>8. Como voc\u00ea se sentiu ao saber que foi aprovado no concurso?<\/strong><br>Quando saiu a aprova\u00e7\u00e3o na prova escrita eu comecei a receber &#8220;parab\u00e9ns&#8221; de v\u00e1rios colegas e n\u00e3o entendi nada, pois tinha esquecido completamente que era o dia que ia sair o resultado. Depois que a ficha caiu, fui entrar no site para ver e nem procurei meu nome, de t\u00e3o nervosa, fui rolando todas as p\u00e1ginas do arquivo at\u00e9 chegar na minha especialidade e conseguir ler meu nome como aprovada. Eu li diversas vezes meu nome e n\u00e3o conseguia acreditar que era verdade. A completa aceita\u00e7\u00e3o de que realmente eu estava aprovada no concurso do Ex\u00e9rcito Brasileiro s\u00f3 ocorreu na cerim\u00f4nia de Entrada dos Port\u00f5es na Escola de Sa\u00fade.<\/p><p><br><\/p>\n<p><strong>9. Quais foram os momentos mais marcantes para voc\u00ea durante todo o processo de prepara\u00e7\u00e3o?<\/strong><br>Dois momentos se destacaram muito pra mim: um que ficou registrado pela minha m\u00e3e por foto, onde eu estava estudando na praia, pois ela tinha insistido muito pra eu ir. E o outro foi ap\u00f3s a aprova\u00e7\u00e3o, quando eu refiz o caminho para ir \u1e55ara o CRO-RJ, entregar a minha documenta\u00e7\u00e3o no conselho e lembrei de todos os dias indo at\u00e9 l\u00e1 para estudar na biblioteca e de toda jornada para a aprova\u00e7\u00e3o.<\/p><p><br><\/p>\n<p><strong>10. Que conselhos voc\u00ea daria para aqueles que est\u00e3o come\u00e7ando a se preparar para concursos p\u00fablicos?<\/strong><br>O principal conselho que eu posso dar \u00e9: o edital \u00e9 seu melhor amigo! N\u00e3o adianta querer estudar os conte\u00fados com base no que aprendeu na faculdade, eu aprendi muitas coisas novas ao pegar os livros da bibliografia. Al\u00e9m disso, a aprova\u00e7\u00e3o n\u00e3o \u00e9 somente a prova escrita, esse \u00e9 o primeiro e mais importante passo, mas cada concurso tem sua especificidade, ent\u00e3o tem que estar preparado para tudo, pois cada etapa reprova. Importante tamb\u00e9m se atentar aos hor\u00e1rios e sempre chegar com anteced\u00eancia, imprevistos acontecem e eu quase perdi a prova pr\u00e1tica da Aeron\u00e1utica porque o \u00f4nibus quebrou. E, por \u00faltimo, a prepara\u00e7\u00e3o tem que ser intelectual, emocional e f\u00edsica, pois nada adianta estudar muito e ficar t\u00e3o nervoso na hora da prova que acaba esquecendo o conte\u00fado ou duvidando de si mesmo, ou ter uma dor de barriga que te consome um tempo important\u00edssimo para a prova. Recomendo que fa\u00e7am as provas anteriores, n\u00e3o s\u00f3 para se familiarizar com a forma que o conte\u00fado \u00e9 cobrado, o que direciona os estudos, mas tamb\u00e9m para calcular seu tempo de prova.<\/p>\t\t\t\t\t\t<\/div>\n\t\t\t\t<\/div>\n\t\t\t\t<div class=\"elementor-element elementor-element-85e27de elementor-widget elementor-widget-heading\" data-id=\"85e27de\" data-element_type=\"widget\" data-widget_type=\"heading.default\">\n\t\t\t\t<div class=\"elementor-widget-container\">\n\t\t\t<h2 class=\"elementor-heading-title elementor-size-default\">PERGUNTA FINAL:<\/h2>\t\t<\/div>\n\t\t\t\t<\/div>\n\t\t\t\t<div class=\"elementor-element elementor-element-dfad32c elementor-widget elementor-widget-text-editor\" data-id=\"dfad32c\" data-element_type=\"widget\" data-widget_type=\"text-editor.default\">\n\t\t\t\t<div class=\"elementor-widget-container\">\n\t\t\t\t\t\t\t<p><span style=\"font-weight: bold;\">O que representa para voc\u00ea fazer parte da Galeria dos Campe\u00f5es do MCA Concursos?<\/span><br \/>Estar na Galeria dos Campe\u00f5es do MCA Concursos \u00e9 gratificante, n\u00e3o somente pelo reconhecimento da equipe que fez parte da minha jornada e prepara\u00e7\u00e3o, mas tamb\u00e9m por servir de inspira\u00e7\u00e3o para os pr\u00f3ximos concurseiros que desejam servir nas\u00a0For\u00e7as\u00a0Armadas.<\/p>\t\t\t\t\t\t<\/div>\n\t\t\t\t<\/div>\n\t\t\t\t<div class=\"elementor-element elementor-element-7f2b3cc elementor-invisible elementor-widget elementor-widget-text-editor\" data-id=\"7f2b3cc\" data-element_type=\"widget\" data-settings=\"{&quot;_animation&quot;:&quot;fadeIn&quot;}\" data-widget_type=\"text-editor.default\">\n\t\t\t\t<div class=\"elementor-widget-container\">\n\t\t\t\t\t\t\t<p>Parab\u00e9ns, Evelyn Piovesan, por sua incr\u00edvel jornada at\u00e9 a aprova\u00e7\u00e3o no concurso para Oficiais Dentistas do Ex\u00e9rcito! Sua dedica\u00e7\u00e3o e perseveran\u00e7a s\u00e3o verdadeiras inspira\u00e7\u00f5es para todos n\u00f3s. Continue brilhando e conquistando seus sonhos!<\/p>\t\t\t\t\t\t<\/div>\n\t\t\t\t<\/div>\n\t\t\t\t\t<\/div>\n\t\t<\/div>\n\t\t\t\t\t<\/div>\n\t\t<\/section>\n\t\t\t\t<\/div>\n\t\t","protected":false},"excerpt":{"rendered":"<p>Entrevista com aluna aprovada no EXERC\u00cdTO Evelyn Piovesan 1. Como voc\u00ea descreveria sua jornada de prepara\u00e7\u00e3o para o concurso p\u00fablico?Minha jornada iniciou no \u00faltimo per\u00edodo da faculdade, quando tomei conhecimento&#8230;<\/p>\n","protected":false},"author":13327,"featured_media":0,"parent":0,"menu_order":0,"comment_status":"closed","ping_status":"closed","template":"","meta":{"_monsterinsights_skip_tracking":false,"_monsterinsights_sitenote_active":false,"_monsterinsights_sitenote_note":"","_monsterinsights_sitenote_category":0,"footnotes":""},"acf":[],"jetpack_sharing_enabled":true,"_links":{"self":[{"href":"https:\/\/mcaconcursos.com\/v1\/wp-json\/wp\/v2\/pages\/78675"}],"collection":[{"href":"https:\/\/mcaconcursos.com\/v1\/wp-json\/wp\/v2\/pages"}],"about":[{"href":"https:\/\/mcaconcursos.com\/v1\/wp-json\/wp\/v2\/types\/page"}],"author":[{"embeddable":true,"href":"https:\/\/mcaconcursos.com\/v1\/wp-json\/wp\/v2\/users\/13327"}],"replies":[{"embeddable":true,"href":"https:\/\/mcaconcursos.com\/v1\/wp-json\/wp\/v2\/comments?post=78675"}],"version-history":[{"count":7,"href":"https:\/\/mcaconcursos.com\/v1\/wp-json\/wp\/v2\/pages\/78675\/revisions"}],"predecessor-version":[{"id":78683,"href":"https:\/\/mcaconcursos.com\/v1\/wp-json\/wp\/v2\/pages\/78675\/revisions\/78683"}],"wp:attachment":[{"href":"https:\/\/mcaconcursos.com\/v1\/wp-json\/wp\/v2\/media?parent=78675"}],"curies":[{"name":"wp","href":"https:\/\/api.w.org\/{rel}","templated":true}]}}