{"id":78685,"date":"2024-03-25T17:31:56","date_gmt":"2024-03-25T20:31:56","guid":{"rendered":"https:\/\/mcaconcursos.com\/v1\/?page_id=78685"},"modified":"2024-03-25T17:43:17","modified_gmt":"2024-03-25T20:43:17","slug":"entrevista-aluna-camila-janott","status":"publish","type":"page","link":"https:\/\/mcaconcursos.com\/v1\/entrevista-aluna-camila-janott\/","title":{"rendered":"Entrevista aluna Camila Janott"},"content":{"rendered":"\t\t<div data-elementor-type=\"wp-page\" data-elementor-id=\"78685\" class=\"elementor elementor-78685\" data-elementor-post-type=\"page\">\n\t\t\t\t\t\t<section class=\"elementor-section elementor-top-section elementor-element elementor-element-5b681f3 elementor-section-boxed elementor-section-height-default elementor-section-height-default reptro-section-padding-large\" data-id=\"5b681f3\" data-element_type=\"section\">\n\t\t\t\t\t\t<div class=\"elementor-container elementor-column-gap-default\">\n\t\t\t\t\t<div class=\"elementor-column elementor-col-100 elementor-top-column elementor-element elementor-element-8a2b590\" data-id=\"8a2b590\" data-element_type=\"column\">\n\t\t\t<div class=\"elementor-widget-wrap elementor-element-populated\">\n\t\t\t\t\t\t<div class=\"elementor-element elementor-element-99f1afe elementor-position-left elementor-vertical-align-middle elementor-invisible elementor-widget elementor-widget-image-box\" data-id=\"99f1afe\" data-element_type=\"widget\" data-settings=\"{&quot;_animation&quot;:&quot;fadeInLeft&quot;}\" data-widget_type=\"image-box.default\">\n\t\t\t\t<div class=\"elementor-widget-container\">\n\t\t\t<div class=\"elementor-image-box-wrapper\"><figure class=\"elementor-image-box-img\"><img fetchpriority=\"high\" decoding=\"async\" width=\"246\" height=\"300\" src=\"https:\/\/mcaconcursos.com\/v1\/wp-content\/uploads\/2023\/11\/APROVADA-MARINHA-CAMILA-JANOTT-246x300.png\" class=\"attachment-medium size-medium wp-image-74163\" alt=\"\" srcset=\"https:\/\/mcaconcursos.com\/v1\/wp-content\/uploads\/2023\/11\/APROVADA-MARINHA-CAMILA-JANOTT-246x300.png 246w, https:\/\/mcaconcursos.com\/v1\/wp-content\/uploads\/2023\/11\/APROVADA-MARINHA-CAMILA-JANOTT-839x1024.png 839w, https:\/\/mcaconcursos.com\/v1\/wp-content\/uploads\/2023\/11\/APROVADA-MARINHA-CAMILA-JANOTT-768x937.png 768w, https:\/\/mcaconcursos.com\/v1\/wp-content\/uploads\/2023\/11\/APROVADA-MARINHA-CAMILA-JANOTT-1259x1536.png 1259w, https:\/\/mcaconcursos.com\/v1\/wp-content\/uploads\/2023\/11\/APROVADA-MARINHA-CAMILA-JANOTT-600x732.png 600w, https:\/\/mcaconcursos.com\/v1\/wp-content\/uploads\/2023\/11\/APROVADA-MARINHA-CAMILA-JANOTT.png 1304w\" sizes=\"(max-width: 246px) 100vw, 246px\" \/><\/figure><div class=\"elementor-image-box-content\"><h3 class=\"elementor-image-box-title\">Entrevista com aluna aprovada na MARINHA Camila Janott<\/h3><\/div><\/div>\t\t<\/div>\n\t\t\t\t<\/div>\n\t\t\t\t<div class=\"elementor-element elementor-element-c3bac11 elementor-invisible elementor-widget elementor-widget-text-editor\" data-id=\"c3bac11\" data-element_type=\"widget\" data-settings=\"{&quot;_animation&quot;:&quot;zoomIn&quot;}\" data-widget_type=\"text-editor.default\">\n\t\t\t\t<div class=\"elementor-widget-container\">\n\t\t\t\t\t\t\t<p><b>1. Como voc\u00ea se sentiu ao receber a not\u00edcia da sua aprova\u00e7\u00e3o no concurso?<br \/><\/b>muita gratid\u00e3o, sentimento de recompensa por todo trabalho de dedica\u00e7\u00e3o que tive. \u00c9 um al\u00edvio grande tamb\u00e9m!<br \/><br \/><\/p><p><br \/><b>2. Quais foram os maiores desafios que voc\u00ea enfrentou durante sua prepara\u00e7\u00e3o para o concurso?<br \/><\/b>Manter a const\u00e2ncia, pois nem todos os dias estamos motivados. Ainda mais quando n\u00e3o se sabe ainda quantas vagas, quando edital ir\u00e1 sair. <br \/><br \/><br \/><b>3. Como o MCA Concursos contribuiu para sua aprova\u00e7\u00e3o?<br \/><\/b>Me dando direcionamento aos estudos e estimulando por meio de professores capacitadores e material de qualidade.<br \/><br \/><br \/><b>4. Qual foi a parte mais gratificante do processo de prepara\u00e7\u00e3o?<br \/><\/b>Me conhecer, saber que posso alcan\u00e7ar o que minha mente se dedicar a fazer. Superar dificuldades e encarar desafios.<br \/><br \/><br \/><b>5. Qual conselho voc\u00ea daria para quem est\u00e1 come\u00e7ando a estudar para concursos p\u00fablicos?<br \/><\/b>Primeiro, tenha clareza do que quer. Saber o seu objetivo \u00e9 fundamental, se pergunte, eu quero isso, quero mesmo? Liste todas as adversidades que podem aparecer no caminho e j\u00e1 coloque ao lado como voc\u00ea ir\u00e1 combat\u00ea-la quando aparecer. Assim nada que acontecer poder\u00e1 te impedir de parar, pois voc\u00ea j\u00e1 tem\u00a0<span style=\"color: var( --e-global-color-text );\">um plano de como se manter firme mesmo com as adversidades, pois, sem d\u00favidas, elas aparecer\u00e3o.<\/span><\/p><p>\u00a0<\/p><p><br \/><b>6. Como voc\u00ea lidou com os momentos de des\u00e2nimo durante a prepara\u00e7\u00e3o?<br \/><\/b>Focando no objetivo final, como eu era tempor\u00e1ria, eu tive o privil\u00e9gio de viver a vida militar antes de estudar pra valer, ent\u00e3o eu tinha certeza que era aquilo que queria! Que eu tinha o perfil para viver aquilo para sempre! <br \/><br \/><br \/><b>7. Qual foi sua estrat\u00e9gia para gerenciar o tempo de estudo?<br \/><\/b>Organiza\u00e7\u00e3o e foco. Qualquer pouco tempo que tinha, seja no transporte, esperando uma consulta, entre um paciente e outro, eu tinha alguma material na bolsa ou aula para ouvir. Foco \u00e9 tudo.<br \/><br \/><br \/><b>8. Quais foram os recursos que voc\u00ea mais utilizou durante sua prepara\u00e7\u00e3o?<br \/><\/b>Aulas on-line, leitura dos livros da bibliografia, quest\u00f5es de apostilas e provas anteriores.<\/p><p>\u00a0<\/p><p><br \/><b>9. Como voc\u00ea se preparou para a fase de provas e concursos? Fez muitas provas de concursos anteriores?<br \/><\/b>Sim, \u00e9 fundamental. Fiz todas as provas anteriores dispon\u00edveis no site da Marinha. E tamb\u00e9m quest\u00f5es extras de apostilas. <br \/><br \/><br \/><b>10. Quais s\u00e3o seus planos para o futuro ap\u00f3s essa conquista nos concursos militares?<br \/><\/b>Ter mais tempo para curtir a fam\u00edlia e seguir estudando porque ap\u00f3s a aprova\u00e7\u00e3o a vida s\u00f3 est\u00e1 come\u00e7ando. E tem muito estudo pela frente. Aprender \u00e9 eterno.<\/p>\t\t\t\t\t\t<\/div>\n\t\t\t\t<\/div>\n\t\t\t\t<div class=\"elementor-element elementor-element-85e27de elementor-widget elementor-widget-heading\" data-id=\"85e27de\" data-element_type=\"widget\" data-widget_type=\"heading.default\">\n\t\t\t\t<div class=\"elementor-widget-container\">\n\t\t\t<h2 class=\"elementor-heading-title elementor-size-default\">PERGUNTA FINAL:<\/h2>\t\t<\/div>\n\t\t\t\t<\/div>\n\t\t\t\t<div class=\"elementor-element elementor-element-dfad32c elementor-widget elementor-widget-text-editor\" data-id=\"dfad32c\" data-element_type=\"widget\" data-widget_type=\"text-editor.default\">\n\t\t\t\t<div class=\"elementor-widget-container\">\n\t\t\t\t\t\t\t<p><span style=\"font-weight: bold;\">O que representa para voc\u00ea fazer parte da Galeria dos Campe\u00f5es do MCA Concursos?<\/span><br \/>Uma gratid\u00e3o grande e felicidade em poder contribuir para incentivar outras pessoas a correr atr\u00e1s dos sonhos. Eles s\u00e3o poss\u00edveis e reais, basta focarmos e nos dedicarmos. A recompensa vem, pode confiar.<\/p>\t\t\t\t\t\t<\/div>\n\t\t\t\t<\/div>\n\t\t\t\t<div class=\"elementor-element elementor-element-7f2b3cc elementor-invisible elementor-widget elementor-widget-text-editor\" data-id=\"7f2b3cc\" data-element_type=\"widget\" data-settings=\"{&quot;_animation&quot;:&quot;fadeIn&quot;}\" data-widget_type=\"text-editor.default\">\n\t\t\t\t<div class=\"elementor-widget-container\">\n\t\t\t\t\t\t\t<p>\u00c9 incr\u00edvel testemunhar a jornada de sucesso de Camila Janott, uma verdadeira inspira\u00e7\u00e3o para todos n\u00f3s. Sua dedica\u00e7\u00e3o incans\u00e1vel e compromisso inabal\u00e1vel nos recordam da import\u00e2ncia de perseguir nossos sonhos com fervor e resili\u00eancia. Ao vermos sua determina\u00e7\u00e3o e esfor\u00e7o ao longo do caminho at\u00e9 sua aprova\u00e7\u00e3o como Oficial Dentista da Marinha em 2018, somos lembrados do poder da persist\u00eancia. Que sua hist\u00f3ria de conquista inspire e motive outros aspirantes a trilhar o mesmo caminho. Parab\u00e9ns, Camila, por sua dedica\u00e7\u00e3o, coragem e sucesso alcan\u00e7ado!<\/p>\t\t\t\t\t\t<\/div>\n\t\t\t\t<\/div>\n\t\t\t\t\t<\/div>\n\t\t<\/div>\n\t\t\t\t\t<\/div>\n\t\t<\/section>\n\t\t\t\t<\/div>\n\t\t","protected":false},"excerpt":{"rendered":"<p>Entrevista com aluna aprovada na MARINHA Camila Janott 1. Como voc\u00ea se sentiu ao receber a not\u00edcia da sua aprova\u00e7\u00e3o no concurso?muita gratid\u00e3o, sentimento de recompensa por todo trabalho de&#8230;<\/p>\n","protected":false},"author":13327,"featured_media":0,"parent":0,"menu_order":0,"comment_status":"closed","ping_status":"closed","template":"","meta":{"_monsterinsights_skip_tracking":false,"_monsterinsights_sitenote_active":false,"_monsterinsights_sitenote_note":"","_monsterinsights_sitenote_category":0,"footnotes":""},"acf":[],"jetpack_sharing_enabled":true,"_links":{"self":[{"href":"https:\/\/mcaconcursos.com\/v1\/wp-json\/wp\/v2\/pages\/78685"}],"collection":[{"href":"https:\/\/mcaconcursos.com\/v1\/wp-json\/wp\/v2\/pages"}],"about":[{"href":"https:\/\/mcaconcursos.com\/v1\/wp-json\/wp\/v2\/types\/page"}],"author":[{"embeddable":true,"href":"https:\/\/mcaconcursos.com\/v1\/wp-json\/wp\/v2\/users\/13327"}],"replies":[{"embeddable":true,"href":"https:\/\/mcaconcursos.com\/v1\/wp-json\/wp\/v2\/comments?post=78685"}],"version-history":[{"count":7,"href":"https:\/\/mcaconcursos.com\/v1\/wp-json\/wp\/v2\/pages\/78685\/revisions"}],"predecessor-version":[{"id":78701,"href":"https:\/\/mcaconcursos.com\/v1\/wp-json\/wp\/v2\/pages\/78685\/revisions\/78701"}],"wp:attachment":[{"href":"https:\/\/mcaconcursos.com\/v1\/wp-json\/wp\/v2\/media?parent=78685"}],"curies":[{"name":"wp","href":"https:\/\/api.w.org\/{rel}","templated":true}]}}