{"id":8942,"date":"2019-01-11T09:44:47","date_gmt":"2019-01-11T11:44:47","guid":{"rendered":"https:\/\/mcaconcursos.com\/?page_id=8942"},"modified":"2025-04-11T17:03:03","modified_gmt":"2025-04-11T20:03:03","slug":"programa-de-indicacao","status":"publish","type":"page","link":"https:\/\/mcaconcursos.com\/v1\/programa-de-indicacao\/","title":{"rendered":"Programa de indica\u00e7\u00e3o Amigo MCA"},"content":{"rendered":"\t\t<div data-elementor-type=\"wp-page\" data-elementor-id=\"8942\" class=\"elementor elementor-8942\" data-elementor-post-type=\"page\">\n\t\t\t\t\t\t<section class=\"elementor-section elementor-top-section elementor-element elementor-element-4f0fe60d elementor-section-boxed elementor-section-height-default elementor-section-height-default reptro-section-padding-large\" data-id=\"4f0fe60d\" data-element_type=\"section\">\n\t\t\t\t\t\t<div class=\"elementor-container elementor-column-gap-default\">\n\t\t\t\t\t<div class=\"elementor-column elementor-col-100 elementor-top-column elementor-element elementor-element-1c61f524\" data-id=\"1c61f524\" data-element_type=\"column\">\n\t\t\t<div class=\"elementor-widget-wrap elementor-element-populated\">\n\t\t\t\t\t\t<div class=\"elementor-element elementor-element-3558f0e0 elementor-widget elementor-widget-text-editor\" data-id=\"3558f0e0\" data-element_type=\"widget\" data-widget_type=\"text-editor.default\">\n\t\t\t\t<div class=\"elementor-widget-container\">\n\t\t\t\t\t\t\t<p>[vc_row el_class=&#8221;indique&#8221;][vc_column][vc_column_text]<\/p>\n<h2 style=\"text-align: center;\">VOC\u00ca E O ALUNO INDICADO GANHAR\u00c3O 5%<\/h2>\n<p>[\/vc_column_text][vc_custom_heading text=&#8221;O aluno indicado ganhar\u00e1 5% de desconto e<br>Voc\u00ea receber\u00e1 o dobro do valor em dinheiro, via PIX<\/p>\n<p>&nbsp;ou o dobro (20%) em desconto em algum curso que escolher.&#8221; font_container=&#8221;tag:h3|font_size:30px|text_align:center|line_height:36px&#8221; google_fonts=&#8221;font_family:Roboto%3A100%2C100italic%2C300%2C300italic%2Cregular%2Citalic%2C500%2C500italic%2C700%2C700italic%2C900%2C900italic|font_style:400%20regular%3A400%3Anormal&#8221;][vc_column_text]<\/p>\n<p style=\"text-align: center;\">J\u00e1 imaginou Voc\u00ea levar a educa\u00e7\u00e3o aos 4 cantos do Brasil,<br>indicando nossos cursos pelas suas redes sociais?<\/p>\n<p>[\/vc_column_text][\/vc_column][\/vc_row][vc_row][vc_column width=&#8221;1\/2&#8243; css=&#8221;.vc_custom_1542895294227{padding-right: 60px !important;padding-left: 30px !important;}&#8221;][vc_custom_heading text=&#8221;Como funciona:&#8221; font_container=&#8221;tag:h3|font_size:26px|text_align:center|line_height:28px&#8221; google_fonts=&#8221;font_family:Roboto%3A100%2C100italic%2C300%2C300italic%2Cregular%2Citalic%2C500%2C500italic%2C700%2C700italic%2C900%2C900italic|font_style:400%20regular%3A400%3Anormal&#8221;][vc_row_inner][vc_column_inner][vc_custom_heading text=&#8221;Cadastre-se para receber os benef\u00edcios. \u00c9 fundamental que os dados sejam preenchidos corretamente, pois garantir\u00e3o seus ganhos pelas indica\u00e7\u00f5es.<\/p>\n<p>Dica: Escolha um apelido simples e de f\u00e1cil memoriza\u00e7\u00e3o para seus amigos. N\u00e3o pode ter espa\u00e7o entre as palavras.<br>Por exemplo: victordorecife&#8221; font_container=&#8221;tag:div|font_size:18px|text_align:left|line_height:22px&#8221; use_theme_fonts=&#8221;yes&#8221;][\/vc_column_inner][\/vc_row_inner][vc_row_inner][vc_column_inner][vc_custom_heading text=&#8221;A cada venda fechada usando seu cupom voc\u00ea ganha o mesmo valor do desconto oferecido, em dinheiro, depositado na sua conta banc\u00e1ria.<\/p>\n<p>N\u00e3o h\u00e1 limites para indica\u00e7\u00f5es!&#8221; font_container=&#8221;tag:div|font_size:18px|text_align:left|line_height:22px&#8221; use_theme_fonts=&#8221;yes&#8221;][\/vc_column_inner][\/vc_row_inner][vc_row_inner][vc_column_inner][vc_custom_heading text=&#8221;Tem alguma d\u00favida?<br>Nossa equipe est\u00e1 dispon\u00edvel para tirar d\u00favidas pelo Whatsapp de segunda \u00e0 sexta de 9h \u00e0s 18h e s\u00e1bados de 9h \u00e0s 16h, pelo n\u00famero (21) 99992-4522.&#8221; font_container=&#8221;tag:div|font_size:18px|text_align:left|line_height:22px&#8221; use_theme_fonts=&#8221;yes&#8221;][\/vc_column_inner][\/vc_row_inner][vc_custom_heading text=&#8221;Divulgue agora seu cupom nas redes sociais!&#8221; font_container=&#8221;tag:h3|font_size:26px|text_align:center|line_height:28px&#8221; google_fonts=&#8221;font_family:Roboto%3A100%2C100italic%2C300%2C300italic%2Cregular%2Citalic%2C500%2C500italic%2C700%2C700italic%2C900%2C900italic|font_style:400%20regular%3A400%3Anormal&#8221;][vc_row_inner][vc_column_inner][vc_single_image image=&#8221;7164&#8243; img_size=&#8221;70px&#8221; alignment=&#8221;center&#8221;][vc_custom_heading text=&#8221;&#8221; font_container=&#8221;tag:div|font_size:18px|text_align:left|line_height:22px&#8221; use_theme_fonts=&#8221;yes&#8221;][vc_single_image image=&#8221;7165&#8243; img_size=&#8221;70px&#8221; alignment=&#8221;center&#8221;][\/vc_column_inner][\/vc_row_inner][vc_empty_space height=&#8221;60px&#8221;][\/vc_column][vc_column width=&#8221;1\/2&#8243; css=&#8221;.vc_custom_1542896146846{padding-right: 30px !important;padding-left: 30px !important;}&#8221;][vc_custom_heading text=&#8221;Cadastre-se&#8221; font_container=&#8221;tag:h3|font_size:26px|text_align:center|line_height:28px&#8221; google_fonts=&#8221;font_family:Roboto%3A100%2C100italic%2C300%2C300italic%2Cregular%2Citalic%2C500%2C500italic%2C700%2C700italic%2C900%2C900italic|font_style:400%20regular%3A400%3Anormal&#8221;][vc_empty_space height=&#8221;30px&#8221;][vc_row_inner el_class=&#8221;indic&#8221; css=&#8221;.vc_custom_1542896381695{background-color: #f7f7f7 !important;}&#8221;][vc_column_inner]\n<div class=\"wpcf7 no-js\" id=\"wpcf7-f6849-o1\" lang=\"pt-BR\" dir=\"ltr\">\n<div class=\"screen-reader-response\"><p role=\"status\" aria-live=\"polite\" aria-atomic=\"true\"><\/p> <ul><\/ul><\/div>\n<form action=\"\/v1\/wp-json\/wp\/v2\/pages\/8942#wpcf7-f6849-o1\" method=\"post\" class=\"wpcf7-form init\" aria-label=\"Formul\u00e1rios de contato\" novalidate=\"novalidate\" data-status=\"init\">\n<div style=\"display: none;\">\n<input type=\"hidden\" name=\"_wpcf7\" value=\"6849\" \/>\n<input type=\"hidden\" name=\"_wpcf7_version\" value=\"5.9.8\" \/>\n<input type=\"hidden\" name=\"_wpcf7_locale\" value=\"pt_BR\" \/>\n<input type=\"hidden\" name=\"_wpcf7_unit_tag\" value=\"wpcf7-f6849-o1\" \/>\n<input type=\"hidden\" name=\"_wpcf7_container_post\" value=\"0\" \/>\n<input type=\"hidden\" name=\"_wpcf7_posted_data_hash\" value=\"\" \/>\n<\/div>\n<div class=\"col-12 col-sm-12 col-md-12 col-lg-12 col-xl-12 float-left\">\n\t<h3>Dados b\u00e1sicos\n\t<\/h3>\n<\/div>\n<div class=\"col-12 col-sm-12 col-md-12 col-lg-12 col-xl-12 float-left\">\n\t<p><span class=\"wpcf7-form-control-wrap\" data-name=\"your-name\"><input size=\"40\" maxlength=\"400\" class=\"wpcf7-form-control wpcf7-text wpcf7-validates-as-required\" aria-required=\"true\" aria-invalid=\"false\" placeholder=\"Nome completo\" value=\"\" type=\"text\" name=\"your-name\" \/><\/span>\n\t<\/p>\n<\/div>\n<div class=\"col-12 col-sm-12 col-md-12 col-lg-12 col-xl-12 float-left\">\n\t<p><span class=\"wpcf7-form-control-wrap\" data-name=\"your-email\"><input size=\"40\" maxlength=\"400\" class=\"wpcf7-form-control wpcf7-email wpcf7-validates-as-required wpcf7-text wpcf7-validates-as-email\" aria-required=\"true\" aria-invalid=\"false\" placeholder=\"E-mail\" value=\"\" type=\"email\" name=\"your-email\" \/><\/span>\n\t<\/p>\n<\/div>\n<div class=\"col-12 col-sm-12 col-md-12 col-lg-12 col-xl-12 float-left\">\n\t<p><span class=\"wpcf7-form-control-wrap\" data-name=\"apelido\"><input size=\"40\" maxlength=\"400\" class=\"wpcf7-form-control wpcf7-text wpcf7-validates-as-required\" aria-required=\"true\" aria-invalid=\"false\" placeholder=\"Nome do Cupom\" value=\"\" type=\"text\" name=\"apelido\" \/><\/span>\n\t<\/p>\n<\/div>\n<div class=\"col-12 col-sm-12 col-md-6 col-lg-6 col-xl-6 float-left\">\n\t<p><span class=\"wpcf7-form-control-wrap\" data-name=\"estado\"><input size=\"40\" maxlength=\"400\" class=\"wpcf7-form-control wpcf7-text wpcf7-validates-as-required\" aria-required=\"true\" aria-invalid=\"false\" placeholder=\"Seu Estado\" value=\"\" type=\"text\" name=\"estado\" \/><\/span>\n\t<\/p>\n<\/div>\n<div class=\"col-12 col-sm-12 col-md-6 col-lg-6 col-xl-6 float-left\">\n\t<p><span class=\"wpcf7-form-control-wrap\" data-name=\"cidade\"><input size=\"40\" maxlength=\"400\" class=\"wpcf7-form-control wpcf7-text wpcf7-validates-as-required\" aria-required=\"true\" aria-invalid=\"false\" placeholder=\"Sua Cidade\" value=\"\" type=\"text\" name=\"cidade\" \/><\/span>\n\t<\/p>\n<\/div>\n<div class=\"col-12 col-sm-12 col-md-6 col-lg-6 col-xl-6 float-left\">\n\t<p><span class=\"wpcf7-form-control-wrap\" data-name=\"your-phone\"><input size=\"40\" maxlength=\"400\" class=\"wpcf7-form-control wpcf7-tel wpcf7-validates-as-required wpcf7-text wpcf7-validates-as-tel\" aria-required=\"true\" aria-invalid=\"false\" placeholder=\"DDD + Telefone\" value=\"\" type=\"tel\" name=\"your-phone\" \/><\/span>\n\t<\/p>\n<\/div>\n<div class=\"col-12 col-sm-12 col-md-6 col-lg-6 col-xl-6 float-left\">\n\t<p><span class=\"wpcf7-form-control-wrap\" data-name=\"cpf\"><input size=\"40\" maxlength=\"400\" class=\"wpcf7-form-control wpcf7-text wpcf7-validates-as-required\" aria-required=\"true\" aria-invalid=\"false\" placeholder=\"CPF\" value=\"\" type=\"text\" name=\"cpf\" \/><\/span>\n\t<\/p>\n<\/div>\n<div class=\"col-12 col-sm-12 col-md-12 col-lg-12 col-xl-12 float-left\">\n\t<p><span class=\"wpcf7-form-control-wrap\" data-name=\"acceptance-814\"><span class=\"wpcf7-form-control wpcf7-acceptance\"><span class=\"wpcf7-list-item\"><label><input type=\"checkbox\" name=\"acceptance-814\" value=\"1\" aria-invalid=\"false\" \/><span class=\"wpcf7-list-item-label\">Aceito os <a href=\"https:\/\/mcaconcursos.com\/termos-de-servico\" target=\"_blank\">termos de participa\u00e7\u00e3o <\/a> no programa.<\/span><\/label><\/span><\/span><\/span>\n\t<\/p>\n<\/div>\n<div class=\"col-12 col-sm-12 col-md-12 col-lg-12 col-xl-12 float-left\">\n\t<p><input class=\"wpcf7-form-control wpcf7-submit has-spinner\" type=\"submit\" value=\"Enviar\" \/>\n\t<\/p>\n<\/div><input type='hidden' class='wpcf7-pum' value='{\"closepopup\":false,\"closedelay\":0,\"openpopup\":false,\"openpopup_id\":0}' \/><div class=\"wpcf7-response-output\" aria-hidden=\"true\"><\/div>\n<\/form>\n<\/div>\n[\/vc_column_inner][\/vc_row_inner][vc_empty_space height=&#8221;30px&#8221;][vc_row_inner][vc_column_inner][vc_custom_heading text=&#8221;Regras do programa&#8221; font_container=&#8221;tag:h3|font_size:18px|text_align:center|line_height:18px&#8221; google_fonts=&#8221;font_family:Roboto%3A100%2C100italic%2C300%2C300italic%2Cregular%2Citalic%2C500%2C500italic%2C700%2C700italic%2C900%2C900italic|font_style:400%20regular%3A400%3Anormal&#8221;][vc_empty_space height=&#8221;15px&#8221;][vc_column_text el_class=&#8221;indicacao-regras&#8221;]Lembrete sobre os cupons:<\/p>\n<ul>\n<li><span style=\"color: #ff0000;\">Nenhum cupom \u00e9 acumulativo (com outro cupom ou outra promo\u00e7\u00e3o)<\/span><\/li>\n<li>N\u00e3o h\u00e1 um limite de indica\u00e7\u00f5es ou de bonifica\u00e7\u00f5es.&nbsp; Por isso a import\u00e2ncia da divulga\u00e7\u00e3o para o maior n\u00famero de pessoas.<\/li>\n<li>A bonifica\u00e7\u00e3o ser\u00e1 paga em at\u00e9 30 dias ap\u00f3s o fechamento da compra.<\/li>\n<li>S\u00f3 ser\u00e1 feito o pagamento da recompensa quando ficar comprovada a indica\u00e7\u00e3o, atrav\u00e9s do cupom no nosso site no momento da matr\u00edcula.<\/li>\n<\/ul>\n<p>[\/vc_column_text][\/vc_column_inner][\/vc_row_inner][\/vc_column][\/vc_row]<\/p>\t\t\t\t\t\t<\/div>\n\t\t\t\t<\/div>\n\t\t\t\t\t<\/div>\n\t\t<\/div>\n\t\t\t\t\t<\/div>\n\t\t<\/section>\n\t\t\t\t<\/div>\n\t\t","protected":false},"excerpt":{"rendered":"<p>[vc_row el_class=&#8221;indique&#8221;][vc_column][vc_column_text] VOC\u00ca E O ALUNO INDICADO GANHAR\u00c3O 5% [\/vc_column_text][vc_custom_heading text=&#8221;O aluno indicado ganhar\u00e1 5% de desconto eVoc\u00ea receber\u00e1 o dobro do valor em dinheiro, via PIX &nbsp;ou o dobro&#8230;<\/p>\n","protected":false},"author":53,"featured_media":0,"parent":0,"menu_order":0,"comment_status":"closed","ping_status":"closed","template":"","meta":{"_monsterinsights_skip_tracking":false,"_monsterinsights_sitenote_active":false,"_monsterinsights_sitenote_note":"","_monsterinsights_sitenote_category":0,"footnotes":""},"acf":[],"jetpack_sharing_enabled":true,"_links":{"self":[{"href":"https:\/\/mcaconcursos.com\/v1\/wp-json\/wp\/v2\/pages\/8942"}],"collection":[{"href":"https:\/\/mcaconcursos.com\/v1\/wp-json\/wp\/v2\/pages"}],"about":[{"href":"https:\/\/mcaconcursos.com\/v1\/wp-json\/wp\/v2\/types\/page"}],"author":[{"embeddable":true,"href":"https:\/\/mcaconcursos.com\/v1\/wp-json\/wp\/v2\/users\/53"}],"replies":[{"embeddable":true,"href":"https:\/\/mcaconcursos.com\/v1\/wp-json\/wp\/v2\/comments?post=8942"}],"version-history":[{"count":9,"href":"https:\/\/mcaconcursos.com\/v1\/wp-json\/wp\/v2\/pages\/8942\/revisions"}],"predecessor-version":[{"id":89663,"href":"https:\/\/mcaconcursos.com\/v1\/wp-json\/wp\/v2\/pages\/8942\/revisions\/89663"}],"wp:attachment":[{"href":"https:\/\/mcaconcursos.com\/v1\/wp-json\/wp\/v2\/media?parent=8942"}],"curies":[{"name":"wp","href":"https:\/\/api.w.org\/{rel}","templated":true}]}}